{"id":4526,"date":"2016-03-07T04:07:18","date_gmt":"2016-03-07T04:07:18","guid":{"rendered":"http:\/\/educationwp.thimpress.com\/thim-2\/?page_id=4526"},"modified":"2024-05-06T12:37:49","modified_gmt":"2024-05-06T10:37:49","slug":"concurso","status":"publish","type":"page","link":"https:\/\/prodistele.com\/fabres\/concurso\/","title":{"rendered":"Concurso de fotograf\u00eda"},"content":{"rendered":"\t\t<div data-elementor-type=\"wp-post\" data-elementor-id=\"4526\" class=\"elementor elementor-4526\">\n\t\t\t\t\t\t\t<div class=\"elementor-element elementor-element-7123032 e-con-boxed e-con\" data-id=\"7123032\" data-element_type=\"container\" data-settings=\"{&quot;content_width&quot;:&quot;boxed&quot;}\">\n\t\t\t\t\t<div class=\"e-con-inner\">\n\t\t\t\t<div class=\"elementor-element elementor-element-d489009 elementor-widget elementor-widget-shortcode\" data-id=\"d489009\" data-element_type=\"widget\" data-widget_type=\"shortcode.default\">\n\t\t\t\t<div class=\"elementor-widget-container\">\n\t\t\t\t\t<div class=\"elementor-shortcode\"><div id=\"totalpoll\" class=\"totalpoll-wrapper totalpoll-uid-41259618f86012d80a0a06cde8173408 is-ltr is-screen-results\" totalpoll=\"16960\" totalpoll-uid=\"41259618f86012d80a0a06cde8173408\" totalpoll-screen=\"results\" totalpoll-ajax-url=\"https:\/\/prodistele.com\/fabres\/wp-admin\/admin-ajax.php?action=totalpoll&#038;totalpoll%5BpollId%5D=16960&#038;totalpoll%5Baction%5D=view&#038;totalpoll%5Bscreen%5D=results\"><script type=\"text\/totalpoll-config\" totalpoll-config=\"16960\">{\"ajaxEndpoint\":\"https:\\\/\\\/prodistele.com\\\/fabres\\\/wp-admin\\\/admin-ajax.php?action=totalpoll\",\"behaviours\":{\"ajax\":true,\"scrollUp\":true,\"async\":false},\"effects\":{\"transition\":\"none\",\"duration\":\"500\"},\"i18n\":{\"Previous\":\"Anterior\",\"Next\":\"Siguiente\",\"of\":\"of\",\"Something went wrong! Please try again.\":\"Something went wrong! Please try again.\"}}<\/script><link rel=\"stylesheet\" id=\"totalpoll-poll-41259618f86012d80a0a06cde8173408-css\"  href=\"https:\/\/prodistele.com\/fabres\/wp-content\/cache\/totalpoll\/css\/41259618f86012d80a0a06cde8173408.css\" type=\"text\/css\" media=\"all\" \/><div id=\"totalpoll-poll-16960\" class=\"totalpoll-container\"><form action=\"\" enctype=\"multipart\/form-data\" class=\"totalpoll-form\" method=\"POST\" novalidate=\"novalidate\">    <div class=\"totalpoll-message totalpoll-message-error\">Esta encuesta ha terminado (desde 1 a\u00f1o).<\/div>\n<div style=\"visibility: hidden; position: absolute; width: 0px; height: 0px;\">\n    <svg id=\"totalpoll-check-icon\" xmlns=\"http:\/\/www.w3.org\/2000\/svg\" width=\"24\" height=\"24\" viewBox=\"0 0 24 24\">\n        <path d=\"M0,0H24V24H0Z\" fill=\"none\"\/>\n        <path d=\"M9,15.1999l-4.2-4.2L2.3999,13.4,9,20.0001,22.0001,7,19.6,4.5999Z\"\/>\n    <\/svg>\n<\/div>\n    <div class=\"totalpoll-questions\">\n\t\t<div class=\"totalpoll-question\" >\n    <div class=\"totalpoll-question-container\">\n        <div class=\"totalpoll-question-content\" >\n\t\t\t<p><img loading=\"lazy\" decoding=\"async\" class=\"alignnone size-medium wp-image-15633\" src=\"https:\/\/prodistele.com\/fabres\/wp-content\/uploads\/2024\/04\/logo-funda-300x68.png\" alt=\"\" width=\"300\" height=\"68\" srcset=\"https:\/\/prodistele.com\/fabres\/wp-content\/uploads\/2024\/04\/logo-funda-300x68.png 300w, https:\/\/prodistele.com\/fabres\/wp-content\/uploads\/2024\/04\/logo-funda.png 629w\" sizes=\"auto, (max-width: 300px) 100vw, 300px\" \/><\/p>\n<h3><strong>CONCURSO DE FOTOGRAF\u00cdA<\/strong><\/h3>\n<p>Fecha l\u00edmite votaci\u00f3n: Hasta el 10 de mayo. Se pueden votar un m\u00e1ximo de 3 fotograf\u00edas. Pulse en las im\u00e1genes para verlas ampliadas.<\/p>\n        <\/div>\n\n        <div class=\"totalpoll-question-choices\">\n\t\t\t\t\t\t\t\t\t\t\t\t<div class=\"totalpoll-question-choices-item totalpoll-question-choices-item-results totalpoll-question-choices-item-type-image \" >\n    <div class=\"totalpoll-question-choices-item-container\">\n        \n\t\t            <div class=\"totalpoll-question-choices-item-content-container\">\n                <div class=\"totalpoll-question-choices-item-content\">\n\t\t\t\t\t\t\t\t\t\t\t                            <a href=\"https:\/\/prodistele.com\/fabres\/wp-content\/uploads\/2024\/04\/7.-RECORDANDO-COMIENZOS-DSC_3463.jpg\" class=\"totalpoll-modal-open\"\n                               totalpoll-modal=\"#embed-22491d52-2d45-4a7e-9254-b31ce370bb8d\">\n                                <img decoding=\"async\" src=\"https:\/\/prodistele.com\/fabres\/wp-content\/uploads\/2024\/04\/07thumb.jpg\">\n                            <\/a>\n\t\t\t\t\t\t                        <div class=\"totalpoll-embed-container totalpoll-embed-type-image\" id=\"embed-22491d52-2d45-4a7e-9254-b31ce370bb8d\">\n                            <img decoding=\"async\" src=\"https:\/\/prodistele.com\/fabres\/wp-content\/uploads\/2024\/04\/7.-RECORDANDO-COMIENZOS-DSC_3463.jpg\">\n                        <\/div>\n\t\t\t\t\t                <\/div>\n            <\/div>\n\t\t        \n        <div class=\"totalpoll-question-choices-item-label\">\n            <span >Recordando comienzos<\/span>\n            <div class=\"totalpoll-question-choices-item-votes\">\n                <div class=\"totalpoll-question-choices-item-votes-bar\" style=\"width: 16.10%\"><\/div>\n                <div class=\"totalpoll-question-choices-item-votes-text \">16.10%<\/div>\n            <\/div>\n        <\/div>\n    <\/div>\n<\/div>\n\t\t\t\t\t\t\t\t\t\t\t\t\t\t\t\t<div class=\"totalpoll-question-choices-item totalpoll-question-choices-item-results totalpoll-question-choices-item-type-image \" >\n    <div class=\"totalpoll-question-choices-item-container\">\n        \n\t\t            <div class=\"totalpoll-question-choices-item-content-container\">\n                <div class=\"totalpoll-question-choices-item-content\">\n\t\t\t\t\t\t\t\t\t\t\t                            <a href=\"https:\/\/prodistele.com\/fabres\/wp-content\/uploads\/2024\/05\/3.-La-Virgen-de-la-Vega-del-Fabres.jpg\" class=\"totalpoll-modal-open\"\n                               totalpoll-modal=\"#embed-aeca34d7-5f44-4600-a288-d1a3486e2781\">\n                                <img decoding=\"async\" src=\"https:\/\/prodistele.com\/fabres\/wp-content\/uploads\/2024\/05\/03thumb.jpg\">\n                            <\/a>\n\t\t\t\t\t\t                        <div class=\"totalpoll-embed-container totalpoll-embed-type-image\" id=\"embed-aeca34d7-5f44-4600-a288-d1a3486e2781\">\n                            <img decoding=\"async\" src=\"https:\/\/prodistele.com\/fabres\/wp-content\/uploads\/2024\/05\/3.-La-Virgen-de-la-Vega-del-Fabres.jpg\">\n                        <\/div>\n\t\t\t\t\t                <\/div>\n            <\/div>\n\t\t        \n        <div class=\"totalpoll-question-choices-item-label\">\n            <span >La Virgen de la Vega del Fabr\u00e9s<\/span>\n            <div class=\"totalpoll-question-choices-item-votes\">\n                <div class=\"totalpoll-question-choices-item-votes-bar\" style=\"width: 15.17%\"><\/div>\n                <div class=\"totalpoll-question-choices-item-votes-text \">15.17%<\/div>\n            <\/div>\n        <\/div>\n    <\/div>\n<\/div>\n\t\t\t\t\t\t\t\t\t\t\t\t\t\t\t\t<div class=\"totalpoll-question-choices-item totalpoll-question-choices-item-results totalpoll-question-choices-item-type-image \" >\n    <div class=\"totalpoll-question-choices-item-container\">\n        \n\t\t            <div class=\"totalpoll-question-choices-item-content-container\">\n                <div class=\"totalpoll-question-choices-item-content\">\n\t\t\t\t\t\t\t\t\t\t\t                            <a href=\"https:\/\/prodistele.com\/fabres\/wp-content\/uploads\/2024\/05\/4.-Iglesia-de-la-Vega-en-el-Centenario-Interior.jpg\" class=\"totalpoll-modal-open\"\n                               totalpoll-modal=\"#embed-a0eb053e-ecfd-4790-9405-e13efaa2a8f0\">\n                                <img decoding=\"async\" src=\"https:\/\/prodistele.com\/fabres\/wp-content\/uploads\/2024\/05\/04thumb.jpg\">\n                            <\/a>\n\t\t\t\t\t\t                        <div class=\"totalpoll-embed-container totalpoll-embed-type-image\" id=\"embed-a0eb053e-ecfd-4790-9405-e13efaa2a8f0\">\n                            <img decoding=\"async\" src=\"https:\/\/prodistele.com\/fabres\/wp-content\/uploads\/2024\/05\/4.-Iglesia-de-la-Vega-en-el-Centenario-Interior.jpg\">\n                        <\/div>\n\t\t\t\t\t                <\/div>\n            <\/div>\n\t\t        \n        <div class=\"totalpoll-question-choices-item-label\">\n            <span >Iglesia de la Vega en el Centenario. Interior<\/span>\n            <div class=\"totalpoll-question-choices-item-votes\">\n                <div class=\"totalpoll-question-choices-item-votes-bar\" style=\"width: 14.70%\"><\/div>\n                <div class=\"totalpoll-question-choices-item-votes-text \">14.70%<\/div>\n            <\/div>\n        <\/div>\n    <\/div>\n<\/div>\n\t\t\t\t\t\t\t\t\t\t\t\t\t\t\t\t<div class=\"totalpoll-question-choices-item totalpoll-question-choices-item-results totalpoll-question-choices-item-type-image \" >\n    <div class=\"totalpoll-question-choices-item-container\">\n        \n\t\t            <div class=\"totalpoll-question-choices-item-content-container\">\n                <div class=\"totalpoll-question-choices-item-content\">\n\t\t\t\t\t\t\t\t\t\t\t                            <a href=\"https:\/\/prodistele.com\/fabres\/wp-content\/uploads\/2024\/05\/5.-Iglesia-de-la-Vega-en-el-Centenario-Noche.jpg\" class=\"totalpoll-modal-open\"\n                               totalpoll-modal=\"#embed-317c0815-352c-4f46-b50b-ef20b69e1c75\">\n                                <img decoding=\"async\" src=\"https:\/\/prodistele.com\/fabres\/wp-content\/uploads\/2024\/05\/05thumb.jpg\">\n                            <\/a>\n\t\t\t\t\t\t                        <div class=\"totalpoll-embed-container totalpoll-embed-type-image\" id=\"embed-317c0815-352c-4f46-b50b-ef20b69e1c75\">\n                            <img decoding=\"async\" src=\"https:\/\/prodistele.com\/fabres\/wp-content\/uploads\/2024\/05\/5.-Iglesia-de-la-Vega-en-el-Centenario-Noche.jpg\">\n                        <\/div>\n\t\t\t\t\t                <\/div>\n            <\/div>\n\t\t        \n        <div class=\"totalpoll-question-choices-item-label\">\n            <span >Iglesia de la Vega en el Centenario. Noche<\/span>\n            <div class=\"totalpoll-question-choices-item-votes\">\n                <div class=\"totalpoll-question-choices-item-votes-bar\" style=\"width: 13.77%\"><\/div>\n                <div class=\"totalpoll-question-choices-item-votes-text \">13.77%<\/div>\n            <\/div>\n        <\/div>\n    <\/div>\n<\/div>\n\t\t\t\t\t\t\t\t\t\t\t\t\t\t\t\t<div class=\"totalpoll-question-choices-item totalpoll-question-choices-item-results totalpoll-question-choices-item-type-image \" >\n    <div class=\"totalpoll-question-choices-item-container\">\n        \n\t\t            <div class=\"totalpoll-question-choices-item-content-container\">\n                <div class=\"totalpoll-question-choices-item-content\">\n\t\t\t\t\t\t\t\t\t\t\t                            <a href=\"https:\/\/prodistele.com\/fabres\/wp-content\/uploads\/2024\/04\/8.-UNA-HISTORIA-EN-LA-HISTORIA-DSC_3491.jpg\" class=\"totalpoll-modal-open\"\n                               totalpoll-modal=\"#embed-a0417dba-8b3c-4013-89d4-b8b36d8ea87d\">\n                                <img decoding=\"async\" src=\"https:\/\/prodistele.com\/fabres\/wp-content\/uploads\/2024\/04\/08thumb.jpg\">\n                            <\/a>\n\t\t\t\t\t\t                        <div class=\"totalpoll-embed-container totalpoll-embed-type-image\" id=\"embed-a0417dba-8b3c-4013-89d4-b8b36d8ea87d\">\n                            <img decoding=\"async\" src=\"https:\/\/prodistele.com\/fabres\/wp-content\/uploads\/2024\/04\/8.-UNA-HISTORIA-EN-LA-HISTORIA-DSC_3491.jpg\">\n                        <\/div>\n\t\t\t\t\t                <\/div>\n            <\/div>\n\t\t        \n        <div class=\"totalpoll-question-choices-item-label\">\n            <span >Una historia en la historia<\/span>\n            <div class=\"totalpoll-question-choices-item-votes\">\n                <div class=\"totalpoll-question-choices-item-votes-bar\" style=\"width: 12.95%\"><\/div>\n                <div class=\"totalpoll-question-choices-item-votes-text \">12.95%<\/div>\n            <\/div>\n        <\/div>\n    <\/div>\n<\/div>\n\t\t\t\t\t\t\t\t\t\t\t\t\t\t\t\t<div class=\"totalpoll-question-choices-item totalpoll-question-choices-item-results totalpoll-question-choices-item-type-image \" >\n    <div class=\"totalpoll-question-choices-item-container\">\n        \n\t\t            <div class=\"totalpoll-question-choices-item-content-container\">\n                <div class=\"totalpoll-question-choices-item-content\">\n\t\t\t\t\t\t\t\t\t\t\t                            <a href=\"https:\/\/prodistele.com\/fabres\/wp-content\/uploads\/2024\/04\/6.-OXIDADA-PERO-NO-OLVIDADA-DSC_2592.jpg\" class=\"totalpoll-modal-open\"\n                               totalpoll-modal=\"#embed-98dd4629-2070-4bbc-8b78-3f4256086f66\">\n                                <img decoding=\"async\" src=\"https:\/\/prodistele.com\/fabres\/wp-content\/uploads\/2024\/04\/06thumb.jpg\">\n                            <\/a>\n\t\t\t\t\t\t                        <div class=\"totalpoll-embed-container totalpoll-embed-type-image\" id=\"embed-98dd4629-2070-4bbc-8b78-3f4256086f66\">\n                            <img decoding=\"async\" src=\"https:\/\/prodistele.com\/fabres\/wp-content\/uploads\/2024\/04\/6.-OXIDADA-PERO-NO-OLVIDADA-DSC_2592.jpg\">\n                        <\/div>\n\t\t\t\t\t                <\/div>\n            <\/div>\n\t\t        \n        <div class=\"totalpoll-question-choices-item-label\">\n            <span >Oxidada pero no olvidada<\/span>\n            <div class=\"totalpoll-question-choices-item-votes\">\n                <div class=\"totalpoll-question-choices-item-votes-bar\" style=\"width: 10.74%\"><\/div>\n                <div class=\"totalpoll-question-choices-item-votes-text \">10.74%<\/div>\n            <\/div>\n        <\/div>\n    <\/div>\n<\/div>\n\t\t\t\t\t\t\t\t\t\t\t\t\t\t\t\t<div class=\"totalpoll-question-choices-item totalpoll-question-choices-item-results totalpoll-question-choices-item-type-image \" >\n    <div class=\"totalpoll-question-choices-item-container\">\n        \n\t\t            <div class=\"totalpoll-question-choices-item-content-container\">\n                <div class=\"totalpoll-question-choices-item-content\">\n\t\t\t\t\t\t\t\t\t\t\t                            <a href=\"https:\/\/prodistele.com\/fabres\/wp-content\/uploads\/2024\/04\/11.-REFLEJO-DE-HISTORIA-DSC_3515.jpg\" class=\"totalpoll-modal-open\"\n                               totalpoll-modal=\"#embed-62eaf24f-50e2-4081-8fde-8a9655a72867\">\n                                <img decoding=\"async\" src=\"https:\/\/prodistele.com\/fabres\/wp-content\/uploads\/2024\/04\/11thumb.jpg\">\n                            <\/a>\n\t\t\t\t\t\t                        <div class=\"totalpoll-embed-container totalpoll-embed-type-image\" id=\"embed-62eaf24f-50e2-4081-8fde-8a9655a72867\">\n                            <img decoding=\"async\" src=\"https:\/\/prodistele.com\/fabres\/wp-content\/uploads\/2024\/04\/11.-REFLEJO-DE-HISTORIA-DSC_3515.jpg\">\n                        <\/div>\n\t\t\t\t\t                <\/div>\n            <\/div>\n\t\t        \n        <div class=\"totalpoll-question-choices-item-label\">\n            <span >Reflejo de historia<\/span>\n            <div class=\"totalpoll-question-choices-item-votes\">\n                <div class=\"totalpoll-question-choices-item-votes-bar\" style=\"width: 3.85%\"><\/div>\n                <div class=\"totalpoll-question-choices-item-votes-text \">3.85%<\/div>\n            <\/div>\n        <\/div>\n    <\/div>\n<\/div>\n\t\t\t\t\t\t\t\t\t\t\t\t\t\t\t\t<div class=\"totalpoll-question-choices-item totalpoll-question-choices-item-results totalpoll-question-choices-item-type-image \" >\n    <div class=\"totalpoll-question-choices-item-container\">\n        \n\t\t            <div class=\"totalpoll-question-choices-item-content-container\">\n                <div class=\"totalpoll-question-choices-item-content\">\n\t\t\t\t\t\t\t\t\t\t\t                            <a href=\"https:\/\/prodistele.com\/fabres\/wp-content\/uploads\/2024\/04\/10.-ENRAMADO-DSC_2608.jpg\" class=\"totalpoll-modal-open\"\n                               totalpoll-modal=\"#embed-d0f39314-659f-45a6-a01c-e2c2fe852567\">\n                                <img decoding=\"async\" src=\"https:\/\/prodistele.com\/fabres\/wp-content\/uploads\/2024\/04\/10thumb.jpg\">\n                            <\/a>\n\t\t\t\t\t\t                        <div class=\"totalpoll-embed-container totalpoll-embed-type-image\" id=\"embed-d0f39314-659f-45a6-a01c-e2c2fe852567\">\n                            <img decoding=\"async\" src=\"https:\/\/prodistele.com\/fabres\/wp-content\/uploads\/2024\/04\/10.-ENRAMADO-DSC_2608.jpg\">\n                        <\/div>\n\t\t\t\t\t                <\/div>\n            <\/div>\n\t\t        \n        <div class=\"totalpoll-question-choices-item-label\">\n            <span >Enramado<\/span>\n            <div class=\"totalpoll-question-choices-item-votes\">\n                <div class=\"totalpoll-question-choices-item-votes-bar\" style=\"width: 3.73%\"><\/div>\n                <div class=\"totalpoll-question-choices-item-votes-text \">3.73%<\/div>\n            <\/div>\n        <\/div>\n    <\/div>\n<\/div>\n\t\t\t\t\t\t\t\t\t\t\t\t\t\t\t\t<div class=\"totalpoll-question-choices-item totalpoll-question-choices-item-results totalpoll-question-choices-item-type-image \" >\n    <div class=\"totalpoll-question-choices-item-container\">\n        \n\t\t            <div class=\"totalpoll-question-choices-item-content-container\">\n                <div class=\"totalpoll-question-choices-item-content\">\n\t\t\t\t\t\t\t\t\t\t\t                            <a href=\"https:\/\/prodistele.com\/fabres\/wp-content\/uploads\/2024\/04\/9.-EL-TANIDO-DE-SANTA-MARIA-DSC_3521.jpg\" class=\"totalpoll-modal-open\"\n                               totalpoll-modal=\"#embed-ef9f3d71-c670-43a0-b61b-8430d7698414\">\n                                <img decoding=\"async\" src=\"https:\/\/prodistele.com\/fabres\/wp-content\/uploads\/2024\/04\/09thumb.jpg\">\n                            <\/a>\n\t\t\t\t\t\t                        <div class=\"totalpoll-embed-container totalpoll-embed-type-image\" id=\"embed-ef9f3d71-c670-43a0-b61b-8430d7698414\">\n                            <img decoding=\"async\" src=\"https:\/\/prodistele.com\/fabres\/wp-content\/uploads\/2024\/04\/9.-EL-TANIDO-DE-SANTA-MARIA-DSC_3521.jpg\">\n                        <\/div>\n\t\t\t\t\t                <\/div>\n            <\/div>\n\t\t        \n        <div class=\"totalpoll-question-choices-item-label\">\n            <span >El ta\u00f1ido de Santa Mar\u00eda<\/span>\n            <div class=\"totalpoll-question-choices-item-votes\">\n                <div class=\"totalpoll-question-choices-item-votes-bar\" style=\"width: 3.62%\"><\/div>\n                <div class=\"totalpoll-question-choices-item-votes-text \">3.62%<\/div>\n            <\/div>\n        <\/div>\n    <\/div>\n<\/div>\n\t\t\t\t\t\t\t\t\t\t\t\t\t\t\t\t<div class=\"totalpoll-question-choices-item totalpoll-question-choices-item-results totalpoll-question-choices-item-type-image \" >\n    <div class=\"totalpoll-question-choices-item-container\">\n        \n\t\t            <div class=\"totalpoll-question-choices-item-content-container\">\n                <div class=\"totalpoll-question-choices-item-content\">\n\t\t\t\t\t\t\t\t\t\t\t                            <a href=\"https:\/\/prodistele.com\/fabres\/wp-content\/uploads\/2024\/04\/1.-La-Granja-Rodriguez-Fabres-I-1.jpg\" class=\"totalpoll-modal-open\"\n                               totalpoll-modal=\"#embed-8eed4c3a-5913-4027-bb6b-ac6a9bbb3a1f\">\n                                <img decoding=\"async\" src=\"https:\/\/prodistele.com\/fabres\/wp-content\/uploads\/2024\/04\/01thumb.jpg\">\n                            <\/a>\n\t\t\t\t\t\t                        <div class=\"totalpoll-embed-container totalpoll-embed-type-image\" id=\"embed-8eed4c3a-5913-4027-bb6b-ac6a9bbb3a1f\">\n                            <img decoding=\"async\" src=\"https:\/\/prodistele.com\/fabres\/wp-content\/uploads\/2024\/04\/1.-La-Granja-Rodriguez-Fabres-I-1.jpg\">\n                        <\/div>\n\t\t\t\t\t                <\/div>\n            <\/div>\n\t\t        \n        <div class=\"totalpoll-question-choices-item-label\">\n            <span >La Granja Rodr\u00edguez Fabres 1<\/span>\n            <div class=\"totalpoll-question-choices-item-votes\">\n                <div class=\"totalpoll-question-choices-item-votes-bar\" style=\"width: 2.10%\"><\/div>\n                <div class=\"totalpoll-question-choices-item-votes-text \">2.10%<\/div>\n            <\/div>\n        <\/div>\n    <\/div>\n<\/div>\n\t\t\t\t\t\t\t\t\t\t\t\t\t\t\t\t<div class=\"totalpoll-question-choices-item totalpoll-question-choices-item-results totalpoll-question-choices-item-type-image \" >\n    <div class=\"totalpoll-question-choices-item-container\">\n        \n\t\t            <div class=\"totalpoll-question-choices-item-content-container\">\n                <div class=\"totalpoll-question-choices-item-content\">\n\t\t\t\t\t\t\t\t\t\t\t                            <a href=\"https:\/\/prodistele.com\/fabres\/wp-content\/uploads\/2024\/04\/2.-La-Granja-Rodriguez-Fabres-II-1.jpg\" class=\"totalpoll-modal-open\"\n                               totalpoll-modal=\"#embed-bbcf40cf-9b62-4a9a-8e3e-c78b390286d8\">\n                                <img decoding=\"async\" src=\"https:\/\/prodistele.com\/fabres\/wp-content\/uploads\/2024\/04\/02thumb.jpg\">\n                            <\/a>\n\t\t\t\t\t\t                        <div class=\"totalpoll-embed-container totalpoll-embed-type-image\" id=\"embed-bbcf40cf-9b62-4a9a-8e3e-c78b390286d8\">\n                            <img decoding=\"async\" src=\"https:\/\/prodistele.com\/fabres\/wp-content\/uploads\/2024\/04\/2.-La-Granja-Rodriguez-Fabres-II-1.jpg\">\n                        <\/div>\n\t\t\t\t\t                <\/div>\n            <\/div>\n\t\t        \n        <div class=\"totalpoll-question-choices-item-label\">\n            <span >La Granja Rodr\u00edguez Fabr\u00e9s II<\/span>\n            <div class=\"totalpoll-question-choices-item-votes\">\n                <div class=\"totalpoll-question-choices-item-votes-bar\" style=\"width: 1.63%\"><\/div>\n                <div class=\"totalpoll-question-choices-item-votes-text \">1.63%<\/div>\n            <\/div>\n        <\/div>\n    <\/div>\n<\/div>\n\t\t\t\t\t\t\t\t\t\t\t\t\t\t\t\t<div class=\"totalpoll-question-choices-item totalpoll-question-choices-item-results totalpoll-question-choices-item-type-image \" >\n    <div class=\"totalpoll-question-choices-item-container\">\n        \n\t\t            <div class=\"totalpoll-question-choices-item-content-container\">\n                <div class=\"totalpoll-question-choices-item-content\">\n\t\t\t\t\t\t\t\t\t\t\t                            <a href=\"https:\/\/prodistele.com\/fabres\/wp-content\/uploads\/2024\/04\/12.-Vicente-Rodriguez-Fabres-1.jpg\" class=\"totalpoll-modal-open\"\n                               totalpoll-modal=\"#embed-354e4436-88aa-4fa9-aad4-1d85e842a4a5\">\n                                <img decoding=\"async\" src=\"https:\/\/prodistele.com\/fabres\/wp-content\/uploads\/2024\/04\/12thumb.jpg\">\n                            <\/a>\n\t\t\t\t\t\t                        <div class=\"totalpoll-embed-container totalpoll-embed-type-image\" id=\"embed-354e4436-88aa-4fa9-aad4-1d85e842a4a5\">\n                            <img decoding=\"async\" src=\"https:\/\/prodistele.com\/fabres\/wp-content\/uploads\/2024\/04\/12.-Vicente-Rodriguez-Fabres-1.jpg\">\n                        <\/div>\n\t\t\t\t\t                <\/div>\n            <\/div>\n\t\t        \n        <div class=\"totalpoll-question-choices-item-label\">\n            <span >Vicente Rodr\u00edguez Fabr\u00e9s<\/span>\n            <div class=\"totalpoll-question-choices-item-votes\">\n                <div class=\"totalpoll-question-choices-item-votes-bar\" style=\"width: 1.63%\"><\/div>\n                <div class=\"totalpoll-question-choices-item-votes-text \">1.63%<\/div>\n            <\/div>\n        <\/div>\n    <\/div>\n<\/div>\n\t\t\t\t\t\t\t        <\/div>\n    <\/div>\n<\/div>\n    <\/div>\n\t<div class=\"totalpoll-form-hidden-fields\">\n\t<div class=\"totalpoll-form-page\"><div class=\"totalpoll-form-field-hidden\"><div class=\"totalpoll-form-field totalpoll-form-field-type-hidden totalpoll-column-full\"><div class=\"totalpoll-form-field-wrapper\"><input type=\"hidden\" name=\"totalpoll[screen]\" value=\"results\" class=\"totalpoll-form-field-input\"><div class=\"totalpoll-form-field-errors\"><\/div><\/div><\/div><\/div><div class=\"totalpoll-form-field-hidden\"><div class=\"totalpoll-form-field totalpoll-form-field-type-hidden totalpoll-column-full\"><div class=\"totalpoll-form-field-wrapper\"><input type=\"hidden\" name=\"totalpoll[pollId]\" value=\"16960\" class=\"totalpoll-form-field-input\"><div class=\"totalpoll-form-field-errors\"><\/div><\/div><\/div><\/div><div class=\"totalpoll-form-field-hidden\"><div class=\"totalpoll-form-field totalpoll-form-field-type-hidden totalpoll-column-full\"><div class=\"totalpoll-form-field-wrapper\"><input type=\"hidden\" name=\"totalpoll[action]\" value=\"\" class=\"totalpoll-form-field-input\"><div class=\"totalpoll-form-field-errors\"><\/div><\/div><\/div><\/div><\/div><\/div>\n<div class=\"totalpoll-buttons\">\n\t<\/div>\n<\/form><\/div><\/div><\/div>\n\t\t\t\t<\/div>\n\t\t\t\t<\/div>\n\t\t\t\t\t<\/div>\n\t\t\t\t<\/div>\n\t\t\t\t\t\t\t<\/div>\n\t\t","protected":false},"excerpt":{"rendered":"","protected":false},"author":1,"featured_media":0,"parent":0,"menu_order":0,"comment_status":"closed","ping_status":"closed","template":"page-templates\/blank-page.php","meta":{"inline_featured_image":false,"footnotes":""},"class_list":["post-4526","page","type-page","status-publish","hentry"],"_links":{"self":[{"href":"https:\/\/prodistele.com\/fabres\/wp-json\/wp\/v2\/pages\/4526","targetHints":{"allow":["GET"]}}],"collection":[{"href":"https:\/\/prodistele.com\/fabres\/wp-json\/wp\/v2\/pages"}],"about":[{"href":"https:\/\/prodistele.com\/fabres\/wp-json\/wp\/v2\/types\/page"}],"author":[{"embeddable":true,"href":"https:\/\/prodistele.com\/fabres\/wp-json\/wp\/v2\/users\/1"}],"replies":[{"embeddable":true,"href":"https:\/\/prodistele.com\/fabres\/wp-json\/wp\/v2\/comments?post=4526"}],"version-history":[{"count":17,"href":"https:\/\/prodistele.com\/fabres\/wp-json\/wp\/v2\/pages\/4526\/revisions"}],"predecessor-version":[{"id":17057,"href":"https:\/\/prodistele.com\/fabres\/wp-json\/wp\/v2\/pages\/4526\/revisions\/17057"}],"wp:attachment":[{"href":"https:\/\/prodistele.com\/fabres\/wp-json\/wp\/v2\/media?parent=4526"}],"curies":[{"name":"wp","href":"https:\/\/api.w.org\/{rel}","templated":true}]}}