{"id":17578,"date":"2025-04-28T11:39:25","date_gmt":"2025-04-28T09:39:25","guid":{"rendered":"https:\/\/prodistele.com\/fabres\/?page_id=17578"},"modified":"2025-04-28T11:40:43","modified_gmt":"2025-04-28T09:40:43","slug":"ii-concurso","status":"publish","type":"page","link":"https:\/\/prodistele.com\/fabres\/ii-concurso\/","title":{"rendered":"II Concurso de fotograf\u00eda"},"content":{"rendered":"\t\t<div data-elementor-type=\"wp-post\" data-elementor-id=\"17578\" class=\"elementor elementor-17578\">\n\t\t\t\t\t\t\t<div class=\"elementor-element elementor-element-7123032 e-con-boxed e-con\" data-id=\"7123032\" data-element_type=\"container\" data-settings=\"{&quot;content_width&quot;:&quot;boxed&quot;}\">\n\t\t\t\t\t<div class=\"e-con-inner\">\n\t\t\t\t<div class=\"elementor-element elementor-element-d489009 elementor-widget elementor-widget-shortcode\" data-id=\"d489009\" data-element_type=\"widget\" data-widget_type=\"shortcode.default\">\n\t\t\t\t<div class=\"elementor-widget-container\">\n\t\t\t\t\t<div class=\"elementor-shortcode\"><div id=\"totalpoll\" class=\"totalpoll-wrapper totalpoll-uid-41259618f86012d80a0a06cde8173408 is-ltr is-screen-results\" totalpoll=\"17544\" totalpoll-uid=\"41259618f86012d80a0a06cde8173408\" totalpoll-screen=\"results\" totalpoll-ajax-url=\"https:\/\/prodistele.com\/fabres\/wp-admin\/admin-ajax.php?action=totalpoll&#038;totalpoll%5BpollId%5D=17544&#038;totalpoll%5Baction%5D=view&#038;totalpoll%5Bscreen%5D=results\"><script type=\"text\/totalpoll-config\" totalpoll-config=\"17544\">{\"ajaxEndpoint\":\"https:\\\/\\\/prodistele.com\\\/fabres\\\/wp-admin\\\/admin-ajax.php?action=totalpoll\",\"behaviours\":{\"ajax\":true,\"scrollUp\":true,\"async\":false},\"effects\":{\"transition\":\"none\",\"duration\":\"500\"},\"i18n\":{\"Previous\":\"Anterior\",\"Next\":\"Siguiente\",\"of\":\"of\",\"Something went wrong! Please try again.\":\"Something went wrong! Please try again.\"}}<\/script><link rel=\"stylesheet\" id=\"totalpoll-poll-41259618f86012d80a0a06cde8173408-css\"  href=\"https:\/\/prodistele.com\/fabres\/wp-content\/cache\/totalpoll\/css\/41259618f86012d80a0a06cde8173408.css\" type=\"text\/css\" media=\"all\" \/><div id=\"totalpoll-poll-17544\" class=\"totalpoll-container\"><form action=\"\" enctype=\"multipart\/form-data\" class=\"totalpoll-form\" method=\"POST\" novalidate=\"novalidate\">    <div class=\"totalpoll-message totalpoll-message-error\">Esta encuesta ha terminado (desde 11 meses).<\/div>\n<div style=\"visibility: hidden; position: absolute; width: 0px; height: 0px;\">\n    <svg id=\"totalpoll-check-icon\" xmlns=\"http:\/\/www.w3.org\/2000\/svg\" width=\"24\" height=\"24\" viewBox=\"0 0 24 24\">\n        <path d=\"M0,0H24V24H0Z\" fill=\"none\"\/>\n        <path d=\"M9,15.1999l-4.2-4.2L2.3999,13.4,9,20.0001,22.0001,7,19.6,4.5999Z\"\/>\n    <\/svg>\n<\/div>\n    <div class=\"totalpoll-questions\">\n\t\t<div class=\"totalpoll-question\" >\n    <div class=\"totalpoll-question-container\">\n        <div class=\"totalpoll-question-content\" >\n\t\t\t<p><img loading=\"lazy\" decoding=\"async\" class=\"alignnone size-medium wp-image-15633\" src=\"https:\/\/prodistele.com\/fabres\/wp-content\/uploads\/2024\/04\/logo-funda-300x68.png\" alt=\"\" width=\"300\" height=\"68\" srcset=\"https:\/\/prodistele.com\/fabres\/wp-content\/uploads\/2024\/04\/logo-funda-300x68.png 300w, https:\/\/prodistele.com\/fabres\/wp-content\/uploads\/2024\/04\/logo-funda.png 629w\" sizes=\"auto, (max-width: 300px) 100vw, 300px\" \/><\/p>\n<h3><strong>CONCURSO DE FOTOGRAF\u00cdA<\/strong><\/h3>\n<p>Fecha l\u00edmite votaci\u00f3n: Hasta el 7 de mayo. Se pueden votar un m\u00e1ximo de 3 fotograf\u00edas. Pulse en las im\u00e1genes para verlas ampliadas.<\/p>\n        <\/div>\n\n        <div class=\"totalpoll-question-choices\">\n\t\t\t\t\t\t\t\t\t\t\t\t<div class=\"totalpoll-question-choices-item totalpoll-question-choices-item-results totalpoll-question-choices-item-type-image \" >\n    <div class=\"totalpoll-question-choices-item-container\">\n        \n\t\t            <div class=\"totalpoll-question-choices-item-content-container\">\n                <div class=\"totalpoll-question-choices-item-content\">\n\t\t\t\t\t\t\t\t\t\t\t                            <a href=\"https:\/\/prodistele.com\/fabres\/wp-content\/uploads\/2025\/04\/7.-ESPERANDO-UBICACION.jpg\" class=\"totalpoll-modal-open\"\n                               totalpoll-modal=\"#embed-98dd4629-2070-4bbc-8b78-3f4256086f66\">\n                                <img decoding=\"async\" src=\"https:\/\/prodistele.com\/fabres\/wp-content\/uploads\/2025\/04\/7.-ESPERANDO-UBICACION-thumb.jpg\">\n                            <\/a>\n\t\t\t\t\t\t                        <div class=\"totalpoll-embed-container totalpoll-embed-type-image\" id=\"embed-98dd4629-2070-4bbc-8b78-3f4256086f66\">\n                            <img decoding=\"async\" src=\"https:\/\/prodistele.com\/fabres\/wp-content\/uploads\/2025\/04\/7.-ESPERANDO-UBICACION.jpg\">\n                        <\/div>\n\t\t\t\t\t                <\/div>\n            <\/div>\n\t\t        \n        <div class=\"totalpoll-question-choices-item-label\">\n            <span >Esperando ubicaci\u00f3n<\/span>\n            <div class=\"totalpoll-question-choices-item-votes\">\n                <div class=\"totalpoll-question-choices-item-votes-bar\" style=\"width: 0.00%\"><\/div>\n                <div class=\"totalpoll-question-choices-item-votes-text is-zero\">0.00%<\/div>\n            <\/div>\n        <\/div>\n    <\/div>\n<\/div>\n\t\t\t\t\t\t\t\t\t\t\t\t\t\t\t\t<div class=\"totalpoll-question-choices-item totalpoll-question-choices-item-results totalpoll-question-choices-item-type-image \" >\n    <div class=\"totalpoll-question-choices-item-container\">\n        \n\t\t            <div class=\"totalpoll-question-choices-item-content-container\">\n                <div class=\"totalpoll-question-choices-item-content\">\n\t\t\t\t\t\t\t\t\t\t\t                            <a href=\"https:\/\/prodistele.com\/fabres\/wp-content\/uploads\/2025\/04\/6.-ELLA-TAMBIEN-LA-HA-HECHO-SU-HOGAR.jpg\" class=\"totalpoll-modal-open\"\n                               totalpoll-modal=\"#embed-22491d52-2d45-4a7e-9254-b31ce370bb8d\">\n                                <img decoding=\"async\" src=\"https:\/\/prodistele.com\/fabres\/wp-content\/uploads\/2025\/04\/6.-ELLA-TAMBIEN-LA-HA-HECHO-SU-HOGAR-thumb.jpg\">\n                            <\/a>\n\t\t\t\t\t\t                        <div class=\"totalpoll-embed-container totalpoll-embed-type-image\" id=\"embed-22491d52-2d45-4a7e-9254-b31ce370bb8d\">\n                            <img decoding=\"async\" src=\"https:\/\/prodistele.com\/fabres\/wp-content\/uploads\/2025\/04\/6.-ELLA-TAMBIEN-LA-HA-HECHO-SU-HOGAR.jpg\">\n                        <\/div>\n\t\t\t\t\t                <\/div>\n            <\/div>\n\t\t        \n        <div class=\"totalpoll-question-choices-item-label\">\n            <span >Ella tambi\u00e9n ha hecho su hogar<\/span>\n            <div class=\"totalpoll-question-choices-item-votes\">\n                <div class=\"totalpoll-question-choices-item-votes-bar\" style=\"width: 0.00%\"><\/div>\n                <div class=\"totalpoll-question-choices-item-votes-text is-zero\">0.00%<\/div>\n            <\/div>\n        <\/div>\n    <\/div>\n<\/div>\n\t\t\t\t\t\t\t\t\t\t\t\t\t\t\t\t<div class=\"totalpoll-question-choices-item totalpoll-question-choices-item-results totalpoll-question-choices-item-type-image \" >\n    <div class=\"totalpoll-question-choices-item-container\">\n        \n\t\t            <div class=\"totalpoll-question-choices-item-content-container\">\n                <div class=\"totalpoll-question-choices-item-content\">\n\t\t\t\t\t\t\t\t\t\t\t                            <a href=\"https:\/\/prodistele.com\/fabres\/wp-content\/uploads\/2025\/04\/5.-ABIERTO-AL-PUEBLO-QUE-A-TI-LLEGA.jpg\" class=\"totalpoll-modal-open\"\n                               totalpoll-modal=\"#embed-a0417dba-8b3c-4013-89d4-b8b36d8ea87d\">\n                                <img decoding=\"async\" src=\"https:\/\/prodistele.com\/fabres\/wp-content\/uploads\/2025\/04\/5.-ABIERTO-AL-PUEBLO-QUE-A-TI-LLEGA-thumb.jpg\">\n                            <\/a>\n\t\t\t\t\t\t                        <div class=\"totalpoll-embed-container totalpoll-embed-type-image\" id=\"embed-a0417dba-8b3c-4013-89d4-b8b36d8ea87d\">\n                            <img decoding=\"async\" src=\"https:\/\/prodistele.com\/fabres\/wp-content\/uploads\/2025\/04\/5.-ABIERTO-AL-PUEBLO-QUE-A-TI-LLEGA.jpg\">\n                        <\/div>\n\t\t\t\t\t                <\/div>\n            <\/div>\n\t\t        \n        <div class=\"totalpoll-question-choices-item-label\">\n            <span >Abierto al pueblo que a Ti llega<\/span>\n            <div class=\"totalpoll-question-choices-item-votes\">\n                <div class=\"totalpoll-question-choices-item-votes-bar\" style=\"width: 0.00%\"><\/div>\n                <div class=\"totalpoll-question-choices-item-votes-text is-zero\">0.00%<\/div>\n            <\/div>\n        <\/div>\n    <\/div>\n<\/div>\n\t\t\t\t\t\t\t\t\t\t\t\t\t\t\t\t<div class=\"totalpoll-question-choices-item totalpoll-question-choices-item-results totalpoll-question-choices-item-type-image \" >\n    <div class=\"totalpoll-question-choices-item-container\">\n        \n\t\t            <div class=\"totalpoll-question-choices-item-content-container\">\n                <div class=\"totalpoll-question-choices-item-content\">\n\t\t\t\t\t\t\t\t\t\t\t                            <a href=\"https:\/\/prodistele.com\/fabres\/wp-content\/uploads\/2025\/04\/4.-PREPARADO-PARA-LA-IX.jpg\" class=\"totalpoll-modal-open\"\n                               totalpoll-modal=\"#embed-ef9f3d71-c670-43a0-b61b-8430d7698414\">\n                                <img decoding=\"async\" src=\"https:\/\/prodistele.com\/fabres\/wp-content\/uploads\/2025\/04\/4.-PREPARADO-PARA-LA-IX-thumb.jpg\">\n                            <\/a>\n\t\t\t\t\t\t                        <div class=\"totalpoll-embed-container totalpoll-embed-type-image\" id=\"embed-ef9f3d71-c670-43a0-b61b-8430d7698414\">\n                            <img decoding=\"async\" src=\"https:\/\/prodistele.com\/fabres\/wp-content\/uploads\/2025\/04\/4.-PREPARADO-PARA-LA-IX.jpg\">\n                        <\/div>\n\t\t\t\t\t                <\/div>\n            <\/div>\n\t\t        \n        <div class=\"totalpoll-question-choices-item-label\">\n            <span >Preparado para la IX<\/span>\n            <div class=\"totalpoll-question-choices-item-votes\">\n                <div class=\"totalpoll-question-choices-item-votes-bar\" style=\"width: 0.00%\"><\/div>\n                <div class=\"totalpoll-question-choices-item-votes-text is-zero\">0.00%<\/div>\n            <\/div>\n        <\/div>\n    <\/div>\n<\/div>\n\t\t\t\t\t\t\t\t\t\t\t\t\t\t\t\t<div class=\"totalpoll-question-choices-item totalpoll-question-choices-item-results totalpoll-question-choices-item-type-image \" >\n    <div class=\"totalpoll-question-choices-item-container\">\n        \n\t\t            <div class=\"totalpoll-question-choices-item-content-container\">\n                <div class=\"totalpoll-question-choices-item-content\">\n\t\t\t\t\t\t\t\t\t\t\t                            <a href=\"https:\/\/prodistele.com\/fabres\/wp-content\/uploads\/2025\/04\/3.-NUESTRO-ADN.jpg\" class=\"totalpoll-modal-open\"\n                               totalpoll-modal=\"#embed-d0f39314-659f-45a6-a01c-e2c2fe852567\">\n                                <img decoding=\"async\" src=\"https:\/\/prodistele.com\/fabres\/wp-content\/uploads\/2025\/04\/3.-NUESTRO-ADN-thumb.jpg\">\n                            <\/a>\n\t\t\t\t\t\t                        <div class=\"totalpoll-embed-container totalpoll-embed-type-image\" id=\"embed-d0f39314-659f-45a6-a01c-e2c2fe852567\">\n                            <img decoding=\"async\" src=\"https:\/\/prodistele.com\/fabres\/wp-content\/uploads\/2025\/04\/3.-NUESTRO-ADN.jpg\">\n                        <\/div>\n\t\t\t\t\t                <\/div>\n            <\/div>\n\t\t        \n        <div class=\"totalpoll-question-choices-item-label\">\n            <span >Nuestro ADN<\/span>\n            <div class=\"totalpoll-question-choices-item-votes\">\n                <div class=\"totalpoll-question-choices-item-votes-bar\" style=\"width: 0.00%\"><\/div>\n                <div class=\"totalpoll-question-choices-item-votes-text is-zero\">0.00%<\/div>\n            <\/div>\n        <\/div>\n    <\/div>\n<\/div>\n\t\t\t\t\t\t\t\t\t\t\t\t\t\t\t\t<div class=\"totalpoll-question-choices-item totalpoll-question-choices-item-results totalpoll-question-choices-item-type-image \" >\n    <div class=\"totalpoll-question-choices-item-container\">\n        \n\t\t            <div class=\"totalpoll-question-choices-item-content-container\">\n                <div class=\"totalpoll-question-choices-item-content\">\n\t\t\t\t\t\t\t\t\t\t\t                            <a href=\"https:\/\/prodistele.com\/fabres\/wp-content\/uploads\/2025\/04\/2.-\u00a1CUANTOS-GOLES.jpg\" class=\"totalpoll-modal-open\"\n                               totalpoll-modal=\"#embed-62eaf24f-50e2-4081-8fde-8a9655a72867\">\n                                <img decoding=\"async\" src=\"https:\/\/prodistele.com\/fabres\/wp-content\/uploads\/2025\/04\/2.-\u00a1CUANTOS-GOLES-thumb.jpg\">\n                            <\/a>\n\t\t\t\t\t\t                        <div class=\"totalpoll-embed-container totalpoll-embed-type-image\" id=\"embed-62eaf24f-50e2-4081-8fde-8a9655a72867\">\n                            <img decoding=\"async\" src=\"https:\/\/prodistele.com\/fabres\/wp-content\/uploads\/2025\/04\/2.-\u00a1CUANTOS-GOLES.jpg\">\n                        <\/div>\n\t\t\t\t\t                <\/div>\n            <\/div>\n\t\t        \n        <div class=\"totalpoll-question-choices-item-label\">\n            <span >\u00a1Cu\u00e1ntos goles!<\/span>\n            <div class=\"totalpoll-question-choices-item-votes\">\n                <div class=\"totalpoll-question-choices-item-votes-bar\" style=\"width: 0.00%\"><\/div>\n                <div class=\"totalpoll-question-choices-item-votes-text is-zero\">0.00%<\/div>\n            <\/div>\n        <\/div>\n    <\/div>\n<\/div>\n\t\t\t\t\t\t\t\t\t\t\t\t\t\t\t\t<div class=\"totalpoll-question-choices-item totalpoll-question-choices-item-results totalpoll-question-choices-item-type-image \" >\n    <div class=\"totalpoll-question-choices-item-container\">\n        \n\t\t            <div class=\"totalpoll-question-choices-item-content-container\">\n                <div class=\"totalpoll-question-choices-item-content\">\n\t\t\t\t\t\t\t\t\t\t\t                            <a href=\"https:\/\/prodistele.com\/fabres\/wp-content\/uploads\/2025\/04\/1.-REPOSO.jpg\" class=\"totalpoll-modal-open\"\n                               totalpoll-modal=\"#embed-354e4436-88aa-4fa9-aad4-1d85e842a4a5\">\n                                <img decoding=\"async\" src=\"https:\/\/prodistele.com\/fabres\/wp-content\/uploads\/2025\/04\/1.-REPOSO-thumb.jpg\">\n                            <\/a>\n\t\t\t\t\t\t                        <div class=\"totalpoll-embed-container totalpoll-embed-type-image\" id=\"embed-354e4436-88aa-4fa9-aad4-1d85e842a4a5\">\n                            <img decoding=\"async\" src=\"https:\/\/prodistele.com\/fabres\/wp-content\/uploads\/2025\/04\/1.-REPOSO.jpg\">\n                        <\/div>\n\t\t\t\t\t                <\/div>\n            <\/div>\n\t\t        \n        <div class=\"totalpoll-question-choices-item-label\">\n            <span >Reposo<\/span>\n            <div class=\"totalpoll-question-choices-item-votes\">\n                <div class=\"totalpoll-question-choices-item-votes-bar\" style=\"width: 0.00%\"><\/div>\n                <div class=\"totalpoll-question-choices-item-votes-text is-zero\">0.00%<\/div>\n            <\/div>\n        <\/div>\n    <\/div>\n<\/div>\n\t\t\t\t\t\t\t        <\/div>\n    <\/div>\n<\/div>\n    <\/div>\n\t<div class=\"totalpoll-form-hidden-fields\">\n\t<div class=\"totalpoll-form-page\"><div class=\"totalpoll-form-field-hidden\"><div class=\"totalpoll-form-field totalpoll-form-field-type-hidden totalpoll-column-full\"><div class=\"totalpoll-form-field-wrapper\"><input type=\"hidden\" name=\"totalpoll[screen]\" value=\"results\" class=\"totalpoll-form-field-input\"><div class=\"totalpoll-form-field-errors\"><\/div><\/div><\/div><\/div><div class=\"totalpoll-form-field-hidden\"><div class=\"totalpoll-form-field totalpoll-form-field-type-hidden totalpoll-column-full\"><div class=\"totalpoll-form-field-wrapper\"><input type=\"hidden\" name=\"totalpoll[pollId]\" value=\"17544\" class=\"totalpoll-form-field-input\"><div class=\"totalpoll-form-field-errors\"><\/div><\/div><\/div><\/div><div class=\"totalpoll-form-field-hidden\"><div class=\"totalpoll-form-field totalpoll-form-field-type-hidden totalpoll-column-full\"><div class=\"totalpoll-form-field-wrapper\"><input type=\"hidden\" name=\"totalpoll[action]\" value=\"\" class=\"totalpoll-form-field-input\"><div class=\"totalpoll-form-field-errors\"><\/div><\/div><\/div><\/div><\/div><\/div>\n<div class=\"totalpoll-buttons\">\n\t<\/div>\n<\/form><\/div><\/div><\/div>\n\t\t\t\t<\/div>\n\t\t\t\t<\/div>\n\t\t\t\t\t<\/div>\n\t\t\t\t<\/div>\n\t\t\t\t\t\t\t<\/div>\n\t\t","protected":false},"excerpt":{"rendered":"","protected":false},"author":1,"featured_media":0,"parent":0,"menu_order":0,"comment_status":"closed","ping_status":"closed","template":"page-templates\/blank-page.php","meta":{"inline_featured_image":false,"footnotes":""},"class_list":["post-17578","page","type-page","status-publish","hentry"],"_links":{"self":[{"href":"https:\/\/prodistele.com\/fabres\/wp-json\/wp\/v2\/pages\/17578","targetHints":{"allow":["GET"]}}],"collection":[{"href":"https:\/\/prodistele.com\/fabres\/wp-json\/wp\/v2\/pages"}],"about":[{"href":"https:\/\/prodistele.com\/fabres\/wp-json\/wp\/v2\/types\/page"}],"author":[{"embeddable":true,"href":"https:\/\/prodistele.com\/fabres\/wp-json\/wp\/v2\/users\/1"}],"replies":[{"embeddable":true,"href":"https:\/\/prodistele.com\/fabres\/wp-json\/wp\/v2\/comments?post=17578"}],"version-history":[{"count":4,"href":"https:\/\/prodistele.com\/fabres\/wp-json\/wp\/v2\/pages\/17578\/revisions"}],"predecessor-version":[{"id":17582,"href":"https:\/\/prodistele.com\/fabres\/wp-json\/wp\/v2\/pages\/17578\/revisions\/17582"}],"wp:attachment":[{"href":"https:\/\/prodistele.com\/fabres\/wp-json\/wp\/v2\/media?parent=17578"}],"curies":[{"name":"wp","href":"https:\/\/api.w.org\/{rel}","templated":true}]}}