{"id":17436,"date":"2024-07-05T11:17:30","date_gmt":"2024-07-05T09:17:30","guid":{"rendered":"https:\/\/prodistele.com\/fabres\/?page_id=17436"},"modified":"2024-07-05T11:21:41","modified_gmt":"2024-07-05T09:21:41","slug":"constitucion-2","status":"publish","type":"page","link":"https:\/\/prodistele.com\/fabres\/quienes-somos\/constitucion-2\/","title":{"rendered":"Constituci\u00f3n"},"content":{"rendered":"\t\t<div data-elementor-type=\"wp-page\" data-elementor-id=\"17436\" class=\"elementor elementor-17436\">\n\t\t\t\t\t\t\t<div class=\"elementor-element elementor-element-eaeedc6 e-con-boxed e-con\" data-id=\"eaeedc6\" data-element_type=\"container\" data-settings=\"{&quot;content_width&quot;:&quot;boxed&quot;}\">\n\t\t\t\t\t<div class=\"e-con-inner\">\n\t\t<div class=\"elementor-element elementor-element-215a29d e-con-full e-con\" data-id=\"215a29d\" data-element_type=\"container\" data-settings=\"{&quot;content_width&quot;:&quot;full&quot;}\">\n\t\t\t\t<div class=\"elementor-element elementor-element-f0da1db elementor-widget elementor-widget-text-editor\" data-id=\"f0da1db\" data-element_type=\"widget\" data-widget_type=\"text-editor.default\">\n\t\t\t\t<div class=\"elementor-widget-container\">\n\t\t\t<style>\/*! elementor - v3.8.1 - 13-11-2022 *\/\n.elementor-widget-text-editor.elementor-drop-cap-view-stacked .elementor-drop-cap{background-color:#818a91;color:#fff}.elementor-widget-text-editor.elementor-drop-cap-view-framed .elementor-drop-cap{color:#818a91;border:3px solid;background-color:transparent}.elementor-widget-text-editor:not(.elementor-drop-cap-view-default) .elementor-drop-cap{margin-top:8px}.elementor-widget-text-editor:not(.elementor-drop-cap-view-default) .elementor-drop-cap-letter{width:1em;height:1em}.elementor-widget-text-editor .elementor-drop-cap{float:left;text-align:center;line-height:1;font-size:50px}.elementor-widget-text-editor .elementor-drop-cap-letter{display:inline-block}<\/style>\t\t\t\t<h2>I.- CONSTITUCI\u00d3N y FINES.<\/h2><p>La Fundaci\u00f3n Vicente Rodr\u00edguez Fabr\u00e9s es una instituci\u00f3n ben\u00e9fica sin \u00e1nimo de lucro constituida en 1914 por voluntad de Don Vicente Rodr\u00edguez Fabr\u00e9s.<\/p><p>El domicilio social est\u00e1 en Salamanca, Paseo del Tormes, n\u00fam. 31-77. Se halla inscrita en el Registro de Fundaciones de Castilla y Le\u00f3n con el n\u00fam. 37\/0022 y es titular del C.I.F. G-37014925.<\/p><p>Fines de la Fundaci\u00f3n:<\/p><p>1\u00ba.- La educaci\u00f3n de j\u00f3venes pertenecientes a familias necesitadas mediante la concesi\u00f3n de becas de residencia en r\u00e9gimen de alojamiento completo y gratuito para cursar Educaci\u00f3n Secundaria Obligatoria, Programas de Cualificaci\u00f3n Profesional Inicial, Ciclos Formativos de Grado Medio o Superior y Bachillerato, con la posibilidad de renovar la beca para cursar Estudios Universitarios, incluido el Doctorado.<\/p><p>2\u00ba.- Atenci\u00f3n y cuidado de personas mayores ancianas necesitadas.<\/p><p>3\u00ba.- Procurar la ense\u00f1anza te\u00f3rico-pr\u00e1ctica de la agricultura y verificaci\u00f3n de ensayos de nuevos cultivos o la mejora de los usados en la provincia de Salamanca.<\/p><p>4\u00ba.- Habilitaci\u00f3n y ornamentaci\u00f3n de la Iglesia de Santa Mar\u00eda de la Vega.<\/p><h2>II.- PATRONATO.<\/h2><p>La Fundaci\u00f3n est\u00e1 dirigida por un Patronato compuesto por ocho miembros:<\/p><p>Presidente: el Obispo de la Di\u00f3cesis de Salamanca.<\/p><p>Vicepresidente: el De\u00e1n de la Catedral de Salamanca.<\/p><p>Vocales:<br \/>El Alcalde del Ayuntamiento de Salamanca.<\/p><p>El Presidente de la Diputaci\u00f3n Provincial de Salamanca.<\/p><p>El Rector de la Universidad de Salamanca.<\/p><p>Un agricultor de la provincia de Salamanca<\/p><p>Un representante de los Antiguos alumnos de la Fundaci\u00f3n<\/p><p>Un Jurista de reconocido prestigio.<\/p><h2>III.- ESTATUTOS.<\/h2><p>Los Estatutos vigentes de la Fundaci\u00f3n fueron aprobados por el Patronato en junta celebrada el 9 de abril de 2001 bajo la supervisi\u00f3n del Servicio de Fundaciones de Castilla y Le\u00f3n, siendo posteriormente elevados a escritura p\u00fablica.<\/p><h2>IV.- MEMORIA DE ACTIVIDADES.<\/h2><p>Los Estatutos vigentes de la Fundaci\u00f3n fueron aprobados por el Patronato en junta celebrada el 9 de abril de 2001 bajo la supervisi\u00f3n del Servicio de Fundaciones de Castilla y Le\u00f3n, siendo posteriormente elevados a escritura p\u00fablica.<\/p><p><strong>1\u00ba.-<\/strong>\u00a0<strong>Educaci\u00f3n, formaci\u00f3n y becas de residencia.<\/strong><\/p><p><strong>A)<\/strong>\u00a0La Fundaci\u00f3n ofrece anualmente 100 becas de alojamiento completo y gratuito en la Residencia mixta adscrita al Instituto Rodr\u00edguez Fabr\u00e9s para alumnos que cursen Educaci\u00f3n Secundaria Obligatoria, Programas de Cualificaci\u00f3n Profesional Inicial, Ciclos Formativos de Grado Medio o Superior y Bachillerato.\u00a0<strong>\u00a0<\/strong><\/p><p>En virtud del Convenio de Colaboraci\u00f3n suscrito por la Fundaci\u00f3n y la Consejer\u00eda de Educaci\u00f3n de la Junta de Castilla-Le\u00f3n, aqu\u00e9lla cede gratuitamente a \u00e9sta las edificaciones y terrenos que ocupa el Instituto Rodr\u00edguez Fabr\u00e9s y la Residencia adscrita.<\/p><p>La Consejer\u00eda de Educaci\u00f3n imparte ense\u00f1anzas regladas de educaci\u00f3n no universitaria, asume el gasto de funcionamiento del Instituto y la Residencia, y contrae la obligaci\u00f3n de mantener en buen estado de conservaci\u00f3n las edificaciones y terrenos cedidos.<\/p><p>En contrapartida la Residencia acoger\u00e1 a lo largo del curso escolar en r\u00e9gimen de internado y con car\u00e1cter gratuito a un m\u00e1ximo de 100 becarios seleccionados por la Fundaci\u00f3n.<\/p><p><strong>B)<\/strong>\u00a0Adem\u00e1s, la Fundaci\u00f3n ofrece anualmente 22 plazas de alojamiento en su propia Residencia masculina para alumnos que habiendo superado la Educaci\u00f3n Secundaria Obligatoria deciden continuar sus estudios cursando Ciclos Formativos de Grado Medio o Superior y Bachillerato, teniendo la posibilidad de renovar la beca para continuar Estudios Universitarios, incluido el Doctorado.<\/p><p>A tenor de lo dispuesto en el art\u00edculo 41 de los Estatutos de la Fundaci\u00f3n cuando no se cubre la totalidad de plazas por alumnos procedentes de Educaci\u00f3n Secundaria Obligatoria, con car\u00e1cter excepcional y de forma temporal durante el curso escolar, se pueden admitir en la Residencia como becarios parciales a alumnos que contribuyen con una cantidad inferior al 50% del coste real del alojamiento.<\/p><p>La condici\u00f3n de becario parcial se pierde cuando la plaza se cubre por un alumno que habiendo finalizado la Educaci\u00f3n Secundaria Obligatoria obtiene beca de alojamiento en la Residencia para continuar sus estudios.<\/p><p><strong>2\u00ba.- Atenci\u00f3n a ancianos.<\/strong><\/p><p>El Patronato anualmente suscribe convenios de colaboraci\u00f3n con Instituciones dedicadas al cuidado y atenci\u00f3n de personas mayores aportando cuantiosas ayudas econ\u00f3micas para cubrir las necesidades b\u00e1sicas de las personas mas desvalidas de la sociedad.<\/p><p><strong>3\u00ba.- Agricultura.<\/strong><\/p><p>Durante los cursos acad\u00e9micos 2004 a 2006 la Fundaci\u00f3n Rodr\u00edguez Fabr\u00e9s, en colaboraci\u00f3n con la Facultad de Ciencias Agrarias y Ambientales de la Universidad de Salamanca, dot\u00f3 una beca al proyecto de fin de carrera en la especialidad de Explotaciones Agrarias denominado \u201cMejora de las fincas Tres Cuartos y El Conejal\u201d, sitas en El Cubo de Don Sancho.<\/p><p><strong>4\u00ba.- Iglesia de Santa Mar\u00eda de la Vega.<\/strong><\/p><p>La Iglesia de Santa Mar\u00eda de la Vega (siglo XVI) y la Capilla de los Arcos Rom\u00e1nicos (siglo XII) est\u00e1n declarados Bien de Inter\u00e9s Cultural con la categor\u00eda de Monumento.<\/p><p>Con motivo de las actividades programadas para la celebraci\u00f3n del XX Aniversario de la designaci\u00f3n de Salamanca \u201cCiudad Patrimonio de la Humanidad\u201d, la Iglesia de Santa Mar\u00eda de la Vega y la Capilla de los Arcos Rom\u00e1nicos fueron incluidas en el Programa \u201cLas Llaves de la Ciudad, 2008\u201d que ofrec\u00eda a los ciudadanos la oportunidad de realizar una visita teatralizada.<\/p><p>El Monumento se abre al p\u00fablico los cuatro primeros mi\u00e9rcoles de cada mes de 18 a 19 horas.<\/p><h2>V.- RECURSOS ECONOMICOS.<\/h2><p>La Fundaci\u00f3n es titular de un patrimonio formado por bienes inmuebles r\u00fasticos y urbanos, cuyos rendimientos se destinan a cumplir los fines sociales.<\/p><p>Se trata de una instituci\u00f3n privada que se autofinancia con sus propios medios y no recibe ning\u00fan tipo de ayuda o subvenci\u00f3n p\u00fablica.<\/p><p>En consecuencia, el Patronato para poder cumplir con eficacia los fines sociales tiene que obtener del patrimonio la mayor rentabilidad posible.<\/p><h2>VI.- REGIMEN JUR\u00cdDICO.<\/h2><p>La legislaci\u00f3n auton\u00f3mica, Ley 13\/2002, de 15 de julio, de Fundaciones de Castilla y Le\u00f3n (BOCYL 19-7-2002), en su art\u00edculo 21 establece como principio b\u00e1sico de las Fundaciones\u00a0<em>dar informaci\u00f3n suficiente de los fines y actividades para que sean conocidos por sus eventuales beneficiarios y dem\u00e1s interesados.\u00a0<\/em>El mismo precepto se\u00f1ala que\u00a0<em>todas las actuaciones de la Fundaci\u00f3n deben estar dirigidas al cumplimiento de sus fines y al que deber\u00e1n destinarse efectivamente las rentas y recursos obtenidos.<\/em><strong>\u00a0<\/strong><\/p><p>El art\u00edculo 23 dice que\u00a0<em>el desarrollo de las actividades de la Fundaci\u00f3n se financiar\u00e1 con los recursos que provengan del rendimiento de su patrimonio.<\/em><\/p><p>Respecto al gobierno de la Fundaci\u00f3n, los art\u00edculos 13 y 16 advierten que\u00a0<em>los Patronos no podr\u00e1n recibir retribuci\u00f3n alguna por el ejercicio de sus funciones en el Patronato, deben desempe\u00f1ar el cargo con diligencia y responder\u00e1n de su gesti\u00f3n<\/em>.<\/p><p>La legislaci\u00f3n estatal, Ley 50\/2002, de 26 de diciembre, de Fundaciones (BOE 27-12-2002), en su art\u00edculo 14 se\u00f1ala que\u00a0<em>corresponde al Patronato cumplir los fines fundacionales y administrar con diligencia los bienes y derechos que integran el patrimonio de la fundaci\u00f3n, manteniendo el rendimiento y utilidad de los mismos<\/em>.<\/p><p>El art\u00edculo 17 previene que los Patronos\u00a0<em>deber\u00e1n desempe\u00f1ar el cargo con la diligencia de un representante leal<\/em>\u00a0y\u00a0<em>responder\u00e1n\u00a0 frente a la Fundaci\u00f3n de los da\u00f1os y perjuicios que causen por actos contrarios a la Ley o a los Estatutos o por los realiza-dos sin la diligencia con la que deben desempe\u00f1ar el cargo<\/em>.<\/p><p>El art\u00edculo 24 de la norma auton\u00f3mica impone al\u00a0<em>Patronato de la Fundaci\u00f3n la obligaci\u00f3n de rendir cuentas, todos los a\u00f1os al Protectorado de Fundaciones de la Jun-ta de Castilla y Le\u00f3n.<\/em><\/p><p>Y el art\u00edculo 33 faculta al Protectorado de Fundaciones para\u00a0<em>comprobar la aplicaci\u00f3n de los recursos de la Fundaci\u00f3n al cumplimiento de los fines fundacionales.<\/em><\/p><h2>VII.- CONCLUSIONES.<\/h2><p>Desde el a\u00f1o 1914 la Fundaci\u00f3n Vicente Rodr\u00edguez Fabr\u00e9s viene desarrollando una gran labor social con las personas mas desfavorecidas de la sociedad.<\/p><p>Atiende a la formaci\u00f3n, alojamiento y manutenci\u00f3n de j\u00f3venes estudiantes pertenecientes a familias necesitadas.<\/p><p>Tambi\u00e9n cubre las necesidades b\u00e1sicas de personas mayores ancianas mediante la concesi\u00f3n de ayudas econ\u00f3micas a Instituciones dedicadas a su cuidado.<\/p><p>A lo largo de casi un siglo han sido miles los ni\u00f1os, j\u00f3venes y ancianos que han pasado por las instalaciones de la Fundaci\u00f3n recibiendo educaci\u00f3n, alojamiento y asistencia o han sido beneficiarios de sus ayudas.<\/p><p>El Patronato est\u00e1 firmemente comprometido con esta gran labor social dando as\u00ed fiel cumplimiento a la voluntad de Don Vicente Rodr\u00edguez Fabr\u00e9s.<\/p>\t\t\t\t\t\t<\/div>\n\t\t\t\t<\/div>\n\t\t\t\t<div class=\"elementor-element elementor-element-ee37676 elementor-widget elementor-widget-text-editor\" data-id=\"ee37676\" data-element_type=\"widget\" data-widget_type=\"text-editor.default\">\n\t\t\t\t<div class=\"elementor-widget-container\">\n\t\t\t\t\t\t\t<div class=\"wptb-table-container wptb-table-15912\"><div class=\"wptb-table-container-matrix\" id=\"wptb-table-id-15912\" data-wptb-version=\"1.4.13\" data-wptb-pro-status=\"true\"><table class=\"wptb-preview-table wptb-element-main-table_setting-15740\" data-reconstraction=\"1\" style=\"border-width: 0px; border-style: solid; border-image: initial;\" data-wptb-table-tds-sum-max-width=\"650\" data-wptb-cells-width-auto-count=\"5\" data-wptb-horizontal-scroll-status=\"false\" data-wptb-extra-styles=\"LyogRW50ZXIgeW91ciBjdXN0b20gQ1NTIHJ1bGVzIGhlcmUgKi8=\" role=\"table\" data-wptb-header-background-color=\"#FFFFFFFF\" data-table-columns=\"5\" data-wptb-responsive-directives=\"eyJyZXNwb25zaXZlRW5hYmxlZCI6dHJ1ZSwicmVzcG9uc2l2ZU1vZGUiOiJhdXRvIiwicHJlc2VydmVSb3dDb2xvciI6ZmFsc2UsInJlbGF0aXZlV2lkdGgiOiJ3aW5kb3ciLCJoZWFkZXJGdWxseU1lcmdlZCI6ZmFsc2UsIm1vZGVPcHRpb25zIjp7ImF1dG8iOnsiZGlzYWJsZWQiOnsiZGVza3RvcCI6ZmFsc2UsInRhYmxldCI6ZmFsc2UsIm1vYmlsZSI6ZmFsc2V9LCJ0b3BSb3dBc0hlYWRlciI6eyJkZXNrdG9wIjpmYWxzZSwidGFibGV0IjpmYWxzZSwibW9iaWxlIjpmYWxzZX0sInJlcGVhdE1lcmdlZEhlYWRlciI6eyJkZXNrdG9wIjp0cnVlLCJ0YWJsZXQiOnRydWUsIm1vYmlsZSI6dHJ1ZX0sInN0YXRpY1RvcFJvdyI6eyJkZXNrdG9wIjpmYWxzZSwidGFibGV0Ijp0cnVlLCJtb2JpbGUiOnRydWV9LCJjZWxsU3RhY2tEaXJlY3Rpb24iOnsiZGVza3RvcCI6InJvdyIsInRhYmxldCI6ImNvbHVtbiIsIm1vYmlsZSI6InJvdyJ9LCJjZWxsc1BlclJvdyI6eyJkZXNrdG9wIjoxLCJ0YWJsZXQiOjIsIm1vYmlsZSI6MX19fSwiYnJlYWtwb2ludHMiOnsiZGVza3RvcCI6eyJuYW1lIjoiZGVza3RvcCIsIndpZHRoIjoxMDI0fSwidGFibGV0Ijp7Im5hbWUiOiJ0YWJsZXQiLCJ3aWR0aCI6NzAwfSwibW9iaWxlIjp7Im5hbWUiOiJtb2JpbGUiLCJ3aWR0aCI6MzAwfX19\" data-wptb-adaptive-table=\"0\" data-wptb-table-directives=\"eyJpbm5lckJvcmRlcnMiOnsiYWN0aXZlIjoiYWxsIiwiYm9yZGVyV2lkdGgiOiIxIiwiYm9yZGVyUmFkaXVzZXMiOnsiYWxsIjpudWxsfX19\" data-wptb-even-row-background-color=\"#FFFFFFFF\" data-wptb-odd-row-background-color=\"#FFFFFFFF\"><tbody><tr class=\"wptb-row\" style=\"--hover-bg-color: undefined; background-color: rgb(255, 255, 255);\"><td class=\"wptb-cell\" style=\"border-width: 1px; border-style: none; border-image: initial;\" data-x-index=\"0\" data-y-index=\"0\" data-wptb-css-td-auto-width=\"true\"><div class=\"wptb-custom_html-container wptb-ph-element wptb-element-custom_html-4\" style=\"padding: 0px; margin: 0px;\"><div class=\"wptb-custom-html-wrapper\" data-wptb-new-element=\"1\" style=\"position: relative;\"><p align=\"center\"><img loading=\"lazy\" decoding=\"async\" src=\"https:\/\/prodistele.com\/fabres\/wp-content\/uploads\/2024\/04\/diputacion.jpg\" width=\"150\" height=\"76\"><\/p><\/div><\/div><\/td><td class=\"wptb-cell\" style=\"border-width: 1px; border-style: none; border-image: initial;\" data-x-index=\"1\" data-y-index=\"0\" data-wptb-css-td-auto-width=\"true\"><div class=\"wptb-custom_html-container wptb-ph-element wptb-element-custom_html-6\" style=\"padding: 0px; margin: 0px;\"><div class=\"wptb-custom-html-wrapper\" data-wptb-new-element=\"1\" style=\"position: relative;\"><p align=\"center\"><img loading=\"lazy\" decoding=\"async\" src=\"https:\/\/prodistele.com\/fabres\/wp-content\/uploads\/2024\/04\/ayto.jpg\" width=\"150\" height=\"83\"><\/p><\/div><\/div><\/td><td class=\"wptb-cell\" style=\"border-width: 1px; border-style: none; border-image: initial;\" data-x-index=\"2\" data-y-index=\"0\" data-wptb-css-td-auto-width=\"true\"><div class=\"wptb-custom_html-container wptb-ph-element wptb-element-custom_html-5\" style=\"padding: 0px; margin: 0px;\"><div class=\"wptb-custom-html-wrapper\" data-wptb-new-element=\"1\" style=\"position: relative;\"><p align=\"center\"><img loading=\"lazy\" decoding=\"async\" src=\"https:\/\/prodistele.com\/fabres\/wp-content\/uploads\/2024\/04\/diocesis.jpg\" width=\"150\" height=\"76\"><\/p><\/div><\/div><\/td><td class=\"wptb-cell\" style=\"border-width: 1px; border-style: none; border-image: initial;\" data-x-index=\"3\" data-y-index=\"0\" data-wptb-css-td-auto-width=\"true\"><div class=\"wptb-custom_html-container wptb-ph-element wptb-element-custom_html-8\" style=\"padding: 0px; margin: 0px;\"><div class=\"wptb-custom-html-wrapper\" data-wptb-new-element=\"1\" style=\"position: relative;\"><p align=\"center\"><img loading=\"lazy\" decoding=\"async\" src=\"https:\/\/prodistele.com\/fabres\/wp-content\/uploads\/2024\/04\/usal1.jpg\" width=\"150\" height=\"114\"><\/p><\/div><\/div><\/td><td class=\"wptb-cell\" style=\"border-width: 1px; border-style: none; border-image: initial;\" data-x-index=\"4\" data-y-index=\"0\" data-wptb-css-td-auto-width=\"true\"><div class=\"wptb-custom_html-container wptb-ph-element wptb-element-custom_html-7 edit-active\" style=\"padding: 0px; margin: 0px;\"><div class=\"wptb-custom-html-wrapper\" data-wptb-new-element=\"1\" style=\"position: relative;\"><p align=\"center\"><img loading=\"lazy\" decoding=\"async\" src=\"https:\/\/prodistele.com\/fabres\/wp-content\/uploads\/2024\/04\/fundacion83.jpg\" width=\"94\" height=\"83\"><\/p><\/div><\/div><\/td><\/tr><\/tbody><\/table><\/div><\/div>\n\t\t\t\t\t\t<\/div>\n\t\t\t\t<\/div>\n\t\t\t\t<\/div>\n\t\t<div class=\"elementor-element elementor-element-e9acee4 e-con-full e-con\" data-id=\"e9acee4\" data-element_type=\"container\" data-settings=\"{&quot;content_width&quot;:&quot;full&quot;}\">\n\t\t\t\t<div class=\"elementor-element elementor-element-21ef533 elementor-widget elementor-widget-thim-ekits-header-info\" data-id=\"21ef533\" data-element_type=\"widget\" data-widget_type=\"thim-ekits-header-info.default\">\n\t\t\t\t<div class=\"elementor-widget-container\">\n\t\t\t\t\t<div class=\"header-info-swapper\">\n\t\t\t<ul class=\"thim-header-info\">\n\t\t\t\t\t\t\t\t\t\t<li>\n\t\t\t\t\t\t\t\t\t\t\t\t\t\t\t<a href=\"https:\/\/prodistele.com\/fabres\/quienes-somos-es\">\n\t\t\t\t\t\t\t\t\t\t\t\t\t\t\t\t\t\t\t\t\t\t\t\t\tQuienes somos?\t\t\t\t\t\t\t\t\t\t\t\t\t\t\t<\/a>\n\t\t\t\t\t\t\t\t\t\t\t\t\t<\/li>\n\t\t\t\t\t\t\t\t\t\t\t\t<li>\n\t\t\t\t\t\t\t\t\t\t\t\t\t\t\t<a href=\"https:\/\/prodistele.com\/fabres\/historia-es\">\n\t\t\t\t\t\t\t\t\t\t\t\t\t\t\t\t\t\t\t\t\t\t\t\t\tHistoria\t\t\t\t\t\t\t\t\t\t\t\t\t\t\t<\/a>\n\t\t\t\t\t\t\t\t\t\t\t\t\t<\/li>\n\t\t\t\t\t\t\t\t\t\t\t\t<li>\n\t\t\t\t\t\t\t\t\t\t\t\t\t\t\t<a href=\"https:\/\/prodistele.com\/fabres\/constitucion\">\n\t\t\t\t\t\t\t\t\t\t\t\t\t\t\t\t\t\t\t\t\t\t\t\t\tConstituci\u00f3n y estatutos\t\t\t\t\t\t\t\t\t\t\t\t\t\t\t<\/a>\n\t\t\t\t\t\t\t\t\t\t\t\t\t<\/li>\n\t\t\t\t\t\t\t\t\t\t\t\t<li>\n\t\t\t\t\t\t\t\t\t\t\t\t\t\t\t<a href=\"https:\/\/prodistele.com\/fabres\/centenario\">\n\t\t\t\t\t\t\t\t\t\t\t\t\t\t\t\t\t\t\t\t\t\t\t\t\tCentenario\t\t\t\t\t\t\t\t\t\t\t\t\t\t\t<\/a>\n\t\t\t\t\t\t\t\t\t\t\t\t\t<\/li>\n\t\t\t\t\t\t\t\t\t<\/ul>\n\t\t<\/div>\n\t\t\t\t<\/div>\n\t\t\t\t<\/div>\n\t\t\t\t<\/div>\n\t\t\t\t\t<\/div>\n\t\t\t\t<\/div>\n\t\t\t\t\t\t\t<\/div>\n\t\t","protected":false},"excerpt":{"rendered":"<p>I.- CONSTITUCI\u00d3N y FINES. La Fundaci\u00f3n Vicente Rodr\u00edguez Fabr\u00e9s es una instituci\u00f3n ben\u00e9fica sin \u00e1nimo de lucro constituida en 1914 por voluntad de Don Vicente Rodr\u00edguez Fabr\u00e9s. El domicilio social est\u00e1 en Salamanca, Paseo del Tormes, n\u00fam. 31-77. Se halla &hellip; <\/p>\n","protected":false},"author":1,"featured_media":0,"parent":15673,"menu_order":0,"comment_status":"closed","ping_status":"closed","template":"","meta":{"inline_featured_image":false,"footnotes":""},"class_list":["post-17436","page","type-page","status-publish","hentry"],"_links":{"self":[{"href":"https:\/\/prodistele.com\/fabres\/wp-json\/wp\/v2\/pages\/17436","targetHints":{"allow":["GET"]}}],"collection":[{"href":"https:\/\/prodistele.com\/fabres\/wp-json\/wp\/v2\/pages"}],"about":[{"href":"https:\/\/prodistele.com\/fabres\/wp-json\/wp\/v2\/types\/page"}],"author":[{"embeddable":true,"href":"https:\/\/prodistele.com\/fabres\/wp-json\/wp\/v2\/users\/1"}],"replies":[{"embeddable":true,"href":"https:\/\/prodistele.com\/fabres\/wp-json\/wp\/v2\/comments?post=17436"}],"version-history":[{"count":8,"href":"https:\/\/prodistele.com\/fabres\/wp-json\/wp\/v2\/pages\/17436\/revisions"}],"predecessor-version":[{"id":17457,"href":"https:\/\/prodistele.com\/fabres\/wp-json\/wp\/v2\/pages\/17436\/revisions\/17457"}],"up":[{"embeddable":true,"href":"https:\/\/prodistele.com\/fabres\/wp-json\/wp\/v2\/pages\/15673"}],"wp:attachment":[{"href":"https:\/\/prodistele.com\/fabres\/wp-json\/wp\/v2\/media?parent=17436"}],"curies":[{"name":"wp","href":"https:\/\/api.w.org\/{rel}","templated":true}]}}