{"id":17264,"date":"2024-07-04T18:16:52","date_gmt":"2024-07-04T16:16:52","guid":{"rendered":"https:\/\/prodistele.com\/fabres\/?page_id=17264"},"modified":"2024-07-05T11:56:53","modified_gmt":"2024-07-05T09:56:53","slug":"que-hacemos","status":"publish","type":"page","link":"https:\/\/prodistele.com\/fabres\/que-hacemos\/","title":{"rendered":"\u00bfQu\u00e9 hacemos?"},"content":{"rendered":"\t\t<div data-elementor-type=\"wp-page\" data-elementor-id=\"17264\" class=\"elementor elementor-17264\">\n\t\t\t\t\t\t\t\t\t<section class=\"elementor-section elementor-top-section elementor-element elementor-element-e8c76bb elementor-section-stretched elementor-section-boxed elementor-section-height-default elementor-section-height-default\" data-id=\"e8c76bb\" data-element_type=\"section\" data-settings=\"{&quot;stretch_section&quot;:&quot;section-stretched&quot;}\">\n\t\t\t\t\t\t<div class=\"elementor-container elementor-column-gap-custom\">\n\t\t\t\t\t<div class=\"elementor-column elementor-col-33 elementor-top-column elementor-element elementor-element-554defb\" data-id=\"554defb\" data-element_type=\"column\">\n\t\t\t<div class=\"elementor-widget-wrap elementor-element-populated\">\n\t\t\t\t\t\t\t\t<div class=\"elementor-element elementor-element-216a553 elementor-widget elementor-widget-image\" data-id=\"216a553\" data-element_type=\"widget\" data-widget_type=\"image.default\">\n\t\t\t\t<div class=\"elementor-widget-container\">\n\t\t\t<style>\/*! elementor - v3.8.1 - 13-11-2022 *\/\n.elementor-widget-image{text-align:center}.elementor-widget-image a{display:inline-block}.elementor-widget-image a img[src$=\".svg\"]{width:48px}.elementor-widget-image img{vertical-align:middle;display:inline-block}<\/style>\t\t\t\t\t\t\t\t\t\t\t\t<img loading=\"lazy\" decoding=\"async\" width=\"630\" height=\"410\" src=\"https:\/\/prodistele.com\/fabres\/wp-content\/uploads\/2022\/10\/campus-life-v4.png\" class=\"attachment-full size-full\" alt=\"campus life v4\" srcset=\"https:\/\/prodistele.com\/fabres\/wp-content\/uploads\/2022\/10\/campus-life-v4.png 630w, https:\/\/prodistele.com\/fabres\/wp-content\/uploads\/2022\/10\/campus-life-v4-300x195.png 300w\" sizes=\"auto, (max-width: 630px) 100vw, 630px\" \/>\t\t\t\t\t\t\t\t\t\t\t\t\t\t\t<\/div>\n\t\t\t\t<\/div>\n\t\t\t\t<div class=\"elementor-element elementor-element-e38749e elementor-widget-tablet__width-initial thim-ekits-heading--tablettext-center elementor-widget-mobile__width-inherit elementor-widget thim-ekits-heading elementor-widget-thim-heading\" data-id=\"e38749e\" data-element_type=\"widget\" data-widget_type=\"thim-heading.default\">\n\t\t\t\t<div class=\"elementor-widget-container\">\n\t\t\t<div class=\"sc_heading \"><h3 class=\"title\">Convenio de colaboraci\u00f3n con entidades sociales<\/h3><div class=\"sub-heading\"><p>La Fundaci\u00f3n Rodr\u00edguez Fabr\u00e9s colabora con.......<\/p>\n<\/div><\/div>\t\t<\/div>\n\t\t\t\t<\/div>\n\t\t\t\t<div class=\"elementor-element elementor-element-a83052e elementor-widget__width-initial elementor-widget-tablet__width-inherit elementor-widget thim-widget-button\" data-id=\"a83052e\" data-element_type=\"widget\" data-widget_type=\"thim-button.default\">\n\t\t\t\t<div class=\"elementor-widget-container\">\n\t\t\t<a class=\"widget-button normal\" href=\"https:\/\/prodistele.com\/fabres\/category\/noticias\/\" target=\"_blank\" rel=\"nofollow\">Leer m\u00e1s<\/a>\t\t<\/div>\n\t\t\t\t<\/div>\n\t\t\t\t\t<\/div>\n\t\t<\/div>\n\t\t\t\t<div class=\"elementor-column elementor-col-33 elementor-top-column elementor-element elementor-element-122b2e2\" data-id=\"122b2e2\" data-element_type=\"column\">\n\t\t\t<div class=\"elementor-widget-wrap elementor-element-populated\">\n\t\t\t\t\t\t\t\t<div class=\"elementor-element elementor-element-7029f91 iconbox--tablettext-center iconbox-text-left elementor-widget elementor-widget-thim-icon-box\" data-id=\"7029f91\" data-element_type=\"widget\" data-widget_type=\"thim-icon-box.default\">\n\t\t\t\t<div class=\"elementor-widget-container\">\n\t\t\t<div class=\"thim-widget-icon-box\"><div class=\"wrapper-box-icon has_custom_image text-left \"><div class=\"smicon-box iconbox-top\"><div class=\"boxes-icon\"><a class=\"icon-box-link\" href=\"https:\/\/prodistele.com\/fabres\/category\/carrera-popular\/\" target=\"_blank\"><span class=\"inner-icon\"><span class=\"icon icon-images\"><img loading=\"lazy\" decoding=\"async\" src=\"https:\/\/prodistele.com\/fabres\/wp-content\/uploads\/2023\/12\/about-box1.jpg\" alt=\"about-box1\" title=\"about-box1\"  width=\"630\" height=\"410\"><\/span><\/span><\/a><\/div><div class=\"content-inner\"><div class=\"sc-heading\"><h3 class=\"heading__primary\"><a class=\"icon-box-link\" href=\"https:\/\/prodistele.com\/fabres\/category\/carrera-popular\/\" target=\"_blank\">Carrera Solidaria<\/a><\/h3><\/div><div class=\"desc-icon-box\"><div class=\"desc-content\">Fundaci\u00f3n Rodr\u00edguez Fabr\u00e9s celebra cada a\u00f1o su carrera popular con el objetivo de dar a conocer el trabajo de esta organizaci\u00f3n sin \u00e1nimo de lucro.<\/div><a class=\"smicon-read sc-btn\" href=\"https:\/\/prodistele.com\/fabres\/category\/carrera-popular\/\" target=\"_blank\">Leer m\u00e1s <i class=\"fa fa-chevron-right\"><\/i><\/a><\/div><\/div><\/div><\/div><\/div>\t\t<\/div>\n\t\t\t\t<\/div>\n\t\t\t\t\t<\/div>\n\t\t<\/div>\n\t\t\t\t<div class=\"elementor-column elementor-col-33 elementor-top-column elementor-element elementor-element-ee4c57d\" data-id=\"ee4c57d\" data-element_type=\"column\">\n\t\t\t<div class=\"elementor-widget-wrap elementor-element-populated\">\n\t\t\t\t\t\t\t\t<div class=\"elementor-element elementor-element-103d784 iconbox--tablettext-center iconbox-text-left elementor-widget elementor-widget-thim-icon-box\" data-id=\"103d784\" data-element_type=\"widget\" data-widget_type=\"thim-icon-box.default\">\n\t\t\t\t<div class=\"elementor-widget-container\">\n\t\t\t<div class=\"thim-widget-icon-box\"><div class=\"wrapper-box-icon has_custom_image text-left \"><div class=\"smicon-box iconbox-top\"><div class=\"boxes-icon\"><a class=\"icon-box-link\" href=\"#\" target=\"_blank\"><span class=\"inner-icon\"><span class=\"icon icon-images\"><img loading=\"lazy\" decoding=\"async\" src=\"https:\/\/prodistele.com\/fabres\/wp-content\/uploads\/2023\/12\/about-box1.jpg\" alt=\"about-box1\" title=\"about-box1\"  width=\"630\" height=\"410\"><\/span><\/span><\/a><\/div><div class=\"content-inner\"><div class=\"sc-heading\"><h3 class=\"heading__primary\"><a class=\"icon-box-link\" href=\"#\" target=\"_blank\">Fiesta anual de la convivencia<\/a><\/h3><\/div><div class=\"desc-icon-box\"><div class=\"desc-content\">Jornadas de convivencia de antiguos alumnos, alumnos actuales y familiares<\/div><a class=\"smicon-read sc-btn\" href=\"#\" target=\"_blank\">Leer m\u00e1s <i class=\"fa fa-chevron-right\"><\/i><\/a><\/div><\/div><\/div><\/div><\/div>\t\t<\/div>\n\t\t\t\t<\/div>\n\t\t\t\t\t<\/div>\n\t\t<\/div>\n\t\t\t\t\t\t\t<\/div>\n\t\t<\/section>\n\t\t\t\t<section class=\"elementor-section elementor-top-section elementor-element elementor-element-29a962b elementor-section-stretched elementor-section-boxed elementor-section-height-default elementor-section-height-default\" data-id=\"29a962b\" data-element_type=\"section\" data-settings=\"{&quot;stretch_section&quot;:&quot;section-stretched&quot;}\">\n\t\t\t\t\t\t<div class=\"elementor-container elementor-column-gap-custom\">\n\t\t\t\t\t<div class=\"elementor-column elementor-col-100 elementor-top-column elementor-element elementor-element-0ccff46\" data-id=\"0ccff46\" data-element_type=\"column\">\n\t\t\t<div class=\"elementor-widget-wrap elementor-element-populated\">\n\t\t\t\t\t\t\t\t<div class=\"elementor-element elementor-element-2ee8cb4 thim-ekits-heading-text-center elementor-widget thim-ekits-heading elementor-widget-thim-heading\" data-id=\"2ee8cb4\" data-element_type=\"widget\" data-widget_type=\"thim-heading.default\">\n\t\t\t\t<div class=\"elementor-widget-container\">\n\t\t\t<div class=\"sc_heading text-center\"><h2 class=\"title\">Galer\u00eda fotogr\u00e1fica<\/h2><\/div>\t\t<\/div>\n\t\t\t\t<\/div>\n\t\t\t\t\t<\/div>\n\t\t<\/div>\n\t\t\t\t\t\t\t<\/div>\n\t\t<\/section>\n\t\t\t\t<section class=\"elementor-section elementor-top-section elementor-element elementor-element-ca07654 elementor-section-stretched elementor-section-boxed elementor-section-height-default elementor-section-height-default\" data-id=\"ca07654\" data-element_type=\"section\" data-settings=\"{&quot;stretch_section&quot;:&quot;section-stretched&quot;}\">\n\t\t\t\t\t\t<div class=\"elementor-container elementor-column-gap-no\">\n\t\t\t\t\t<div class=\"elementor-column elementor-col-50 elementor-top-column elementor-element elementor-element-314919d\" data-id=\"314919d\" data-element_type=\"column\">\n\t\t\t<div class=\"elementor-widget-wrap elementor-element-populated\">\n\t\t\t\t\t\t\t\t<div class=\"elementor-element elementor-element-90ae18d elementor-widget elementor-widget-image\" data-id=\"90ae18d\" data-element_type=\"widget\" data-widget_type=\"image.default\">\n\t\t\t\t<div class=\"elementor-widget-container\">\n\t\t\t\t\t\t\t\t\t\t\t\t<figure class=\"wp-caption\">\n\t\t\t\t\t\t\t\t\t\t<img loading=\"lazy\" decoding=\"async\" width=\"300\" height=\"630\" src=\"https:\/\/prodistele.com\/fabres\/wp-content\/uploads\/2022\/10\/campus-life-gallery-1.png\" class=\"elementor-animation-float attachment-full size-full\" alt=\"campus life gallery 1\" srcset=\"https:\/\/prodistele.com\/fabres\/wp-content\/uploads\/2022\/10\/campus-life-gallery-1.png 300w, https:\/\/prodistele.com\/fabres\/wp-content\/uploads\/2022\/10\/campus-life-gallery-1-143x300.png 143w\" sizes=\"auto, (max-width: 300px) 100vw, 300px\" \/>\t\t\t\t\t\t\t\t\t\t\t<figcaption class=\"widget-image-caption wp-caption-text\">campus life gallery 1<\/figcaption>\n\t\t\t\t\t\t\t\t\t\t<\/figure>\n\t\t\t\t\t\t\t\t\t<\/div>\n\t\t\t\t<\/div>\n\t\t\t\t\t<\/div>\n\t\t<\/div>\n\t\t\t\t<div class=\"elementor-column elementor-col-50 elementor-top-column elementor-element elementor-element-aa24e21\" data-id=\"aa24e21\" data-element_type=\"column\">\n\t\t\t<div class=\"elementor-widget-wrap elementor-element-populated\">\n\t\t\t\t\t\t\t\t<section class=\"elementor-section elementor-inner-section elementor-element elementor-element-2cb8fa2 elementor-section-boxed elementor-section-height-default elementor-section-height-default\" data-id=\"2cb8fa2\" data-element_type=\"section\">\n\t\t\t\t\t\t<div class=\"elementor-container elementor-column-gap-no\">\n\t\t\t\t\t<div class=\"elementor-column elementor-col-33 elementor-inner-column elementor-element elementor-element-60cd75c\" data-id=\"60cd75c\" data-element_type=\"column\">\n\t\t\t<div class=\"elementor-widget-wrap elementor-element-populated\">\n\t\t\t\t\t\t\t\t<div class=\"elementor-element elementor-element-2d5984c elementor-widget elementor-widget-image\" data-id=\"2d5984c\" data-element_type=\"widget\" data-widget_type=\"image.default\">\n\t\t\t\t<div class=\"elementor-widget-container\">\n\t\t\t\t\t\t\t\t\t\t\t\t\t\t\t<img loading=\"lazy\" decoding=\"async\" width=\"300\" height=\"300\" src=\"https:\/\/prodistele.com\/fabres\/wp-content\/uploads\/2022\/10\/campus-life-gallery-2.png\" class=\"elementor-animation-float attachment-full size-full\" alt=\"campus life gallery 2\" srcset=\"https:\/\/prodistele.com\/fabres\/wp-content\/uploads\/2022\/10\/campus-life-gallery-2.png 300w, https:\/\/prodistele.com\/fabres\/wp-content\/uploads\/2022\/10\/campus-life-gallery-2-150x150.png 150w\" sizes=\"auto, (max-width: 300px) 100vw, 300px\" \/>\t\t\t\t\t\t\t\t\t\t\t\t\t\t\t<\/div>\n\t\t\t\t<\/div>\n\t\t\t\t\t<\/div>\n\t\t<\/div>\n\t\t\t\t<div class=\"elementor-column elementor-col-33 elementor-inner-column elementor-element elementor-element-c7bf171\" data-id=\"c7bf171\" data-element_type=\"column\">\n\t\t\t<div class=\"elementor-widget-wrap elementor-element-populated\">\n\t\t\t\t\t\t\t\t<div class=\"elementor-element elementor-element-ae744c8 elementor-widget elementor-widget-image\" data-id=\"ae744c8\" data-element_type=\"widget\" data-widget_type=\"image.default\">\n\t\t\t\t<div class=\"elementor-widget-container\">\n\t\t\t\t\t\t\t\t\t\t\t\t\t\t\t<img loading=\"lazy\" decoding=\"async\" width=\"300\" height=\"300\" src=\"https:\/\/prodistele.com\/fabres\/wp-content\/uploads\/2022\/10\/campus-life-gallery-3.png\" class=\"elementor-animation-float attachment-full size-full\" alt=\"campus life gallery 3\" srcset=\"https:\/\/prodistele.com\/fabres\/wp-content\/uploads\/2022\/10\/campus-life-gallery-3.png 300w, https:\/\/prodistele.com\/fabres\/wp-content\/uploads\/2022\/10\/campus-life-gallery-3-150x150.png 150w\" sizes=\"auto, (max-width: 300px) 100vw, 300px\" \/>\t\t\t\t\t\t\t\t\t\t\t\t\t\t\t<\/div>\n\t\t\t\t<\/div>\n\t\t\t\t\t<\/div>\n\t\t<\/div>\n\t\t\t\t<div class=\"elementor-column elementor-col-33 elementor-inner-column elementor-element elementor-element-00ebd8d\" data-id=\"00ebd8d\" data-element_type=\"column\">\n\t\t\t<div class=\"elementor-widget-wrap elementor-element-populated\">\n\t\t\t\t\t\t\t\t<div class=\"elementor-element elementor-element-f05b20b elementor-widget elementor-widget-image\" data-id=\"f05b20b\" data-element_type=\"widget\" data-widget_type=\"image.default\">\n\t\t\t\t<div class=\"elementor-widget-container\">\n\t\t\t\t\t\t\t\t\t\t\t\t\t\t\t<img loading=\"lazy\" decoding=\"async\" width=\"300\" height=\"300\" src=\"https:\/\/prodistele.com\/fabres\/wp-content\/uploads\/2022\/10\/campus-life-gallery-4.png\" class=\"elementor-animation-float attachment-full size-full\" alt=\"campus life gallery 4\" srcset=\"https:\/\/prodistele.com\/fabres\/wp-content\/uploads\/2022\/10\/campus-life-gallery-4.png 300w, https:\/\/prodistele.com\/fabres\/wp-content\/uploads\/2022\/10\/campus-life-gallery-4-150x150.png 150w\" sizes=\"auto, (max-width: 300px) 100vw, 300px\" \/>\t\t\t\t\t\t\t\t\t\t\t\t\t\t\t<\/div>\n\t\t\t\t<\/div>\n\t\t\t\t\t<\/div>\n\t\t<\/div>\n\t\t\t\t\t\t\t<\/div>\n\t\t<\/section>\n\t\t\t\t<div class=\"elementor-element elementor-element-997c72d elementor-widget elementor-widget-image\" data-id=\"997c72d\" data-element_type=\"widget\" data-widget_type=\"image.default\">\n\t\t\t\t<div class=\"elementor-widget-container\">\n\t\t\t\t\t\t\t\t\t\t\t\t\t\t\t<img loading=\"lazy\" decoding=\"async\" width=\"960\" height=\"300\" src=\"https:\/\/prodistele.com\/fabres\/wp-content\/uploads\/2022\/10\/campus-life-gallery-5.png\" class=\"elementor-animation-float attachment-full size-full\" alt=\"campus life gallery 5\" srcset=\"https:\/\/prodistele.com\/fabres\/wp-content\/uploads\/2022\/10\/campus-life-gallery-5.png 960w, https:\/\/prodistele.com\/fabres\/wp-content\/uploads\/2022\/10\/campus-life-gallery-5-300x94.png 300w, https:\/\/prodistele.com\/fabres\/wp-content\/uploads\/2022\/10\/campus-life-gallery-5-768x240.png 768w\" sizes=\"auto, (max-width: 960px) 100vw, 960px\" \/>\t\t\t\t\t\t\t\t\t\t\t\t\t\t\t<\/div>\n\t\t\t\t<\/div>\n\t\t\t\t\t<\/div>\n\t\t<\/div>\n\t\t\t\t\t\t\t<\/div>\n\t\t<\/section>\n\t\t<div class=\"elementor-element elementor-element-81dc16d e-con-boxed e-con\" data-id=\"81dc16d\" data-element_type=\"container\" data-settings=\"{&quot;content_width&quot;:&quot;boxed&quot;}\">\n\t\t\t\t\t<div class=\"e-con-inner\">\n\t\t\t\t<div class=\"elementor-element elementor-element-0885133 gallery-spacing-custom elementor-widget elementor-widget-image-gallery\" data-id=\"0885133\" data-element_type=\"widget\" data-widget_type=\"image-gallery.default\">\n\t\t\t\t<div class=\"elementor-widget-container\">\n\t\t\t<style>.elementor-image-gallery .gallery-item{display:inline-block;text-align:center;vertical-align:top;width:100%;max-width:100%;margin:0 auto}.elementor-image-gallery .gallery-item img{margin:0 auto}.elementor-image-gallery .gallery-item .gallery-caption{margin:0}.elementor-image-gallery figure img{display:block}.elementor-image-gallery figure figcaption{width:100%}.gallery-spacing-custom .elementor-image-gallery .gallery-icon{padding:0}@media (min-width:768px){.elementor-image-gallery .gallery-columns-2 .gallery-item{max-width:50%}.elementor-image-gallery .gallery-columns-3 .gallery-item{max-width:33.33%}.elementor-image-gallery .gallery-columns-4 .gallery-item{max-width:25%}.elementor-image-gallery .gallery-columns-5 .gallery-item{max-width:20%}.elementor-image-gallery .gallery-columns-6 .gallery-item{max-width:16.666%}.elementor-image-gallery .gallery-columns-7 .gallery-item{max-width:14.28%}.elementor-image-gallery .gallery-columns-8 .gallery-item{max-width:12.5%}.elementor-image-gallery .gallery-columns-9 .gallery-item{max-width:11.11%}.elementor-image-gallery .gallery-columns-10 .gallery-item{max-width:10%}}@media (min-width:480px) and (max-width:767px){.elementor-image-gallery .gallery.gallery-columns-2 .gallery-item,.elementor-image-gallery .gallery.gallery-columns-3 .gallery-item,.elementor-image-gallery .gallery.gallery-columns-4 .gallery-item,.elementor-image-gallery .gallery.gallery-columns-5 .gallery-item,.elementor-image-gallery .gallery.gallery-columns-6 .gallery-item,.elementor-image-gallery .gallery.gallery-columns-7 .gallery-item,.elementor-image-gallery .gallery.gallery-columns-8 .gallery-item,.elementor-image-gallery .gallery.gallery-columns-9 .gallery-item,.elementor-image-gallery .gallery.gallery-columns-10 .gallery-item{max-width:50%}}@media (max-width:479px){.elementor-image-gallery .gallery.gallery-columns-2 .gallery-item,.elementor-image-gallery .gallery.gallery-columns-3 .gallery-item,.elementor-image-gallery .gallery.gallery-columns-4 .gallery-item,.elementor-image-gallery .gallery.gallery-columns-5 .gallery-item,.elementor-image-gallery .gallery.gallery-columns-6 .gallery-item,.elementor-image-gallery .gallery.gallery-columns-7 .gallery-item,.elementor-image-gallery .gallery.gallery-columns-8 .gallery-item,.elementor-image-gallery .gallery.gallery-columns-9 .gallery-item,.elementor-image-gallery .gallery.gallery-columns-10 .gallery-item{max-width:100%}}<\/style>\t\t<div class=\"elementor-image-gallery\">\n\t\t\t<div id='gallery-1' class='gallery galleryid-17264 gallery-columns-4 gallery-size-medium_large'><figure class='gallery-item'>\n\t\t\t<div class='gallery-icon landscape'>\n\t\t\t\t<a data-elementor-open-lightbox=\"yes\" data-elementor-lightbox-slideshow=\"0885133\" data-elementor-lightbox-title=\"research-box-7\" e-action-hash=\"#elementor-action%3Aaction%3Dlightbox%26settings%3DeyJpZCI6MTU1ODcsInVybCI6Imh0dHBzOlwvXC9wcm9kaXN0ZWxlLmNvbVwvZmFicmVzXC93cC1jb250ZW50XC91cGxvYWRzXC8yMDIzXC8xMlwvcmVzZWFyY2gtYm94LTcuanBnIiwic2xpZGVzaG93IjoiMDg4NTEzMyJ9\" href='https:\/\/prodistele.com\/fabres\/wp-content\/uploads\/2023\/12\/research-box-7.jpg'><img loading=\"lazy\" decoding=\"async\" width=\"630\" height=\"410\" src=\"https:\/\/prodistele.com\/fabres\/wp-content\/uploads\/2023\/12\/research-box-7.jpg\" class=\"attachment-medium_large size-medium_large\" alt=\"\" srcset=\"https:\/\/prodistele.com\/fabres\/wp-content\/uploads\/2023\/12\/research-box-7.jpg 630w, https:\/\/prodistele.com\/fabres\/wp-content\/uploads\/2023\/12\/research-box-7-300x195.jpg 300w\" sizes=\"auto, (max-width: 630px) 100vw, 630px\" \/><\/a>\n\t\t\t<\/div><\/figure><figure class='gallery-item'>\n\t\t\t<div class='gallery-icon landscape'>\n\t\t\t\t<a data-elementor-open-lightbox=\"yes\" data-elementor-lightbox-slideshow=\"0885133\" data-elementor-lightbox-title=\"research-box-6\" e-action-hash=\"#elementor-action%3Aaction%3Dlightbox%26settings%3DeyJpZCI6MTU1ODgsInVybCI6Imh0dHBzOlwvXC9wcm9kaXN0ZWxlLmNvbVwvZmFicmVzXC93cC1jb250ZW50XC91cGxvYWRzXC8yMDIzXC8xMlwvcmVzZWFyY2gtYm94LTYuanBnIiwic2xpZGVzaG93IjoiMDg4NTEzMyJ9\" href='https:\/\/prodistele.com\/fabres\/wp-content\/uploads\/2023\/12\/research-box-6.jpg'><img loading=\"lazy\" decoding=\"async\" width=\"630\" height=\"410\" src=\"https:\/\/prodistele.com\/fabres\/wp-content\/uploads\/2023\/12\/research-box-6.jpg\" class=\"attachment-medium_large size-medium_large\" alt=\"\" srcset=\"https:\/\/prodistele.com\/fabres\/wp-content\/uploads\/2023\/12\/research-box-6.jpg 630w, https:\/\/prodistele.com\/fabres\/wp-content\/uploads\/2023\/12\/research-box-6-300x195.jpg 300w\" sizes=\"auto, (max-width: 630px) 100vw, 630px\" \/><\/a>\n\t\t\t<\/div><\/figure><figure class='gallery-item'>\n\t\t\t<div class='gallery-icon landscape'>\n\t\t\t\t<a data-elementor-open-lightbox=\"yes\" data-elementor-lightbox-slideshow=\"0885133\" data-elementor-lightbox-title=\"alumni-box-2\" e-action-hash=\"#elementor-action%3Aaction%3Dlightbox%26settings%3DeyJpZCI6MTU1NzQsInVybCI6Imh0dHBzOlwvXC9wcm9kaXN0ZWxlLmNvbVwvZmFicmVzXC93cC1jb250ZW50XC91cGxvYWRzXC8yMDIzXC8xMlwvYWx1bW5pLWJveC0yLmpwZyIsInNsaWRlc2hvdyI6IjA4ODUxMzMifQ%3D%3D\" href='https:\/\/prodistele.com\/fabres\/wp-content\/uploads\/2023\/12\/alumni-box-2.jpg'><img loading=\"lazy\" decoding=\"async\" width=\"630\" height=\"410\" src=\"https:\/\/prodistele.com\/fabres\/wp-content\/uploads\/2023\/12\/alumni-box-2.jpg\" class=\"attachment-medium_large size-medium_large\" alt=\"\" srcset=\"https:\/\/prodistele.com\/fabres\/wp-content\/uploads\/2023\/12\/alumni-box-2.jpg 630w, https:\/\/prodistele.com\/fabres\/wp-content\/uploads\/2023\/12\/alumni-box-2-300x195.jpg 300w\" sizes=\"auto, (max-width: 630px) 100vw, 630px\" \/><\/a>\n\t\t\t<\/div><\/figure><figure class='gallery-item'>\n\t\t\t<div class='gallery-icon landscape'>\n\t\t\t\t<a data-elementor-open-lightbox=\"yes\" data-elementor-lightbox-slideshow=\"0885133\" data-elementor-lightbox-title=\"academic-box-5\" e-action-hash=\"#elementor-action%3Aaction%3Dlightbox%26settings%3DeyJpZCI6MTQ0NzcsInVybCI6Imh0dHBzOlwvXC9wcm9kaXN0ZWxlLmNvbVwvZmFicmVzXC93cC1jb250ZW50XC91cGxvYWRzXC8yMDIzXC8xMlwvYWNhZGVtaWMtYm94LTUuanBnIiwic2xpZGVzaG93IjoiMDg4NTEzMyJ9\" href='https:\/\/prodistele.com\/fabres\/wp-content\/uploads\/2023\/12\/academic-box-5.jpg'><img loading=\"lazy\" decoding=\"async\" width=\"500\" height=\"333\" src=\"https:\/\/prodistele.com\/fabres\/wp-content\/uploads\/2023\/12\/academic-box-5.jpg\" class=\"attachment-medium_large size-medium_large\" alt=\"\" srcset=\"https:\/\/prodistele.com\/fabres\/wp-content\/uploads\/2023\/12\/academic-box-5.jpg 500w, https:\/\/prodistele.com\/fabres\/wp-content\/uploads\/2023\/12\/academic-box-5-300x200.jpg 300w\" sizes=\"auto, (max-width: 500px) 100vw, 500px\" \/><\/a>\n\t\t\t<\/div><\/figure>\n\t\t<\/div>\n\t\t<\/div>\n\t\t\t\t<\/div>\n\t\t\t\t<\/div>\n\t\t\t\t\t<\/div>\n\t\t\t\t<\/div>\n\t\t\t\t\t\t\t<\/div>\n\t\t","protected":false},"excerpt":{"rendered":"<p>Convenio de colaboraci\u00f3n con entidades sociales La Fundaci\u00f3n Rodr\u00edguez Fabr\u00e9s colabora con&#8230;&#8230;. Leer m\u00e1s Carrera Solidaria Fundaci\u00f3n Rodr\u00edguez Fabr\u00e9s celebra cada a\u00f1o su carrera popular con el objetivo de dar a conocer el trabajo de esta organizaci\u00f3n sin \u00e1nimo de &hellip; <\/p>\n","protected":false},"author":1,"featured_media":0,"parent":0,"menu_order":0,"comment_status":"closed","ping_status":"closed","template":"","meta":{"inline_featured_image":false,"footnotes":""},"class_list":["post-17264","page","type-page","status-publish","hentry"],"_links":{"self":[{"href":"https:\/\/prodistele.com\/fabres\/wp-json\/wp\/v2\/pages\/17264","targetHints":{"allow":["GET"]}}],"collection":[{"href":"https:\/\/prodistele.com\/fabres\/wp-json\/wp\/v2\/pages"}],"about":[{"href":"https:\/\/prodistele.com\/fabres\/wp-json\/wp\/v2\/types\/page"}],"author":[{"embeddable":true,"href":"https:\/\/prodistele.com\/fabres\/wp-json\/wp\/v2\/users\/1"}],"replies":[{"embeddable":true,"href":"https:\/\/prodistele.com\/fabres\/wp-json\/wp\/v2\/comments?post=17264"}],"version-history":[{"count":62,"href":"https:\/\/prodistele.com\/fabres\/wp-json\/wp\/v2\/pages\/17264\/revisions"}],"predecessor-version":[{"id":17506,"href":"https:\/\/prodistele.com\/fabres\/wp-json\/wp\/v2\/pages\/17264\/revisions\/17506"}],"wp:attachment":[{"href":"https:\/\/prodistele.com\/fabres\/wp-json\/wp\/v2\/media?parent=17264"}],"curies":[{"name":"wp","href":"https:\/\/api.w.org\/{rel}","templated":true}]}}