{"id":17133,"date":"2024-05-07T09:35:11","date_gmt":"2024-05-07T07:35:11","guid":{"rendered":"https:\/\/prodistele.com\/fabres\/?page_id=17133"},"modified":"2024-05-07T09:44:57","modified_gmt":"2024-05-07T07:44:57","slug":"politica-2","status":"publish","type":"page","link":"https:\/\/prodistele.com\/fabres\/politica-2\/","title":{"rendered":"Pol\u00edtica privacidad"},"content":{"rendered":"\n<p><\/p>\n\n\n\n<figure class=\"wp-block-image size-full\"><img loading=\"lazy\" decoding=\"async\" width=\"629\" height=\"142\" src=\"https:\/\/prodistele.com\/fabres\/wp-content\/uploads\/2024\/04\/logo-funda.png\" alt=\"\" class=\"wp-image-15633\" srcset=\"https:\/\/prodistele.com\/fabres\/wp-content\/uploads\/2024\/04\/logo-funda.png 629w, https:\/\/prodistele.com\/fabres\/wp-content\/uploads\/2024\/04\/logo-funda-300x68.png 300w\" sizes=\"auto, (max-width: 629px) 100vw, 629px\" \/><\/figure>\n\n\n\n<p>El presente aviso legal regula el uso del sitio web www.fundacionrodriguezfabres.es de FUNDACI\u00d3N VICENTE RODR\u00cdGUEZ FABR\u00c9S con CIF G37014925 con domicilio en la localidad de Paseo del Tormes 31-77, 37008 Salamanca e Inscrita en el REGISTRO DE FUNDACIONES DE CASTILLA Y LE\u00d3N N\u00ba 37\/0022.<\/p>\n\n\n\n<p>LEGISLACI\u00d3N<\/p>\n\n\n\n<p>Con car\u00e1cter general las relaciones entre FUNDACI\u00d3N VICENTE RODR\u00cdGUEZ FABR\u00c9S con los Usuarios de sus servicios telem\u00e1ticos, presentes en este sitio web, se encuentran sometidas a la legislaci\u00f3n y jurisdicci\u00f3n espa\u00f1olas.<\/p>\n\n\n\n<p>USO Y ACCESO DE USUARIOS<\/p>\n\n\n\n<p>El Usuario queda informado, y acepta, que el acceso a la presente web no supone, en modo alguno, el inicio de una relaci\u00f3n comercial con FUNDACI\u00d3N VICENTE RODR\u00cdGUEZ FABR\u00c9S o cualquiera de sus delegaciones.<\/p>\n\n\n\n<p>PROPIEDAD INTELECTUAL E INDUSTRIAL<\/p>\n\n\n\n<p>Los derechos de propiedad intelectual del contenido de las p\u00e1ginas web, su dise\u00f1o gr\u00e1fico y c\u00f3digos son titularidad de FUNDACI\u00d3N VICENTE RODR\u00cdGUEZ FABR\u00c9S y, por tanto, queda prohibida su reproducci\u00f3n, distribuci\u00f3n, comunicaci\u00f3n p\u00fablica, transformaci\u00f3n o cualquier otra actividad que se pueda realizar con los contenidos de sus p\u00e1ginas web ni a\u00fan citando las fuentes, salvo consentimiento por escrito de FUNDACI\u00d3N VICENTE RODR\u00cdGUEZ FABR\u00c9S.<\/p>\n\n\n\n<p>CONTENIDO DE LA WEB Y ENLACES (LINKS)<\/p>\n\n\n\n<p>FUNDACI\u00d3N VICENTE RODR\u00cdGUEZ FABR\u00c9S se reserva el derecho a actualizar, modificar o eliminar la informaci\u00f3n contenida en sus p\u00e1ginas web pudiendo incluso limitar o no permitir el acceso a dicha informaci\u00f3n a ciertos usuarios.<\/p>\n\n\n\n<p>FUNDACI\u00d3N VICENTE RODR\u00cdGUEZ FABR\u00c9S no asume responsabilidad alguna por la informaci\u00f3n contenida en p\u00e1ginas web de terceros a las que se pueda acceder por &#8220;links&#8221; o enlaces desde cualquier p\u00e1gina web propiedad de FUNDACI\u00d3N VICENTE RODR\u00cdGUEZ FABR\u00c9S. La presencia de &#8220;links&#8221; o enlaces en las p\u00e1ginas web de FUNDACI\u00d3N VICENTE RODR\u00cdGUEZ FABR\u00c9S tiene finalidad meramente informativa y en ning\u00fan caso supone sugerencia, invitaci\u00f3n o recomendaci\u00f3n sobre los mismos.<\/p>\n\n\n\n<p><strong>AVISO LEGAL<\/strong><\/p>\n\n\n\n<p>El presente aviso legal regula el uso del sitio web www.fundacionrodriguezfabres.es de FUNDACI\u00d3N RODR\u00cdGUEZ FABR\u00c9S con CIF G37014925, domicilio en Paseo del Tormes 31, 37008 Salamanca e Inscrita en el Registro de Fundaciones de Castilla y Le\u00f3n con el n\u00famero 37\/0022.<\/p>\n\n\n\n<p><strong>Legislaci\u00f3n<\/strong><br>Con car\u00e1cter general las relaciones entre FUNDACI\u00d3N RODR\u00cdGUEZ FABR\u00c9S y los Usuarios de sus servicios telem\u00e1ticos, presentes en este sitio web, se encuentran sometidas a la legislaci\u00f3n y jurisdicci\u00f3n espa\u00f1olas.<\/p>\n\n\n\n<p><strong>Uso y acceso de usuarios<\/strong><br>El Usuario queda informado y acepta que el acceso a la presente web no supone, en modo alguno, el inicio de una relaci\u00f3n comercial con FUNDACI\u00d3N RODR\u00cdGUEZ FABR\u00c9S o cualquiera de sus delegaciones.<\/p>\n\n\n\n<p><strong>Propiedad intelectual e industrial<\/strong><br>Los derechos de propiedad intelectual del contenido de las p\u00e1ginas web, su dise\u00f1o gr\u00e1fico y c\u00f3digos son titularidad de FUNDACI\u00d3N RODR\u00cdGUEZ FABR\u00c9S y, por tanto, queda prohibida su reproducci\u00f3n, distribuci\u00f3n, comunicaci\u00f3n p\u00fablica, transformaci\u00f3n o cualquier otra actividad que se pueda realizar con los contenidos de sus p\u00e1ginas web ni aun citando las fuentes, salvo consentimiento por escrito de FUNDACI\u00d3N RODR\u00cdGUEZ FABR\u00c9S.<\/p>\n\n\n\n<p><strong>Contenido de la web y enlaces (LINKS)<br><\/strong>FUNDACI\u00d3N RODR\u00cdGUEZ FABR\u00c9S se reserva el derecho a actualizar, modificar o eliminar la informaci\u00f3n contenida en sus p\u00e1ginas web pudiendo incluso limitar o no permitir el acceso a dicha informaci\u00f3n a ciertos usuarios.<br>FUNDACI\u00d3N RODR\u00cdGUEZ FABR\u00c9S no asume responsabilidad alguna por la informaci\u00f3n contenida en p\u00e1ginas web de terceros a las que se pueda acceder por &#8220;links&#8221; o enlaces desde cualquier p\u00e1gina web propiedad de FUNDACI\u00d3N RODR\u00cdGUEZ FABR\u00c9S. La presencia de &#8220;links&#8221; o enlaces en las p\u00e1ginas web de FUNDACI\u00d3N RODR\u00cdGUEZ FABR\u00c9S tiene finalidad meramente informativa y en ning\u00fan caso supone sugerencia, invitaci\u00f3n o recomendaci\u00f3n sobre los mismos.<\/p>\n\n\n\n<p><strong>Formulario<\/strong> <strong>para votaciones<\/strong><\/p>\n\n\n\n<p>Responsable del tratamiento: Fundaci\u00f3n Rodr\u00edguez Fabr\u00e9s<\/p>\n\n\n\n<p>La finalidad de la recogida y tratamiento de los datos personales que se solicitan es para la participaci\u00f3n del concurso en cuesti\u00f3n.<br>Legitimaci\u00f3n: Consentimiento del interesado. En ning\u00fan caso se utilizar\u00e1n para realizar actividades comerciales. No se ceder\u00e1n datos a terceros.<br>El no introducir los datos de car\u00e1cter personal que aparecen en el formulario como obligatorios podr\u00e1 tener como consecuencia que no pueda atender su solicitud. <\/p>\n\n\n\n<p>Podr\u00e1 ejercer sus derechos de acceso, rectificaci\u00f3n, limitaci\u00f3n y suprimir los datos en administracion@fundacionrodriguezfabres.es as\u00ed como el derecho a presentar una reclamaci\u00f3n ante una autoridad de control. Puede consultar la informaci\u00f3n adicional y detallada sobre Protecci\u00f3n de Datos en nuestra p\u00e1gina web as\u00ed como nuestra pol\u00edtica de privacidad.<\/p>\n","protected":false},"excerpt":{"rendered":"<p>El presente aviso legal regula el uso del sitio web www.fundacionrodriguezfabres.es de FUNDACI\u00d3N VICENTE RODR\u00cdGUEZ FABR\u00c9S con CIF G37014925 con domicilio en la localidad de Paseo del Tormes 31-77, 37008 Salamanca e Inscrita en el REGISTRO DE FUNDACIONES DE CASTILLA &hellip; <\/p>\n","protected":false},"author":1,"featured_media":0,"parent":0,"menu_order":0,"comment_status":"closed","ping_status":"closed","template":"page-templates\/blank-page.php","meta":{"inline_featured_image":false,"footnotes":""},"class_list":["post-17133","page","type-page","status-publish","hentry"],"_links":{"self":[{"href":"https:\/\/prodistele.com\/fabres\/wp-json\/wp\/v2\/pages\/17133","targetHints":{"allow":["GET"]}}],"collection":[{"href":"https:\/\/prodistele.com\/fabres\/wp-json\/wp\/v2\/pages"}],"about":[{"href":"https:\/\/prodistele.com\/fabres\/wp-json\/wp\/v2\/types\/page"}],"author":[{"embeddable":true,"href":"https:\/\/prodistele.com\/fabres\/wp-json\/wp\/v2\/users\/1"}],"replies":[{"embeddable":true,"href":"https:\/\/prodistele.com\/fabres\/wp-json\/wp\/v2\/comments?post=17133"}],"version-history":[{"count":7,"href":"https:\/\/prodistele.com\/fabres\/wp-json\/wp\/v2\/pages\/17133\/revisions"}],"predecessor-version":[{"id":17142,"href":"https:\/\/prodistele.com\/fabres\/wp-json\/wp\/v2\/pages\/17133\/revisions\/17142"}],"wp:attachment":[{"href":"https:\/\/prodistele.com\/fabres\/wp-json\/wp\/v2\/media?parent=17133"}],"curies":[{"name":"wp","href":"https:\/\/api.w.org\/{rel}","templated":true}]}}