{"id":17,"date":"2024-04-09T11:39:18","date_gmt":"2024-04-09T09:39:18","guid":{"rendered":"https:\/\/prodistele.com\/fabres\/?page_id=17"},"modified":"2024-05-09T09:49:28","modified_gmt":"2024-05-09T07:49:28","slug":"aviso","status":"publish","type":"page","link":"https:\/\/prodistele.com\/fabres\/aviso\/","title":{"rendered":"Aviso legal y Pol\u00edtica de privacidad"},"content":{"rendered":"\n<p>El presente aviso legal regula el uso del sitio web www.fundacionrodriguezfabres.es de FUNDACI\u00d3N VICENTE RODR\u00cdGUEZ FABR\u00c9S con CIF G37014925 con domicilio en la localidad de Paseo del Tormes 31-77, 37008 Salamanca e Inscrita en el REGISTRO DE FUNDACIONES DE CASTILLA Y LE\u00d3N N\u00ba 37\/0022.<\/p>\n\n\n\n<p>LEGISLACI\u00d3N<\/p>\n\n\n\n<p>Con car\u00e1cter general las relaciones entre FUNDACI\u00d3N VICENTE RODR\u00cdGUEZ FABR\u00c9S con los Usuarios de sus servicios telem\u00e1ticos, presentes en este sitio web, se encuentran sometidas a la legislaci\u00f3n y jurisdicci\u00f3n espa\u00f1olas.<\/p>\n\n\n\n<p>USO Y ACCESO DE USUARIOS<\/p>\n\n\n\n<p>El Usuario queda informado, y acepta, que el acceso a la presente web no supone, en modo alguno, el inicio de una relaci\u00f3n comercial con FUNDACI\u00d3N VICENTE RODR\u00cdGUEZ FABR\u00c9S o cualquiera de sus delegaciones.<\/p>\n\n\n\n<p>PROPIEDAD INTELECTUAL E INDUSTRIAL<\/p>\n\n\n\n<p>Los derechos de propiedad intelectual del contenido de las p\u00e1ginas web, su dise\u00f1o gr\u00e1fico y c\u00f3digos son titularidad de FUNDACI\u00d3N VICENTE RODR\u00cdGUEZ FABR\u00c9S y, por tanto, queda prohibida su reproducci\u00f3n, distribuci\u00f3n, comunicaci\u00f3n p\u00fablica, transformaci\u00f3n o cualquier otra actividad que se pueda realizar con los contenidos de sus p\u00e1ginas web ni a\u00fan citando las fuentes, salvo consentimiento por escrito de FUNDACI\u00d3N VICENTE RODR\u00cdGUEZ FABR\u00c9S.<\/p>\n\n\n\n<p>CONTENIDO DE LA WEB Y ENLACES (LINKS)<\/p>\n\n\n\n<p>FUNDACI\u00d3N VICENTE RODR\u00cdGUEZ FABR\u00c9S se reserva el derecho a actualizar, modificar o eliminar la informaci\u00f3n contenida en sus p\u00e1ginas web pudiendo incluso limitar o no permitir el acceso a dicha informaci\u00f3n a ciertos usuarios.<\/p>\n\n\n\n<p>FUNDACI\u00d3N VICENTE RODR\u00cdGUEZ FABR\u00c9S no asume responsabilidad alguna por la informaci\u00f3n contenida en p\u00e1ginas web de terceros a las que se pueda acceder por &#8220;links&#8221; o enlaces desde cualquier p\u00e1gina web propiedad de FUNDACI\u00d3N VICENTE RODR\u00cdGUEZ FABR\u00c9S. La presencia de &#8220;links&#8221; o enlaces en las p\u00e1ginas web de FUNDACI\u00d3N VICENTE RODR\u00cdGUEZ FABR\u00c9S tiene finalidad meramente informativa y en ning\u00fan caso supone sugerencia, invitaci\u00f3n o recomendaci\u00f3n sobre los mismos.<\/p>\n\n\n\n<p><strong>AVISO LEGAL<\/strong><\/p>\n\n\n\n<p>El presente aviso legal regula el uso del sitio web www.fundacionrodriguezfabres.es de FUNDACI\u00d3N RODR\u00cdGUEZ FABR\u00c9S con CIF G37014925, domicilio en Paseo del Tormes 31, 37008 Salamanca e Inscrita en el Registro de Fundaciones de Castilla y Le\u00f3n con el n\u00famero 37\/0022.<\/p>\n\n\n\n<p><strong>Legislaci\u00f3n<\/strong><br>Con car\u00e1cter general las relaciones entre FUNDACI\u00d3N RODR\u00cdGUEZ FABR\u00c9S y los Usuarios de sus servicios telem\u00e1ticos, presentes en este sitio web, se encuentran sometidas a la legislaci\u00f3n y jurisdicci\u00f3n espa\u00f1olas.<\/p>\n\n\n\n<p><strong>Uso y acceso de usuarios<\/strong><br>El Usuario queda informado y acepta que el acceso a la presente web no supone, en modo alguno, el inicio de una relaci\u00f3n comercial con FUNDACI\u00d3N RODR\u00cdGUEZ FABR\u00c9S o cualquiera de sus delegaciones.<\/p>\n\n\n\n<p><strong>Propiedad intelectual e industrial<\/strong><br>Los derechos de propiedad intelectual del contenido de las p\u00e1ginas web, su dise\u00f1o gr\u00e1fico y c\u00f3digos son titularidad de FUNDACI\u00d3N RODR\u00cdGUEZ FABR\u00c9S y, por tanto, queda prohibida su reproducci\u00f3n, distribuci\u00f3n, comunicaci\u00f3n p\u00fablica, transformaci\u00f3n o cualquier otra actividad que se pueda realizar con los contenidos de sus p\u00e1ginas web ni aun citando las fuentes, salvo consentimiento por escrito de FUNDACI\u00d3N RODR\u00cdGUEZ FABR\u00c9S.<\/p>\n\n\n\n<p><strong>Contenido de la web y enlaces (LINKS)<\/strong><br>FUNDACI\u00d3N RODR\u00cdGUEZ FABR\u00c9S se reserva el derecho a actualizar, modificar o eliminar la informaci\u00f3n contenida en sus p\u00e1ginas web pudiendo incluso limitar o no permitir el acceso a dicha informaci\u00f3n a ciertos usuarios.<br>FUNDACI\u00d3N RODR\u00cdGUEZ FABR\u00c9S no asume responsabilidad alguna por la informaci\u00f3n contenida en p\u00e1ginas web de terceros a las que se pueda acceder por &#8220;links&#8221; o enlaces desde cualquier p\u00e1gina web propiedad de FUNDACI\u00d3N RODR\u00cdGUEZ FABR\u00c9S. La presencia de &#8220;links&#8221; o enlaces en las p\u00e1ginas web de FUNDACI\u00d3N RODR\u00cdGUEZ FABR\u00c9S tiene finalidad meramente informativa y en ning\u00fan caso supone sugerencia, invitaci\u00f3n o recomendaci\u00f3n sobre los mismos.<\/p>\n\n\n\n<p><strong>Formulario<\/strong> <strong>para votaciones<\/strong><\/p>\n\n\n\n<p>Responsable del tratamiento: Fundaci\u00f3n Rodr\u00edguez Fabr\u00e9s<\/p>\n\n\n\n<p>La finalidad de la recogida y tratamiento de los datos personales que se solicitan es para la participaci\u00f3n del concurso en cuesti\u00f3n.<br>Legitimaci\u00f3n: Consentimiento del interesado. En ning\u00fan caso se utilizar\u00e1n para realizar actividades comerciales. No se ceder\u00e1n datos a terceros.<br>El no introducir los datos de car\u00e1cter personal que aparecen en el formulario como obligatorios podr\u00e1 tener como consecuencia que no pueda atender su solicitud. <\/p>\n\n\n\n<p>Podr\u00e1 ejercer sus derechos de acceso, rectificaci\u00f3n, limitaci\u00f3n y suprimir los datos en administracion@fundacionrodriguezfabres.es as\u00ed como el derecho a presentar una reclamaci\u00f3n ante una autoridad de control. Puede consultar la informaci\u00f3n adicional y detallada sobre Protecci\u00f3n de Datos en nuestra p\u00e1gina web as\u00ed como nuestra pol\u00edtica de privacidad.<\/p>\n\n\n\n<p><strong>Formulario de contacto<\/strong><\/p>\n\n\n\n<p>El Usuario ha prestado su consentimiento para solicitar informaci\u00f3n a trav\u00e9s del formulario de Contacto. Usted es libre de retirar su consentimiento contactando con nosotros. Sin embargo, la retirada de este consentimiento puede afectar a nuestra capacidad para atender la prestaci\u00f3n del servicio solicitado.<\/p>\n\n\n\n<p>\u00danicamente solicitamos la informaci\u00f3n imprescindible para dar cumplimiento a la prestaci\u00f3n de servicio que usted nos solicite.<\/p>\n\n\n\n<p>Cuando necesitamos recopilar datos personales por ley o seg\u00fan los t\u00e9rminos de un contrato, y usted no proporciona esa informaci\u00f3n cuando se solicita, es posible que no podamos cumplir el contrato que tenemos suscrito o estamos tratando de celebrar con usted. En dicho caso, es posible que no podamos concertar el contrato que desea suscribir o que tengamos que cancelar un servicio que tenga contratado, si bien se lo notificaremos debidamente.<\/p>\n\n\n\n<p>La informaci\u00f3n personal que recogemos incluye, entre otros, los siguientes datos:<\/p>\n\n\n\n<p>En relaci\u00f3n a los solicitantes de una Beca o Programa de Formaci\u00f3n: su nombre, apellidos, datos de contacto y de formaci\u00f3n (estudios, cursos, pr\u00e1cticas\u2026), y cualquier otro tipo de informaci\u00f3n que pueda haber incluido.<br>Cualquier informaci\u00f3n que usted nos proporcione cuando utilice nuestros formularios de contacto (por ejemplo, \u201cContactar\u201d). La provisi\u00f3n de su informaci\u00f3n personal por medio de los formularios de contacto no es una exigencia obligatoria o contractual. Sin embargo, los campos marcados con un asterisco son obligatorios porque necesitamos esta informaci\u00f3n para cumplir o responder su solicitud.<br>A efectos de seguridad t\u00e9cnica y diagn\u00f3stico de sistemas, de forma anonimizada o pseudonimizada, La Fundaci\u00f3n Rodr\u00edguez Fabr\u00e9s puede registrar la direcci\u00f3n IP (n\u00famero de identificaci\u00f3n del acceso a Internet del dispositivo, que permite a los dispositivos, sistemas y servidores reconocerse y comunicarse entre s\u00ed). Dicha informaci\u00f3n podr\u00e1 ser empleada con finalidades anal\u00edticas de rendimiento web.<\/p>\n\n\n\n<p><strong>Finalidad del tratamiento de datos<\/strong><\/p>\n\n\n\n<p>&#8211; La tramitaci\u00f3n y gesti\u00f3n de la solicitud de informaci\u00f3n y\/o asesoramiento a trav\u00e9s de este sitio, por tel\u00e9fono o por correo electr\u00f3nico.<br>&#8211; Prestar los servicios incluidos en el Sitio Web y\/o facilitar la informaci\u00f3n solicitada, ya sea v\u00eda web, por correo electr\u00f3nico o telef\u00f3nicamente.<br>&#8211; La realizaci\u00f3n de estudios de an\u00e1lisis del sitio web con fines estad\u00edsticos, con la finalidad de mejora de la informaci\u00f3n ofrecida a trav\u00e9s del mismo.<br>&#8211; La realizaci\u00f3n de estudios estad\u00edsticos con la finalidad de mejorar los servicios propios de la fundaci\u00f3n Rodr\u00edguez Fabr\u00e9s.<br>Solo utilizaremos sus datos personales para los fines para los que han sido recogidos, a menos que consideremos razonablemente que debemos usarlos por alguna otra raz\u00f3n y esa raz\u00f3n sea compatible con el prop\u00f3sito original.<\/p>\n\n\n\n<p>En el supuesto de que necesit\u00e1ramos utilizar su informaci\u00f3n personal para fines no relacionados, se lo notificaremos con la antelaci\u00f3n suficiente y le explicaremos la base legal que nos permite hacerlo.<\/p>\n\n\n\n<p>Previamente al env\u00edo de datos personales a trav\u00e9s de cualquier formulario del sitio web, usted debe aceptar expresamente el tratamiento de sus datos personales conforme a la presente Pol\u00edtica de Privacidad, lo que a efectos legales supone que ha prestado el consentimiento inequ\u00edvoco, libre, espec\u00edfico e informado, para el tratamiento de sus datos personales con las finalidades indicadas.<\/p>\n\n\n\n<p><strong>\u00bfCon qui\u00e9n compartimos su informaci\u00f3n?<\/strong><\/p>\n\n\n\n<p>No se divulga la informaci\u00f3n a terceros excepto cuando:<\/p>\n\n\n\n<p>La divulgaci\u00f3n es requerida por la ley o por un \u00d3rgano de la Administraci\u00f3n con autoridad sobre nosotros o usted, como cuando hay una orden judicial, obligaci\u00f3n legal, etc.;<br>Creemos que dicha divulgaci\u00f3n es necesaria para ayudar en la prevenci\u00f3n o detecci\u00f3n de cualquier acci\u00f3n criminal (incluido el fraude) o en el inter\u00e9s<\/p>\n\n\n\n<p><strong>Cookies<\/strong><br>Una cookie (o galleta inform\u00e1tica) es una peque\u00f1a informaci\u00f3n enviada por un sitio web y almacenada en el navegador del usuario, de manera que el sitio web puede consultar la actividad previa del usuario.<\/p>\n\n\n\n<p>Sus principales funciones son:<\/p>\n\n\n\n<p>Una cookie no identifica solo a una persona, sino a una combinaci\u00f3n de computador-navegador-usuario.<br>Busca conseguir informaci\u00f3n sobre los h\u00e1bitos de navegaci\u00f3n del usuario.<br>Las cookies pueden ser borradas, aceptadas o bloqueadas seg\u00fan desee, para esto s\u00f3lo puede configurarse convenientemente en el navegador web.<\/p>\n\n\n\n<p>Ls Fundaci\u00f3n Rodr\u00edguez Fabr\u00e9s emplea Cookies propias y de terceros. Puede ampliar la informaci\u00f3n consultando nuestra Pol\u00edtica de Cookies.<\/p>\n\n\n\n<p><strong>Retenci\u00f3n de datos personales<\/strong><br>Guardaremos sus datos personales solo durante el tiempo que sea necesario y para el prop\u00f3sito para el que se recopilaron originalmente, seg\u00fan la base jur\u00eddica del tratamiento que lo autoriza y de conformidad con la ley aplicable.<\/p>\n\n\n\n<p>De este modo, mantendremos su informaci\u00f3n personal mientras exista una relaci\u00f3n con usted, o mientras usted no ejerza su derecho de supresi\u00f3n, cancelaci\u00f3n y\/o limitaci\u00f3n del tratamiento de sus datos.<\/p>\n\n\n\n<p>Asimismo, deberemos mantener la informaci\u00f3n mientras pueda ser necesaria para el ejercicio o defensa de reclamaciones, o pueda derivarse alg\u00fan tipo de responsabilidad judicial, legal o contractual de su tratamiento, o cuando se nos exija guardar sus datos personales debido a razones legales o reglamentarias.<\/p>\n\n\n\n<p>No obstante, los datos permanecer\u00e1n en situaci\u00f3n de bloqueo durante los plazos que determina la normativa especificada anteriormente, a fin de poder atender las responsabilidades que se pudieran generar. Transcurridos dichos plazos se proceder\u00e1 a su supresi\u00f3n, salvo que el interesado haya autorizado su tratamiento para finalidades concretas por un plazo superior.<\/p>\n\n\n\n<p>Por \u00faltimo, en algunas circunstancias podemos anonimizar sus datos personales (para que ya no puedan asociarse con usted) con fines estad\u00edsticos, en cuyo caso podremos utilizar esta informaci\u00f3n indefinidamente sin previo aviso.<\/p>\n\n\n\n<p><strong>Sus derechos<\/strong><\/p>\n\n\n\n<p>Usted puede ejercitar gratuitamente sus Derechos de Acceso, Rectificaci\u00f3n, Supresi\u00f3n, Oposici\u00f3n y Limitaci\u00f3n al tratamiento de sus datos, as\u00ed como a la portabilidad de los mismos y a no ser objeto de una decisi\u00f3n basada \u00fanicamente en el tratamiento automatizado, incluida la elaboraci\u00f3n de perfiles.<\/p>\n\n\n\n<p>En concreto, tiene Derecho a:<\/p>\n\n\n\n<p>&#8211; Que le proporcionemos m\u00e1s detalles sobre el uso que hacemos de sus datos personales \/ categor\u00eda especial de datos.<br>&#8211; Que le facilitemos el acceso a sus datos personales, obteniendo incluso una copia de la informaci\u00f3n personal que usted nos haya proporcionado;<br>&#8211; Que actualicemos cualquier inexactitud en sus datos personales;<br>&#8211; Que eliminemos cualquier categor\u00eda de datos personales que ya no tengan una base legal para su uso;<br>&#8211; Cuando el tratamiento se base en el consentimiento, retirar su consentimiento prestado (sin efectos retroactivos) a fin de que cesemos en el tratamiento basado en dicho consentimiento;<br>&#8211; Oponerse a cualquier tratamiento basado en el inter\u00e9s leg\u00edtimo, a menos que nuestros motivos para llevar a cabo ese tratamiento superen cualquier perjuicio a sus Derechos de protecci\u00f3n de datos.<\/p>\n\n\n\n<p>Si usted desea ejercitar cualquiera de los derechos enunciados anteriormente, por favor, p\u00f3ngase en contacto con nosotros a trav\u00e9s de:<\/p>\n\n\n\n<p>Correo electr\u00f3nico dirigido a administracion@fundacionrodriguezfabres.es<br>Comunicaci\u00f3n escrita dirigida a:<br>FUNDACION RODRIGUEZ FABRES<br>Paseo del Tormes, 31-77<br>37008- Salamanca<\/p>\n\n\n\n<p>En dicha comunicaci\u00f3n deber\u00e1 se\u00f1alar como asunto \u201cProtecci\u00f3n de datos Personales\u201d, indicar su nombre y apellidos, la petici\u00f3n razonada en que se concreta la solicitud, fecha y firma.<\/p>\n\n\n\n<p>Asimismo, si usted tiene alguna pregunta\/cuesti\u00f3n sobre la presente Pol\u00edtica de Privacidad o en relaci\u00f3n con nuestro uso\/tratamiento de sus datos personales, puede ponerse en contacto con nuestro Delegado de Protecci\u00f3n de Datos a trav\u00e9s de la direcci\u00f3n administracion@fundacionrodriguezfabres.es<\/p>\n\n\n\n<p>En el supuesto de que finalmente no est\u00e9 satisfecho con el uso que hacemos de sus datos personales o con nuestra respuesta ante cualquier solicitud de Derechos que ejercite, puede realizar la oportuna queja ante la AGENCIA ESPA\u00d1OLA DE PROTECCI\u00d3N DE DATOS.<\/p>\n\n\n\n<p><br><\/p>\n","protected":false},"excerpt":{"rendered":"<p>El presente aviso legal regula el uso del sitio web www.fundacionrodriguezfabres.es de FUNDACI\u00d3N VICENTE RODR\u00cdGUEZ FABR\u00c9S con CIF G37014925 con domicilio en la localidad de Paseo del Tormes 31-77, 37008 Salamanca e Inscrita en el REGISTRO DE FUNDACIONES DE CASTILLA &hellip; <\/p>\n","protected":false},"author":1,"featured_media":0,"parent":0,"menu_order":0,"comment_status":"closed","ping_status":"closed","template":"","meta":{"inline_featured_image":false,"footnotes":""},"class_list":["post-17","page","type-page","status-publish","hentry"],"_links":{"self":[{"href":"https:\/\/prodistele.com\/fabres\/wp-json\/wp\/v2\/pages\/17","targetHints":{"allow":["GET"]}}],"collection":[{"href":"https:\/\/prodistele.com\/fabres\/wp-json\/wp\/v2\/pages"}],"about":[{"href":"https:\/\/prodistele.com\/fabres\/wp-json\/wp\/v2\/types\/page"}],"author":[{"embeddable":true,"href":"https:\/\/prodistele.com\/fabres\/wp-json\/wp\/v2\/users\/1"}],"replies":[{"embeddable":true,"href":"https:\/\/prodistele.com\/fabres\/wp-json\/wp\/v2\/comments?post=17"}],"version-history":[{"count":16,"href":"https:\/\/prodistele.com\/fabres\/wp-json\/wp\/v2\/pages\/17\/revisions"}],"predecessor-version":[{"id":17168,"href":"https:\/\/prodistele.com\/fabres\/wp-json\/wp\/v2\/pages\/17\/revisions\/17168"}],"wp:attachment":[{"href":"https:\/\/prodistele.com\/fabres\/wp-json\/wp\/v2\/media?parent=17"}],"curies":[{"name":"wp","href":"https:\/\/api.w.org\/{rel}","templated":true}]}}