{"id":16621,"date":"2024-04-09T11:41:20","date_gmt":"2024-04-09T09:41:20","guid":{"rendered":"https:\/\/prodistele.com\/fabres\/?page_id=16621"},"modified":"2024-04-09T11:41:39","modified_gmt":"2024-04-09T09:41:39","slug":"politica-de-privacidad","status":"publish","type":"page","link":"https:\/\/prodistele.com\/fabres\/politica-de-privacidad\/","title":{"rendered":"Pol\u00edtica de privacidad"},"content":{"rendered":"\n<p>En relaci\u00f3n con los datos de car\u00e1cter personal que va a proporcionar, se informa al interesado de lo siguiente:<\/p>\n\n\n\n<p><strong>\u00bfQui\u00e9n es el responsable de sus datos?<\/strong><br>FUNDACI\u00d3N RODRIGUEZ FABR\u00c9S<br>CIF: G37014925<br>DIRECCI\u00d3N POSTAL: Paseo del Tormes 31, 37008 Salamanca<br>TEL\u00c9FONO: 923214003<br>CORREO ELECTR\u00d3NICO:&nbsp;<a href=\"mailto:administracion@fundacionrodriguezfabres.es\">administracion@fundacionrodriguezfabres.es<\/a><br>P\u00c1GINA WEB: http:\/\/www.fundacionrodriguezfabres.es\/<\/p>\n\n\n\n<p><strong>\u00bfCon qu\u00e9 finalidad y con qu\u00e9 bases jur\u00eddicas tratamos sus datos personales?<\/strong><\/p>\n\n\n\n<p>a) En relaci\u00f3n con la solicitud de becas y ayudas:<br>Finalidad 1: Gesti\u00f3n del procedimiento de adjudicaci\u00f3n y seguimiento de becas.<br>Base jur\u00eddica que legitima el tratamiento: la ejecuci\u00f3n de la relaci\u00f3n precontractual con FUNDACI\u00d3N RODR\u00cdGUEZ FABR\u00c9S derivada del registro de solicitud realizada.<\/p>\n\n\n\n<p>b) En relaci\u00f3n con el env\u00edo de mensajes a los correos electr\u00f3nicos:<br>Finalidad 1: gestionar los mensajes enviados por parte del usuario.<br>Base jur\u00eddica que legitima el tratamiento: la ejecuci\u00f3n de la relaci\u00f3n precontractual derivada del mensaje enviado.<br>\u00bfEs obligatorio el facilitar los datos para recibir el servicio?<br>Facilitar los datos que se piden es necesario para que podamos atender su petici\u00f3n. De no hacerlo, no podr\u00e1 ser atendido.<\/p>\n\n\n\n<p><strong>\u00bfCu\u00e1ndo y por qu\u00e9 motivo podemos facilitar sus datos a terceros?<\/strong><br>Sus datos podr\u00e1n ser cedidos a los destinatarios que se indican a continuaci\u00f3n, por los motivos que se explican:<br>&#8211; Administraciones P\u00fablicas: para el cumplimiento de las obligaciones legales a las que FUNDACI\u00d3N RODR\u00cdGUEZ FABR\u00c9S est\u00e1 sujeta por su actividad.<br>Si en el futuro FUNDACI\u00d3N RODR\u00cdGUEZ FABR\u00c9S deseara realizar otras cesiones de datos personales, le informaremos oportunamente.<\/p>\n\n\n\n<p><strong>\u00bfCu\u00e1nto tiempo conservaremos sus datos personales?<\/strong><br>Sus datos personales se conservar\u00e1n mientras se mantenga su relaci\u00f3n con FUNDACI\u00d3N RODR\u00cdGUEZ FABR\u00c9S y, tras la finalizaci\u00f3n de dicha relaci\u00f3n por cualquier causa, durante los plazos de prescripci\u00f3n legales que sean de aplicaci\u00f3n. En este supuesto, se tratar\u00e1n al solo efecto de acreditar el cumplimiento de nuestras obligaciones legales o contractuales. Finalizados dichos plazos de prescripci\u00f3n, sus datos ser\u00e1n eliminados o anonimizados.<\/p>\n\n\n\n<p><strong>\u00bfCu\u00e1les son sus derechos?<\/strong><br>Puede ejercitar sus derechos de acceso, rectificaci\u00f3n, supresi\u00f3n, portabilidad, limitaci\u00f3n y oposici\u00f3n al tratamiento, a trav\u00e9s de las direcciones postal y electr\u00f3nica indicadas.<br>Para ejercer dichos derechos y en cumplimiento de la Instrucci\u00f3n 1\/1998 de 19 de enero, de la Agencia Espa\u00f1ola de Protecci\u00f3n de Datos, es necesario que el usuario acredite su personalidad frente a FUNDACI\u00d3N RODR\u00cdGUEZ FABR\u00c9S mediante el env\u00edo de fotocopia de Documento Nacional de Identidad o cualquier otro medio v\u00e1lido en Derecho.<br>Asimismo, si considera que el tratamiento de sus datos personales vulnera la normativa o sus derechos de privacidad, puede presentar una reclamaci\u00f3n:<br>&#8211; Ante la Agencia Espa\u00f1ola de Protecci\u00f3n de Datos, a trav\u00e9s de su sede electr\u00f3nica www.agpd.es o de su direcci\u00f3n postal, calle Jorge Juan 6, 28001 Madrid.<\/p>\n","protected":false},"excerpt":{"rendered":"<p>En relaci\u00f3n con los datos de car\u00e1cter personal que va a proporcionar, se informa al interesado de lo siguiente: \u00bfQui\u00e9n es el responsable de sus datos?FUNDACI\u00d3N RODRIGUEZ FABR\u00c9SCIF: G37014925DIRECCI\u00d3N POSTAL: Paseo del Tormes 31, 37008 SalamancaTEL\u00c9FONO: 923214003CORREO ELECTR\u00d3NICO:&nbsp;administracion@fundacionrodriguezfabres.esP\u00c1GINA WEB: http:\/\/www.fundacionrodriguezfabres.es\/ &hellip; <\/p>\n","protected":false},"author":1,"featured_media":0,"parent":0,"menu_order":0,"comment_status":"closed","ping_status":"closed","template":"","meta":{"inline_featured_image":false,"footnotes":""},"class_list":["post-16621","page","type-page","status-publish","hentry"],"_links":{"self":[{"href":"https:\/\/prodistele.com\/fabres\/wp-json\/wp\/v2\/pages\/16621","targetHints":{"allow":["GET"]}}],"collection":[{"href":"https:\/\/prodistele.com\/fabres\/wp-json\/wp\/v2\/pages"}],"about":[{"href":"https:\/\/prodistele.com\/fabres\/wp-json\/wp\/v2\/types\/page"}],"author":[{"embeddable":true,"href":"https:\/\/prodistele.com\/fabres\/wp-json\/wp\/v2\/users\/1"}],"replies":[{"embeddable":true,"href":"https:\/\/prodistele.com\/fabres\/wp-json\/wp\/v2\/comments?post=16621"}],"version-history":[{"count":2,"href":"https:\/\/prodistele.com\/fabres\/wp-json\/wp\/v2\/pages\/16621\/revisions"}],"predecessor-version":[{"id":16623,"href":"https:\/\/prodistele.com\/fabres\/wp-json\/wp\/v2\/pages\/16621\/revisions\/16623"}],"wp:attachment":[{"href":"https:\/\/prodistele.com\/fabres\/wp-json\/wp\/v2\/media?parent=16621"}],"curies":[{"name":"wp","href":"https:\/\/api.w.org\/{rel}","templated":true}]}}