{"id":16453,"date":"2024-04-08T12:35:33","date_gmt":"2024-04-08T10:35:33","guid":{"rendered":"https:\/\/prodistele.com\/fabres\/?page_id=16453"},"modified":"2024-07-04T18:07:51","modified_gmt":"2024-07-04T16:07:51","slug":"solicitud","status":"publish","type":"page","link":"https:\/\/prodistele.com\/fabres\/becas\/solicitud\/","title":{"rendered":"Solicitud de becas"},"content":{"rendered":"\t\t<div data-elementor-type=\"wp-page\" data-elementor-id=\"16453\" class=\"elementor elementor-16453\">\n\t\t\t\t\t\t\t<div class=\"elementor-element elementor-element-c4c0303 e-con-boxed e-con\" data-id=\"c4c0303\" data-element_type=\"container\" data-settings=\"{&quot;content_width&quot;:&quot;boxed&quot;}\">\n\t\t\t\t\t<div class=\"e-con-inner\">\n\t\t<div class=\"elementor-element elementor-element-ac35635 e-con-boxed e-con\" data-id=\"ac35635\" data-element_type=\"container\" data-settings=\"{&quot;background_background&quot;:&quot;classic&quot;,&quot;content_width&quot;:&quot;boxed&quot;}\">\n\t\t\t\t\t<div class=\"e-con-inner\">\n\t\t\t\t\t<\/div>\n\t\t\t\t<\/div>\n\t\t\t\t\t<\/div>\n\t\t\t\t<\/div>\n\t\t\t\t<section class=\"elementor-section elementor-top-section elementor-element elementor-element-d969223 elementor-section-stretched elementor-section-boxed elementor-section-height-default elementor-section-height-default\" data-id=\"d969223\" data-element_type=\"section\" data-settings=\"{&quot;stretch_section&quot;:&quot;section-stretched&quot;}\">\n\t\t\t\t\t\t<div class=\"elementor-container elementor-column-gap-no\">\n\t\t\t\t\t<div class=\"elementor-column elementor-col-50 elementor-top-column elementor-element elementor-element-b100885\" data-id=\"b100885\" data-element_type=\"column\">\n\t\t\t<div class=\"elementor-widget-wrap elementor-element-populated\">\n\t\t\t\t\t\t\t\t<div class=\"elementor-element elementor-element-dd4826b elementor-widget elementor-widget-text-editor\" data-id=\"dd4826b\" data-element_type=\"widget\" data-widget_type=\"text-editor.default\">\n\t\t\t\t<div class=\"elementor-widget-container\">\n\t\t\t<style>\/*! elementor - v3.8.1 - 13-11-2022 *\/\n.elementor-widget-text-editor.elementor-drop-cap-view-stacked .elementor-drop-cap{background-color:#818a91;color:#fff}.elementor-widget-text-editor.elementor-drop-cap-view-framed .elementor-drop-cap{color:#818a91;border:3px solid;background-color:transparent}.elementor-widget-text-editor:not(.elementor-drop-cap-view-default) .elementor-drop-cap{margin-top:8px}.elementor-widget-text-editor:not(.elementor-drop-cap-view-default) .elementor-drop-cap-letter{width:1em;height:1em}.elementor-widget-text-editor .elementor-drop-cap{float:left;text-align:center;line-height:1;font-size:50px}.elementor-widget-text-editor .elementor-drop-cap-letter{display:inline-block}<\/style>\t\t\t\t<p>La solicitud puede recogerse todos los d\u00edas laborables en la Administraci\u00f3n de la Fundaci\u00f3n, en la Residencia de Estudiantes, en el Centro Integrado de Formaci\u00f3n Profesional Rodr\u00edguez Fabr\u00e9s y en la Residencia adscrita al C.I.F.P.<\/p><p>Ver <strong><a href=\"https:\/\/prodistele.com\/fabres\/wp-content\/uploads\/2024\/06\/FOLLETOBECAS-FVRF_2024-2025_alta.pdf\" target=\"_blank\" rel=\"noopener\">folleto informativo<\/a><\/strong><\/p>\t\t\t\t\t\t<\/div>\n\t\t\t\t<\/div>\n\t\t\t\t<section class=\"elementor-section elementor-inner-section elementor-element elementor-element-655e9e4 elementor-section-boxed elementor-section-height-default elementor-section-height-default\" data-id=\"655e9e4\" data-element_type=\"section\">\n\t\t\t\t\t\t<div class=\"elementor-container elementor-column-gap-custom\">\n\t\t\t\t\t<div class=\"elementor-column elementor-col-100 elementor-inner-column elementor-element elementor-element-7f20a56\" data-id=\"7f20a56\" data-element_type=\"column\">\n\t\t\t<div class=\"elementor-widget-wrap elementor-element-populated\">\n\t\t\t\t\t\t\t\t<div class=\"elementor-element elementor-element-8d639da iconbox--tablettext-left iconbox-text-left elementor-widget elementor-widget-thim-icon-box\" data-id=\"8d639da\" data-element_type=\"widget\" data-widget_type=\"thim-icon-box.default\">\n\t\t\t\t<div class=\"elementor-widget-container\">\n\t\t\t<div class=\"thim-widget-icon-box\"><div class=\"wrapper-box-icon layout_text_number text-left \"><div class=\"smicon-box iconbox-left\"><div class=\"boxes-icon\"><span class=\"inner-icon\"><span class=\"text-number-icon\">1<\/span><\/span><\/div><div class=\"content-inner\"><div class=\"sc-heading\"><h3 class=\"heading__primary\">DOCUMENTO DE SOLICITUD DE BECA<\/h3><\/div><div class=\"desc-icon-box\"><div class=\"desc-content\">Puedes descargarte la solicitud de beca para el presente curso en el siguiente enlace: <br>\n(PULSE <a href=https:\/\/prodistele.com\/fabres\/wp-content\/uploads\/2024\/06\/Solicitud-beca-2024-2025.pdf\" target=\"_blank\">AQU\u00cd <\/a>PARA DESCARGAR EL PDF)<\/div><\/div><\/div><\/div><\/div><\/div>\t\t<\/div>\n\t\t\t\t<\/div>\n\t\t\t\t<div class=\"elementor-element elementor-element-9880761 iconbox--tablettext-left iconbox-text-left elementor-widget elementor-widget-thim-icon-box\" data-id=\"9880761\" data-element_type=\"widget\" data-widget_type=\"thim-icon-box.default\">\n\t\t\t\t<div class=\"elementor-widget-container\">\n\t\t\t<div class=\"thim-widget-icon-box\"><div class=\"wrapper-box-icon layout_text_number text-left \"><div class=\"smicon-box iconbox-left\"><div class=\"boxes-icon\"><span class=\"inner-icon\"><span class=\"text-number-icon\">2<\/span><\/span><\/div><div class=\"content-inner\"><div class=\"sc-heading\"><h3 class=\"heading__primary\">\tPLAZO DE ENTREGA<\/h3><\/div><div class=\"desc-icon-box\"><div class=\"desc-content\">Una vez finalizado el plazo oficial de matr\u00edcula, se dispondr\u00e1 de 10 d\u00edas naturales m\u00e1s para entregar la solicitud y la documentaci\u00f3n requerida.<\/div><\/div><\/div><\/div><\/div><\/div>\t\t<\/div>\n\t\t\t\t<\/div>\n\t\t\t\t<div class=\"elementor-element elementor-element-795046c iconbox--tablettext-left iconbox-text-left elementor-widget elementor-widget-thim-icon-box\" data-id=\"795046c\" data-element_type=\"widget\" data-widget_type=\"thim-icon-box.default\">\n\t\t\t\t<div class=\"elementor-widget-container\">\n\t\t\t<div class=\"thim-widget-icon-box\"><div class=\"wrapper-box-icon layout_text_number text-left \"><div class=\"smicon-box iconbox-left\"><div class=\"boxes-icon\"><span class=\"inner-icon\"><span class=\"text-number-icon\">3<\/span><\/span><\/div><div class=\"content-inner\"><div class=\"sc-heading\"><h3 class=\"heading__primary\"> LUGAR DE ENTREGA<\/h3><\/div><div class=\"desc-icon-box\"><div class=\"desc-content\">La solicitud cumplimentada y la documentaci\u00f3n requerida pueden entregarse presencialmente en la Fundaci\u00f3n Vicente Rodr\u00edguez Fabr\u00e9s, Paseo del Tormes, 31-77, 37008 Salamanca, <BR> o\nenviarla por correo postal<BR> o por correo electr\u00f3nico:\n<a href=\"mailto: administracion@fundacionrodriguezfabres.es\">Administraci\u00f3n<\/a><BR>\n<a href=\"mailto: residencia@fundacionrodriguezfabres.es\">Residencia <\/a><\/div><\/div><\/div><\/div><\/div><\/div>\t\t<\/div>\n\t\t\t\t<\/div>\n\t\t\t\t\t<\/div>\n\t\t<\/div>\n\t\t\t\t\t\t\t<\/div>\n\t\t<\/section>\n\t\t\t\t<div class=\"elementor-element elementor-element-01cccba elementor-widget thim-widget-button\" data-id=\"01cccba\" data-element_type=\"widget\" data-widget_type=\"thim-button.default\">\n\t\t\t\t<div class=\"elementor-widget-container\">\n\t\t\t<a class=\"widget-button normal\" href=\"\/contactar\" target=\"_blank\" rel=\"nofollow\">CONTACTAR<\/a>\t\t<\/div>\n\t\t\t\t<\/div>\n\t\t\t\t\t<\/div>\n\t\t<\/div>\n\t\t\t\t<div class=\"elementor-column elementor-col-50 elementor-top-column elementor-element elementor-element-481a49c\" data-id=\"481a49c\" data-element_type=\"column\">\n\t\t\t<div class=\"elementor-widget-wrap elementor-element-populated\">\n\t\t\t\t\t\t\t\t<div class=\"elementor-element elementor-element-b19caf1 elementor-widget elementor-widget-thim-ekits-header-info\" data-id=\"b19caf1\" data-element_type=\"widget\" data-widget_type=\"thim-ekits-header-info.default\">\n\t\t\t\t<div class=\"elementor-widget-container\">\n\t\t\t\t\t<div class=\"header-info-swapper\">\n\t\t\t<ul class=\"thim-header-info\">\n\t\t\t\t\t\t\t\t\t\t<li>\n\t\t\t\t\t\t\t\t\t\t\t\t\t\t\t<a href=\"https:\/\/prodistele.com\/fabres\/becas\/\">\n\t\t\t\t\t\t\t\t\t\t\t\t\t\t\t\t\t\t\t\t\t\t\t\t\tBecas\t\t\t\t\t\t\t\t\t\t\t\t\t\t\t<\/a>\n\t\t\t\t\t\t\t\t\t\t\t\t\t<\/li>\n\t\t\t\t\t\t\t\t\t\t\t\t<li>\n\t\t\t\t\t\t\t\t\t\t\t\t\t\t\t<a href=\"https:\/\/prodistele.com\/fabres\/becas\/ofertas\/\">\n\t\t\t\t\t\t\t\t\t\t\t\t\t\t\t\t\t\t\t\t\t\t\t\t\t\u00bfQu\u00e9 ofrecemos?\t\t\t\t\t\t\t\t\t\t\t\t\t\t\t<\/a>\n\t\t\t\t\t\t\t\t\t\t\t\t\t<\/li>\n\t\t\t\t\t\t\t\t\t\t\t\t<li>\n\t\t\t\t\t\t\t\t\t\t\t\t\t\t\t<a href=\"https:\/\/prodistele.com\/fabres\/becas\/oferta-eductaiva\/\">\n\t\t\t\t\t\t\t\t\t\t\t\t\t\t\t\t\t\t\t\t\t\t\t\t\tOferta educativa\t\t\t\t\t\t\t\t\t\t\t\t\t\t\t<\/a>\n\t\t\t\t\t\t\t\t\t\t\t\t\t<\/li>\n\t\t\t\t\t\t\t\t\t\t\t\t<li>\n\t\t\t\t\t\t\t\t\t\t\t\t\t\t\t<a href=\"https:\/\/prodistele.com\/fabres\/becas\/solicitud\/\">\n\t\t\t\t\t\t\t\t\t\t\t\t\t\t\t\t\t\t\t\t\t\t\t\t\tSolicitud de becas\t\t\t\t\t\t\t\t\t\t\t\t\t\t\t<\/a>\n\t\t\t\t\t\t\t\t\t\t\t\t\t<\/li>\n\t\t\t\t\t\t\t\t\t\t\t\t<li>\n\t\t\t\t\t\t\t\t\t\t\t\t\t\t\t<a href=\"https:\/\/prodistele.com\/fabres\/wp-content\/uploads\/2024\/06\/FOLLETOBECAS-FVRF_2024-2025_alta.pdf\" target=\"_blank\">\n\t\t\t\t\t\t\t\t\t\t\t\t\t\t\t\t\t\t\t\t\t\t\t\t\tD\u00edptico en formato pdf\t\t\t\t\t\t\t\t\t\t\t\t\t\t\t<\/a>\n\t\t\t\t\t\t\t\t\t\t\t\t\t<\/li>\n\t\t\t\t\t\t\t\t\t<\/ul>\n\t\t<\/div>\n\t\t\t\t<\/div>\n\t\t\t\t<\/div>\n\t\t\t\t\t<\/div>\n\t\t<\/div>\n\t\t\t\t\t\t\t<\/div>\n\t\t<\/section>\n\t\t\t\t\t\t\t<\/div>\n\t\t","protected":false},"excerpt":{"rendered":"<p>La solicitud puede recogerse todos los d\u00edas laborables en la Administraci\u00f3n de la Fundaci\u00f3n, en la Residencia de Estudiantes, en el Centro Integrado de Formaci\u00f3n Profesional Rodr\u00edguez Fabr\u00e9s y en la Residencia adscrita al C.I.F.P. Ver folleto informativo 1 DOCUMENTO &hellip; <\/p>\n","protected":false},"author":1,"featured_media":0,"parent":16123,"menu_order":0,"comment_status":"closed","ping_status":"closed","template":"","meta":{"inline_featured_image":false,"footnotes":""},"class_list":["post-16453","page","type-page","status-publish","hentry"],"_links":{"self":[{"href":"https:\/\/prodistele.com\/fabres\/wp-json\/wp\/v2\/pages\/16453","targetHints":{"allow":["GET"]}}],"collection":[{"href":"https:\/\/prodistele.com\/fabres\/wp-json\/wp\/v2\/pages"}],"about":[{"href":"https:\/\/prodistele.com\/fabres\/wp-json\/wp\/v2\/types\/page"}],"author":[{"embeddable":true,"href":"https:\/\/prodistele.com\/fabres\/wp-json\/wp\/v2\/users\/1"}],"replies":[{"embeddable":true,"href":"https:\/\/prodistele.com\/fabres\/wp-json\/wp\/v2\/comments?post=16453"}],"version-history":[{"count":61,"href":"https:\/\/prodistele.com\/fabres\/wp-json\/wp\/v2\/pages\/16453\/revisions"}],"predecessor-version":[{"id":17256,"href":"https:\/\/prodistele.com\/fabres\/wp-json\/wp\/v2\/pages\/16453\/revisions\/17256"}],"up":[{"embeddable":true,"href":"https:\/\/prodistele.com\/fabres\/wp-json\/wp\/v2\/pages\/16123"}],"wp:attachment":[{"href":"https:\/\/prodistele.com\/fabres\/wp-json\/wp\/v2\/media?parent=16453"}],"curies":[{"name":"wp","href":"https:\/\/api.w.org\/{rel}","templated":true}]}}