{"id":16123,"date":"2024-04-05T17:28:27","date_gmt":"2024-04-05T15:28:27","guid":{"rendered":"https:\/\/prodistele.com\/fabres\/?page_id=16123"},"modified":"2024-07-04T18:07:15","modified_gmt":"2024-07-04T16:07:15","slug":"becas","status":"publish","type":"page","link":"https:\/\/prodistele.com\/fabres\/becas\/","title":{"rendered":"Becas"},"content":{"rendered":"\t\t<div data-elementor-type=\"wp-page\" data-elementor-id=\"16123\" class=\"elementor elementor-16123\">\n\t\t\t\t\t\t\t<div class=\"elementor-element elementor-element-eaeedc6 e-con-boxed e-con\" data-id=\"eaeedc6\" data-element_type=\"container\" data-settings=\"{&quot;content_width&quot;:&quot;boxed&quot;}\">\n\t\t\t\t\t<div class=\"e-con-inner\">\n\t\t<div class=\"elementor-element elementor-element-215a29d e-con-full e-con\" data-id=\"215a29d\" data-element_type=\"container\" data-settings=\"{&quot;content_width&quot;:&quot;full&quot;}\">\n\t\t<div class=\"elementor-element elementor-element-a860414 e-con-boxed e-con\" data-id=\"a860414\" data-element_type=\"container\" data-settings=\"{&quot;content_width&quot;:&quot;boxed&quot;}\">\n\t\t\t\t\t<div class=\"e-con-inner\">\n\t\t<div class=\"elementor-element elementor-element-35cad55 e-con-full e-con\" data-id=\"35cad55\" data-element_type=\"container\" data-settings=\"{&quot;content_width&quot;:&quot;full&quot;}\">\n\t\t\t\t<div class=\"elementor-element elementor-element-da716a4 elementor-widget elementor-widget-text-editor\" data-id=\"da716a4\" data-element_type=\"widget\" data-widget_type=\"text-editor.default\">\n\t\t\t\t<div class=\"elementor-widget-container\">\n\t\t\t<style>\/*! elementor - v3.8.1 - 13-11-2022 *\/\n.elementor-widget-text-editor.elementor-drop-cap-view-stacked .elementor-drop-cap{background-color:#818a91;color:#fff}.elementor-widget-text-editor.elementor-drop-cap-view-framed .elementor-drop-cap{color:#818a91;border:3px solid;background-color:transparent}.elementor-widget-text-editor:not(.elementor-drop-cap-view-default) .elementor-drop-cap{margin-top:8px}.elementor-widget-text-editor:not(.elementor-drop-cap-view-default) .elementor-drop-cap-letter{width:1em;height:1em}.elementor-widget-text-editor .elementor-drop-cap{float:left;text-align:center;line-height:1;font-size:50px}.elementor-widget-text-editor .elementor-drop-cap-letter{display:inline-block}<\/style>\t\t\t\t<div>Fundaci\u00f3n Rodr\u00edguez Fabr\u00e9s oferta becas para:<\/div><div>\u00a0<\/div><ul><li style=\"list-style-type: none;\"><ul><li>E.S.O.<\/li><li>Formaci\u00f3n Profesional B\u00e1sica<\/li><li>Ciclos formativos de grado medio o superior<\/li><li>Bachillerato<\/li><li>Primer curso de Universidad<\/li><li>Posibilidad de renovar la beca para cursar estudios universitarios<\/li><li>El C.I.F.P.\u00a0 Rodr\u00edguez Fabr\u00e9s oferta becas de movilidad &#8220;Erasmus&#8221;<\/li><\/ul><\/li><\/ul>\t\t\t\t\t\t<\/div>\n\t\t\t\t<\/div>\n\t\t\t\t<\/div>\n\t\t<div class=\"elementor-element elementor-element-f2b0e31 e-con-full e-con\" data-id=\"f2b0e31\" data-element_type=\"container\" data-settings=\"{&quot;content_width&quot;:&quot;full&quot;}\">\n\t\t\t\t<div class=\"elementor-element elementor-element-efa0557 elementor-widget elementor-widget-image\" data-id=\"efa0557\" data-element_type=\"widget\" data-widget_type=\"image.default\">\n\t\t\t\t<div class=\"elementor-widget-container\">\n\t\t\t<style>\/*! elementor - v3.8.1 - 13-11-2022 *\/\n.elementor-widget-image{text-align:center}.elementor-widget-image a{display:inline-block}.elementor-widget-image a img[src$=\".svg\"]{width:48px}.elementor-widget-image img{vertical-align:middle;display:inline-block}<\/style>\t\t\t\t\t\t\t\t\t\t\t\t<img loading=\"lazy\" decoding=\"async\" width=\"600\" height=\"400\" src=\"https:\/\/prodistele.com\/fabres\/wp-content\/uploads\/2024\/04\/01.jpg\" class=\"attachment-full size-full\" alt=\"\" srcset=\"https:\/\/prodistele.com\/fabres\/wp-content\/uploads\/2024\/04\/01.jpg 600w, https:\/\/prodistele.com\/fabres\/wp-content\/uploads\/2024\/04\/01-300x200.jpg 300w\" sizes=\"auto, (max-width: 600px) 100vw, 600px\" \/>\t\t\t\t\t\t\t\t\t\t\t\t\t\t\t<\/div>\n\t\t\t\t<\/div>\n\t\t\t\t<\/div>\n\t\t\t\t\t<\/div>\n\t\t\t\t<\/div>\n\t\t<div class=\"elementor-element elementor-element-05e2e66 e-con-boxed e-con\" data-id=\"05e2e66\" data-element_type=\"container\" data-settings=\"{&quot;content_width&quot;:&quot;boxed&quot;}\">\n\t\t\t\t\t<div class=\"e-con-inner\">\n\t\t\t\t<div class=\"elementor-element elementor-element-9ca2eda elementor-widget thim-widget-button\" data-id=\"9ca2eda\" data-element_type=\"widget\" data-widget_type=\"thim-button.default\">\n\t\t\t\t<div class=\"elementor-widget-container\">\n\t\t\t<a class=\"widget-button normal\" href=\"\/fabres\/contactar\" target=\"_blank\" rel=\"nofollow\">Contactar<\/a>\t\t<\/div>\n\t\t\t\t<\/div>\n\t\t\t\t\t<\/div>\n\t\t\t\t<\/div>\n\t\t\t\t<\/div>\n\t\t<div class=\"elementor-element elementor-element-e9acee4 e-con-full e-con\" data-id=\"e9acee4\" data-element_type=\"container\" data-settings=\"{&quot;content_width&quot;:&quot;full&quot;}\">\n\t\t\t\t<div class=\"elementor-element elementor-element-21ef533 elementor-widget elementor-widget-thim-ekits-header-info\" data-id=\"21ef533\" data-element_type=\"widget\" data-widget_type=\"thim-ekits-header-info.default\">\n\t\t\t\t<div class=\"elementor-widget-container\">\n\t\t\t\t\t<div class=\"header-info-swapper\">\n\t\t\t<ul class=\"thim-header-info\">\n\t\t\t\t\t\t\t\t\t\t<li>\n\t\t\t\t\t\t\t\t\t\t\t\t\t\t\t<a href=\"https:\/\/prodistele.com\/fabres\/becas\">\n\t\t\t\t\t\t\t\t\t\t\t\t\t\t\t\t\t\t\t\t\t\t\t\t\tBecas\t\t\t\t\t\t\t\t\t\t\t\t\t\t\t<\/a>\n\t\t\t\t\t\t\t\t\t\t\t\t\t<\/li>\n\t\t\t\t\t\t\t\t\t\t\t\t<li>\n\t\t\t\t\t\t\t\t\t\t\t\t\t\t\t<a href=\"https:\/\/prodistele.com\/fabres\/becas\/ofertas\/\">\n\t\t\t\t\t\t\t\t\t\t\t\t\t\t\t\t\t\t\t\t\t\t\t\t\t\u00bfQu\u00e9 ofrecemos?\t\t\t\t\t\t\t\t\t\t\t\t\t\t\t<\/a>\n\t\t\t\t\t\t\t\t\t\t\t\t\t<\/li>\n\t\t\t\t\t\t\t\t\t\t\t\t<li>\n\t\t\t\t\t\t\t\t\t\t\t\t\t\t\t<a href=\"https:\/\/prodistele.com\/fabres\/becas\/oferta-eductaiva\/\">\n\t\t\t\t\t\t\t\t\t\t\t\t\t\t\t\t\t\t\t\t\t\t\t\t\tOferta educativa\t\t\t\t\t\t\t\t\t\t\t\t\t\t\t<\/a>\n\t\t\t\t\t\t\t\t\t\t\t\t\t<\/li>\n\t\t\t\t\t\t\t\t\t\t\t\t<li>\n\t\t\t\t\t\t\t\t\t\t\t\t\t\t\t<a href=\"https:\/\/prodistele.com\/fabres\/becas\/solicitud\/\">\n\t\t\t\t\t\t\t\t\t\t\t\t\t\t\t\t\t\t\t\t\t\t\t\t\tSolicitud de becas\t\t\t\t\t\t\t\t\t\t\t\t\t\t\t<\/a>\n\t\t\t\t\t\t\t\t\t\t\t\t\t<\/li>\n\t\t\t\t\t\t\t\t\t\t\t\t<li>\n\t\t\t\t\t\t\t\t\t\t\t\t\t\t\t<a href=\"https:\/\/prodistele.com\/fabres\/wp-content\/uploads\/2024\/05\/Folletobecas.pdf\" target=\"_blank\">\n\t\t\t\t\t\t\t\t\t\t\t\t\t\t\t\t\t\t\t\t\t\t\t\t\tD\u00edptico en formato pdf\t\t\t\t\t\t\t\t\t\t\t\t\t\t\t<\/a>\n\t\t\t\t\t\t\t\t\t\t\t\t\t<\/li>\n\t\t\t\t\t\t\t\t\t<\/ul>\n\t\t<\/div>\n\t\t\t\t<\/div>\n\t\t\t\t<\/div>\n\t\t\t\t<\/div>\n\t\t\t\t\t<\/div>\n\t\t\t\t<\/div>\n\t\t\t\t\t\t\t<\/div>\n\t\t","protected":false},"excerpt":{"rendered":"<p>Fundaci\u00f3n Rodr\u00edguez Fabr\u00e9s oferta becas para:\u00a0 E.S.O. Formaci\u00f3n Profesional B\u00e1sica Ciclos formativos de grado medio o superior Bachillerato Primer curso de Universidad Posibilidad de renovar la beca para cursar estudios universitarios El C.I.F.P.\u00a0 Rodr\u00edguez Fabr\u00e9s oferta becas de movilidad &#8220;Erasmus&#8221; &hellip; <\/p>\n","protected":false},"author":1,"featured_media":0,"parent":0,"menu_order":0,"comment_status":"closed","ping_status":"closed","template":"","meta":{"inline_featured_image":false,"footnotes":""},"class_list":["post-16123","page","type-page","status-publish","hentry"],"_links":{"self":[{"href":"https:\/\/prodistele.com\/fabres\/wp-json\/wp\/v2\/pages\/16123","targetHints":{"allow":["GET"]}}],"collection":[{"href":"https:\/\/prodistele.com\/fabres\/wp-json\/wp\/v2\/pages"}],"about":[{"href":"https:\/\/prodistele.com\/fabres\/wp-json\/wp\/v2\/types\/page"}],"author":[{"embeddable":true,"href":"https:\/\/prodistele.com\/fabres\/wp-json\/wp\/v2\/users\/1"}],"replies":[{"embeddable":true,"href":"https:\/\/prodistele.com\/fabres\/wp-json\/wp\/v2\/comments?post=16123"}],"version-history":[{"count":61,"href":"https:\/\/prodistele.com\/fabres\/wp-json\/wp\/v2\/pages\/16123\/revisions"}],"predecessor-version":[{"id":17250,"href":"https:\/\/prodistele.com\/fabres\/wp-json\/wp\/v2\/pages\/16123\/revisions\/17250"}],"wp:attachment":[{"href":"https:\/\/prodistele.com\/fabres\/wp-json\/wp\/v2\/media?parent=16123"}],"curies":[{"name":"wp","href":"https:\/\/api.w.org\/{rel}","templated":true}]}}