{"id":15810,"date":"2024-04-04T10:06:43","date_gmt":"2024-04-04T08:06:43","guid":{"rendered":"https:\/\/prodistele.com\/fabres\/?page_id=15810"},"modified":"2024-07-05T11:30:11","modified_gmt":"2024-07-05T09:30:11","slug":"expo100fabres","status":"publish","type":"page","link":"https:\/\/prodistele.com\/fabres\/expo100fabres\/","title":{"rendered":"Exposici\u00f3n 100 A\u00f1os ayudando"},"content":{"rendered":"\t\t<div data-elementor-type=\"wp-page\" data-elementor-id=\"15810\" class=\"elementor elementor-15810\">\n\t\t\t\t\t\t\t<div class=\"elementor-element elementor-element-eaeedc6 e-con-boxed e-con\" data-id=\"eaeedc6\" data-element_type=\"container\" data-settings=\"{&quot;content_width&quot;:&quot;boxed&quot;}\">\n\t\t\t\t\t<div class=\"e-con-inner\">\n\t\t<div class=\"elementor-element elementor-element-215a29d e-con-full e-con\" data-id=\"215a29d\" data-element_type=\"container\" data-settings=\"{&quot;content_width&quot;:&quot;full&quot;}\">\n\t\t\t\t<div class=\"elementor-element elementor-element-06e9e29 elementor-pagination-position-inside e-transform elementor-widget elementor-widget-image-carousel\" data-id=\"06e9e29\" data-element_type=\"widget\" data-settings=\"{&quot;slides_to_show&quot;:&quot;1&quot;,&quot;navigation&quot;:&quot;dots&quot;,&quot;autoplay&quot;:&quot;yes&quot;,&quot;pause_on_hover&quot;:&quot;yes&quot;,&quot;pause_on_interaction&quot;:&quot;yes&quot;,&quot;autoplay_speed&quot;:5000,&quot;infinite&quot;:&quot;yes&quot;,&quot;effect&quot;:&quot;slide&quot;,&quot;speed&quot;:500,&quot;_transform_scaleX_effect&quot;:{&quot;unit&quot;:&quot;px&quot;,&quot;size&quot;:&quot;&quot;,&quot;sizes&quot;:[]},&quot;_transform_scaleX_effect_tablet&quot;:{&quot;unit&quot;:&quot;px&quot;,&quot;size&quot;:&quot;&quot;,&quot;sizes&quot;:[]},&quot;_transform_scaleX_effect_mobile_extra&quot;:{&quot;unit&quot;:&quot;px&quot;,&quot;size&quot;:&quot;&quot;,&quot;sizes&quot;:[]},&quot;_transform_scaleX_effect_mobile&quot;:{&quot;unit&quot;:&quot;px&quot;,&quot;size&quot;:&quot;&quot;,&quot;sizes&quot;:[]},&quot;_transform_scaleY_effect&quot;:{&quot;unit&quot;:&quot;px&quot;,&quot;size&quot;:&quot;&quot;,&quot;sizes&quot;:[]},&quot;_transform_scaleY_effect_tablet&quot;:{&quot;unit&quot;:&quot;px&quot;,&quot;size&quot;:&quot;&quot;,&quot;sizes&quot;:[]},&quot;_transform_scaleY_effect_mobile_extra&quot;:{&quot;unit&quot;:&quot;px&quot;,&quot;size&quot;:&quot;&quot;,&quot;sizes&quot;:[]},&quot;_transform_scaleY_effect_mobile&quot;:{&quot;unit&quot;:&quot;px&quot;,&quot;size&quot;:&quot;&quot;,&quot;sizes&quot;:[]}}\" data-widget_type=\"image-carousel.default\">\n\t\t\t\t<div class=\"elementor-widget-container\">\n\t\t\t<style>\/*! elementor - v3.8.1 - 13-11-2022 *\/\n.elementor-widget-image-carousel .swiper-container{position:static}.elementor-widget-image-carousel .swiper-container .swiper-slide figure{line-height:inherit}.elementor-widget-image-carousel .swiper-slide{text-align:center}.elementor-image-carousel-wrapper:not(.swiper-container-initialized) .swiper-slide{max-width:calc(100% \/ var(--e-image-carousel-slides-to-show, 3))}<\/style>\t\t<div class=\"elementor-image-carousel-wrapper swiper-container\" dir=\"ltr\">\n\t\t\t<div class=\"elementor-image-carousel swiper-wrapper\">\n\t\t\t\t\t\t\t\t<div class=\"swiper-slide\"><figure class=\"swiper-slide-inner\"><img decoding=\"async\" class=\"swiper-slide-image\" src=\"https:\/\/prodistele.com\/fabres\/wp-content\/uploads\/2024\/07\/01.jpg\" alt=\"01\" \/><\/figure><\/div><div class=\"swiper-slide\"><figure class=\"swiper-slide-inner\"><img decoding=\"async\" class=\"swiper-slide-image\" src=\"https:\/\/prodistele.com\/fabres\/wp-content\/uploads\/2024\/07\/02.jpg\" alt=\"02\" \/><\/figure><\/div><div class=\"swiper-slide\"><figure class=\"swiper-slide-inner\"><img decoding=\"async\" class=\"swiper-slide-image\" src=\"https:\/\/prodistele.com\/fabres\/wp-content\/uploads\/2024\/07\/03.jpg\" alt=\"03\" \/><\/figure><\/div><div class=\"swiper-slide\"><figure class=\"swiper-slide-inner\"><img decoding=\"async\" class=\"swiper-slide-image\" src=\"https:\/\/prodistele.com\/fabres\/wp-content\/uploads\/2024\/07\/04.jpg\" alt=\"04\" \/><\/figure><\/div><div class=\"swiper-slide\"><figure class=\"swiper-slide-inner\"><img decoding=\"async\" class=\"swiper-slide-image\" src=\"https:\/\/prodistele.com\/fabres\/wp-content\/uploads\/2024\/07\/05.jpg\" alt=\"05\" \/><\/figure><\/div><div class=\"swiper-slide\"><figure class=\"swiper-slide-inner\"><img decoding=\"async\" class=\"swiper-slide-image\" src=\"https:\/\/prodistele.com\/fabres\/wp-content\/uploads\/2024\/07\/06.jpg\" alt=\"06\" \/><\/figure><\/div><div class=\"swiper-slide\"><figure class=\"swiper-slide-inner\"><img decoding=\"async\" class=\"swiper-slide-image\" src=\"https:\/\/prodistele.com\/fabres\/wp-content\/uploads\/2024\/07\/07.jpg\" alt=\"07\" \/><\/figure><\/div><div class=\"swiper-slide\"><figure class=\"swiper-slide-inner\"><img decoding=\"async\" class=\"swiper-slide-image\" src=\"https:\/\/prodistele.com\/fabres\/wp-content\/uploads\/2024\/07\/09.jpg\" alt=\"09\" \/><\/figure><\/div>\t\t\t<\/div>\n\t\t\t\t\t\t\t\t\t\t\t\t<div class=\"swiper-pagination\"><\/div>\n\t\t\t\t\t\t\t\t\t\t\t\t\t<\/div>\n\t\t\t\t<\/div>\n\t\t\t\t<\/div>\n\t\t\t\t<div class=\"elementor-element elementor-element-4aacecb elementor-widget elementor-widget-text-editor\" data-id=\"4aacecb\" data-element_type=\"widget\" data-widget_type=\"text-editor.default\">\n\t\t\t\t<div class=\"elementor-widget-container\">\n\t\t\t<style>\/*! elementor - v3.8.1 - 13-11-2022 *\/\n.elementor-widget-text-editor.elementor-drop-cap-view-stacked .elementor-drop-cap{background-color:#818a91;color:#fff}.elementor-widget-text-editor.elementor-drop-cap-view-framed .elementor-drop-cap{color:#818a91;border:3px solid;background-color:transparent}.elementor-widget-text-editor:not(.elementor-drop-cap-view-default) .elementor-drop-cap{margin-top:8px}.elementor-widget-text-editor:not(.elementor-drop-cap-view-default) .elementor-drop-cap-letter{width:1em;height:1em}.elementor-widget-text-editor .elementor-drop-cap{float:left;text-align:center;line-height:1;font-size:50px}.elementor-widget-text-editor .elementor-drop-cap-letter{display:inline-block}<\/style>\t\t\t\t<p>La Fundaci\u00f3n Vicente Rodr\u00edguez Fabr\u00e9s cumple cien a\u00f1os de labor altruista y filantr\u00f3pica, guiada por un marcado ideario cat\u00f3lico, fruto de la voluntad de su fundador. Gracias a la labor del Patronato, presidido por el Sr. Obispo diocesano y compuesto por los representantes de las principales instituciones provinciales, junto a un antiguo alumno y un agricultor tras la reforma estatutaria, ha sido posible atender y promover a los m\u00e1s necesitados durante todo este tiempo.<\/p><p>Para celebrar semejante efem\u00e9ride, entre los actos que se desarrollan a lo largo del a\u00f1o, el Patronato ha querido abrir la casa, los edificios hist\u00f3ricos de la Vega, y disponer en ellos una selecci\u00f3n del patrimonio que conserva, a fin de que el visitante pueda realizar una aproximaci\u00f3n sencilla pero fruct\u00edfera a la labor desarrollada, a la persona de don Vicente y al lugar hist\u00f3rico en el que se levant\u00f3 y subsiste su obra.<\/p><p><strong>Acceso y planteamiento espacial.<\/strong><\/p><p>\u00a0\u00a0\u00a0\u00a0\u00a0\u00a0\u00a0\u00a0\u00a0\u00a0\u00a0 El recorrido se inicia por la puerta occidental de la Iglesia de la Virgen de la Vega, prosigue en su interior, avanza a trav\u00e9s de la capilla de los arcos y, por medio del cuerpo bajo de la torre asciende hacia el coro, desde donde atraviesa diversas estancias para desembocar en la cruj\u00eda alta del norte del claustro de Qui\u00f1ones, la cual antecede a la escalera que conduce hacia otras salas superiores donde finaliza la exposici\u00f3n.<\/p><p><strong>Los inicios<\/strong><\/p><p>\u00a0\u00a0\u00a0\u00a0\u00a0\u00a0\u00a0\u00a0\u00a0\u00a0\u00a0 El relato de la muestra se inicia presentando al Fundador, a su familia y la voluntad que dio origen a la obra buena, junto al reconocimiento p\u00fablico que Ayuntamiento, Universidad y el propio Patronato le han rendido en el transcurso del centenario.<\/p><p><strong>Las riendas de la Fundaci\u00f3n: el Patronato<\/strong><\/p><p>\u00a0\u00a0\u00a0\u00a0\u00a0\u00a0\u00a0\u00a0\u00a0\u00a0\u00a0 Para llevar adelante la manda testamentaria y poner en marcha la iniciativa, el fundador pone a su cabeza un patronato formado por el Obispo, el Magistral de la Catedral (luego sustituido por el De\u00e1n), el Rector de la Universidad, el Presidente de la Diputaci\u00f3n, el Alcalde de Salamanca, un antiguo alumno, un agricultor de la provincia y un jurista de reconocido prestigio, quienes velar\u00e1n continuamente por el buen desarrollo del deseo de don Vicente.<\/p><p>\u00a0\u00a0\u00a0\u00a0\u00a0\u00a0\u00a0\u00a0\u00a0\u00a0\u00a0 Como testimonio de la consideraci\u00f3n social de la obra, sirvan las distintas visitas realizadas por la Casa Real a las instalaciones de la Granja y Asilo de la Vega.<\/p><p><strong>Los or\u00edgenes de la casa: el Monasterio de Santa Mar\u00eda de la Vega<\/strong><\/p><p>\u00a0\u00a0\u00a0\u00a0\u00a0\u00a0\u00a0\u00a0\u00a0\u00a0\u00a0 El Monasterio de Santa Mar\u00eda de la Vega fue fundado por la voluntad de un caballero leon\u00e9s llamado Velasco \u00cd\u00f1igo y de su esposa Dominga, quienes donaron al Abad y Real Convento de San Isidoro de Le\u00f3n en 1166 los edificios del sitio de la Vega, a fin de que los can\u00f3nigos de aquella casa poblaran el lugar y restauraran la vida en comunidad conforme a la regla de San Agust\u00edn.<\/p><p>\u00a0\u00a0\u00a0\u00a0\u00a0\u00a0\u00a0\u00a0\u00a0\u00a0\u00a0 Tambi\u00e9n en este espacio se lleva a cabo una aproximaci\u00f3n a la imagen de la Virgen de la Vega, hoy d\u00eda en la Catedral Vieja, y a los testimonios hist\u00f3ricos que se conservan, como una serie de curiosas miradas al aspecto que present\u00f3 durante los siglos del barroco. Tambi\u00e9n se recupera una de las im\u00e1genes que acompa\u00f1\u00f3 a la titular en el retablo del S. XVIII.<\/p><p><strong>La reforma de la Iglesia para convertirla en Capilla de la Fundaci\u00f3n<\/strong><\/p><p>\u00a0\u00a0\u00a0\u00a0\u00a0\u00a0\u00a0\u00a0\u00a0\u00a0\u00a0 La construcci\u00f3n de los retablos e im\u00e1genes fue confiada a F\u00e9lix Granda, el gran impulsor y renovador del arte sacro en un universo de sentido que hasta ese momento hab\u00eda gravitado en las figuraciones salidas de Olot. Sus reinterpretaciones de las iconograf\u00edas, devolvi\u00e9ndoles la frescura de la originalidad y del fundamento b\u00edblico-teol\u00f3gico o de la Tradici\u00f3n eclesial, m\u00e1s que obrando desde los postulados de la mera piedad popular, consiguieron que sus creaciones se encontraran plenas de la espiritualidad necesaria adaptada a su tiempo y a la par fueran verdaderas obras art\u00edsticas.<\/p><p>\u00a0\u00a0\u00a0\u00a0\u00a0\u00a0\u00a0\u00a0\u00a0\u00a0\u00a0 El ideario de la Fundaci\u00f3n se encuentra perfectamente detallado en la iconograf\u00eda que desarrollan las vidrieras, debido a la famosa Casa Maumejean, uno de los mejores conjuntos que se conservan \u00edntegros en la capital del Tormes.<\/p><p>\u00a0\u00a0\u00a0\u00a0\u00a0\u00a0\u00a0\u00a0\u00a0\u00a0\u00a0 En esta \u00e1rea se ha seleccionado un grupo de im\u00e1genes hist\u00f3ricas de peque\u00f1o formato y se ha optado por crear una zona de respeto en torno a la tumba donde reposan los restos del fundador y su familia.<\/p><p>\u00a0\u00a0\u00a0\u00a0\u00a0\u00a0\u00a0\u00a0\u00a0\u00a0\u00a0 El menaje lit\u00fargico, vasos sagrados, candeleros, sacras y dem\u00e1s elementos se muestran en el contexto del presbiterio, dando un especial relieve a la custodia, pieza muy interesante desde el punto de vista de su discurso teol\u00f3gico.<\/p><p><strong>Sobre la antig\u00fcedad de la Iglesia<\/strong><\/p><p>\u00a0\u00a0\u00a0\u00a0\u00a0\u00a0\u00a0\u00a0\u00a0\u00a0\u00a0 Los restos m\u00e1s antiguos que se conservan en el complejo se encuentran en la actual capilla que hace las veces de sacrist\u00eda. Se conoce como\u00a0<em>Capilla de los arcos\u00a0<\/em>en alusi\u00f3n a las cinco arcadas rom\u00e1nicas que subsisten\u00a0<em>in situ<\/em>. A estas hay que sumar dos laudas sepulcrales que ubican al templo en \u00e9pocas muy tempranas (siglos XII y XIII).<\/p><p><strong>Las Hijas de la Caridad<\/strong><\/p><p>\u00a0\u00a0\u00a0\u00a0\u00a0\u00a0\u00a0\u00a0\u00a0\u00a0\u00a0 Las Hijas de la Caridad comienzan su v\u00ednculo con la Fundaci\u00f3n en el mes de agosto de 1914, periodo en el que se firma el contrato que traer\u00e1 a la vera del Tormes un grupo de veinte religiosas regidas por una superiora, para hacerse cargo del Asilo de la Vega. Con ellas llega tambi\u00e9n su espiritualidad, reflejada en la iconograf\u00eda de Olot y Valencia que se expone.<\/p><p><strong>La pinacoteca<\/strong><\/p><p>\u00a0\u00a0\u00a0\u00a0\u00a0\u00a0\u00a0\u00a0\u00a0\u00a0\u00a0 Los lienzos que se conservan actualmente s\u00f3lo son una peque\u00f1a muestra de lo que aparece reflejado en los inventarios realizados tras la muerte de don Vicente. Ha logrado llegar a nuestros d\u00edas una relaci\u00f3n de obras de peque\u00f1o formato dedicados a la pintura de paisaje en su mayor\u00eda, vistas de rincones buc\u00f3licos y marinas. Sus dimensiones son las adecuadas para poder ubicarlas en el interior de las estancias dom\u00e9sticas de la burgues\u00eda, frente a los grandes formatos que demandaban unas habitaciones de mayores dimensiones y que, tradicionalmente, hab\u00edan estado dirigidos hacia los estamentos privilegiados y sus desahogadas viviendas.<\/p><p><strong>La m\u00fasica en el Asilo de la Vega<\/strong><\/p><p>\u00a0\u00a0\u00a0\u00a0\u00a0\u00a0\u00a0\u00a0\u00a0\u00a0\u00a0 Uno de los aspectos que bien pueden calificarse como prioritario en la educaci\u00f3n de los internos lo constituy\u00f3 la m\u00fasica. Al frente de la misma estuvieron hombres de gran talla, potencia y erudici\u00f3n que consiguieron inculcar a los infantes tal conocimiento y pasi\u00f3n por esta disciplina que durante muchos a\u00f1os la agrupaci\u00f3n result\u00f3 ser referencia obligada, apreciad\u00edsima por la sociedad de su tiempo.<\/p><p><strong>Una mirada al interior de la casa<\/strong><\/p><p>\u00a0\u00a0\u00a0\u00a0\u00a0\u00a0\u00a0\u00a0\u00a0\u00a0\u00a0 Se han seleccionado una serie de objetos que pertenec\u00edan a la intimidad de la casa de la familia Rodr\u00edguez Fabr\u00e9s, suficientemente elocuente como para dibujar un tipo de vida desahogada, rodeada de los mejores enseres y adelantos de su tiempo, en conformidad con su estatus social.<\/p><p><strong>Los edificios de la Fundaci\u00f3n<\/strong><\/p><p>\u00a0\u00a0\u00a0\u00a0\u00a0\u00a0\u00a0\u00a0\u00a0\u00a0\u00a0 La fundaci\u00f3n comienza en el a\u00f1o de la muerte de don Vicente (1904) su andadura, dando a luz un proyecto que tardar\u00e1 diez a\u00f1os en estar terminado. Su actividad real se inicia en 1914 en un grupo de edificios llenos de novedades y modernidades para la sociedad del momento. Las fotograf\u00edas hist\u00f3ricas, junto con las realizadas por los alumnos del centro en el curso 2013-2014, permiten conocer de primera mano el antes y el ahora de la instituci\u00f3n en un \u00fanico vistazo, mientras se admira el claustro de Qui\u00f1ones.<\/p><p><strong>Ep\u00edlogo: Un Fil\u00e1ntropo para Salamanca<\/strong><\/p><p>\u00a0\u00a0\u00a0\u00a0\u00a0\u00a0\u00a0\u00a0\u00a0\u00a0\u00a0 El acceso al \u00faltimo cap\u00edtulo encargado a la Exma. Diputaci\u00f3n Provincial, se realiza por una escalera de tipo imperial, construida con elementos de la famosa f\u00e1brica de hierro Moneo, donde se han dispuesto fotograf\u00edas hist\u00f3ricas de la Fundaci\u00f3n en El Cubo de Don Sancho y Rollanejo, lugares estrechamente relacionados con ella.<\/p><p>\u00a0\u00a0\u00a0\u00a0\u00a0\u00a0\u00a0\u00a0\u00a0\u00a0\u00a0 En el ep\u00edlogo la selecci\u00f3n documental realizada lleva a cabo un interesante recorrido a trav\u00e9s de los testimonios escritos, impresos y gr\u00e1ficos donde se pueden constatar las diversas facetas de la familia Rodr\u00edguez Fabr\u00e9s, sus negocios, asuntos y el propio devenir de la Fundaci\u00f3n.<\/p><p><strong>Salida<\/strong><\/p><p>\u00a0 \u00a0 \u00a0 \u00a0 \u00a0 \u00a0 La salida se realiza bajando la escalera de hierro a trav\u00e9s de la puerta principal del CIFP Rodr\u00edguez Fabr\u00e9s.Residencia mixta gratuita.<\/p>\t\t\t\t\t\t<\/div>\n\t\t\t\t<\/div>\n\t\t\t\t<\/div>\n\t\t<div class=\"elementor-element elementor-element-e9acee4 e-con-full e-con\" data-id=\"e9acee4\" data-element_type=\"container\" data-settings=\"{&quot;content_width&quot;:&quot;full&quot;}\">\n\t\t\t\t<div class=\"elementor-element elementor-element-7bc2a70 elementor-widget elementor-widget-text-editor\" data-id=\"7bc2a70\" data-element_type=\"widget\" data-widget_type=\"text-editor.default\">\n\t\t\t\t<div class=\"elementor-widget-container\">\n\t\t\t\t\t\t\t<p style=\"text-align: center;\"><strong>HORARIO DE VISITAS:<\/strong><\/p><p align=\"center\"><strong>Septiembre 2014<\/strong><\/p><p align=\"center\">Mi\u00e9rcoles, Viernes y S\u00e1bados:<\/p><p align=\"center\">De 18 a 20 horas<\/p><p align=\"center\"><strong>Octubre-Diciembre 2014:<\/strong><\/p><p align=\"center\">Mi\u00e9rcoles, Viernes y S\u00e1bados:<\/p><p align=\"center\">De 17 a 19 horas<\/p><p align=\"center\">Documento <a href=\"https:\/\/prodistele.com\/fabres\/wp-content\/uploads\/2024\/07\/exposicion.pdf\">pdf<\/a><\/p>\t\t\t\t\t\t<\/div>\n\t\t\t\t<\/div>\n\t\t\t\t<\/div>\n\t\t\t\t\t<\/div>\n\t\t\t\t<\/div>\n\t\t\t\t\t\t\t<\/div>\n\t\t","protected":false},"excerpt":{"rendered":"<p>La Fundaci\u00f3n Vicente Rodr\u00edguez Fabr\u00e9s cumple cien a\u00f1os de labor altruista y filantr\u00f3pica, guiada por un marcado ideario cat\u00f3lico, fruto de la voluntad de su fundador. Gracias a la labor del Patronato, presidido por el Sr. Obispo diocesano y compuesto &hellip; <\/p>\n","protected":false},"author":1,"featured_media":0,"parent":0,"menu_order":0,"comment_status":"closed","ping_status":"closed","template":"","meta":{"inline_featured_image":false,"footnotes":""},"class_list":["post-15810","page","type-page","status-publish","hentry"],"_links":{"self":[{"href":"https:\/\/prodistele.com\/fabres\/wp-json\/wp\/v2\/pages\/15810","targetHints":{"allow":["GET"]}}],"collection":[{"href":"https:\/\/prodistele.com\/fabres\/wp-json\/wp\/v2\/pages"}],"about":[{"href":"https:\/\/prodistele.com\/fabres\/wp-json\/wp\/v2\/types\/page"}],"author":[{"embeddable":true,"href":"https:\/\/prodistele.com\/fabres\/wp-json\/wp\/v2\/users\/1"}],"replies":[{"embeddable":true,"href":"https:\/\/prodistele.com\/fabres\/wp-json\/wp\/v2\/comments?post=15810"}],"version-history":[{"count":70,"href":"https:\/\/prodistele.com\/fabres\/wp-json\/wp\/v2\/pages\/15810\/revisions"}],"predecessor-version":[{"id":17473,"href":"https:\/\/prodistele.com\/fabres\/wp-json\/wp\/v2\/pages\/15810\/revisions\/17473"}],"wp:attachment":[{"href":"https:\/\/prodistele.com\/fabres\/wp-json\/wp\/v2\/media?parent=15810"}],"curies":[{"name":"wp","href":"https:\/\/api.w.org\/{rel}","templated":true}]}}