{"id":15673,"date":"2024-04-03T13:07:06","date_gmt":"2024-04-03T11:07:06","guid":{"rendered":"https:\/\/prodistele.com\/fabres\/?page_id=15673"},"modified":"2024-07-04T18:08:59","modified_gmt":"2024-07-04T16:08:59","slug":"quienes-somos","status":"publish","type":"page","link":"https:\/\/prodistele.com\/fabres\/quienes-somos\/","title":{"rendered":"\u00bfQuienes somos?"},"content":{"rendered":"\t\t<div data-elementor-type=\"wp-page\" data-elementor-id=\"15673\" class=\"elementor elementor-15673\">\n\t\t\t\t\t\t\t<div class=\"elementor-element elementor-element-b92ff4a e-con-boxed e-con\" data-id=\"b92ff4a\" data-element_type=\"container\" data-settings=\"{&quot;content_width&quot;:&quot;boxed&quot;}\">\n\t\t\t\t\t<div class=\"e-con-inner\">\n\t\t<div class=\"elementor-element elementor-element-096b5e4 e-con-full e-con\" data-id=\"096b5e4\" data-element_type=\"container\" data-settings=\"{&quot;content_width&quot;:&quot;full&quot;}\">\n\t\t\t\t<div class=\"elementor-element elementor-element-480062e elementor-widget thim-ekits-heading elementor-widget-thim-heading\" data-id=\"480062e\" data-element_type=\"widget\" data-widget_type=\"thim-heading.default\">\n\t\t\t\t<div class=\"elementor-widget-container\">\n\t\t\t<div class=\"sc_heading \"><div class=\"sub-heading\"><p>La Fundaci\u00f3n Vicente Rodr\u00edguez Fabr\u00e9s es una instituci\u00f3n ben\u00e9fica sin \u00e1nimo de lucro constituida en 1914 que tiene entre sus fines la concesi\u00f3n de becas de residencia para cursar Educaci\u00f3n Secundaria Obligatoria, Formaci\u00f3n Profesional B\u00e1sica, Ciclos formativos de Grado Medio y Superior, Bachillerato y Estudios Universitarios.<\/p>\n<p>Pulse en las siguientes categor\u00edas o submen\u00fas para m\u00e1s informaci\u00f3n sobre nosotros:<\/p>\n<\/div><\/div>\t\t<\/div>\n\t\t\t\t<\/div>\n\t\t\t\t<div class=\"elementor-element elementor-element-eea968b iconbox--mobiletext-left iconbox-text-left elementor-widget elementor-widget-thim-icon-box\" data-id=\"eea968b\" data-element_type=\"widget\" data-widget_type=\"thim-icon-box.default\">\n\t\t\t\t<div class=\"elementor-widget-container\">\n\t\t\t<div class=\"thim-widget-icon-box\"><div class=\"wrapper-box-icon has_custom_image text-left \"><div class=\"smicon-box iconbox-left\"><div class=\"boxes-icon\"><a class=\"icon-box-link\" href=\"https:\/\/prodistele.com\/fabres\/quienes-somos-es\/historia-es\/\" target=\"_blank\" rel=\"nofollow\"><span class=\"inner-icon\"><span class=\"icon icon-images\"><img loading=\"lazy\" decoding=\"async\" src=\"https:\/\/prodistele.com\/fabres\/wp-content\/uploads\/2024\/04\/historia.jpg\" alt=\"Historia de la Fundaci\u00f3n Rodriguez Fabres\" title=\"Historia de la Fundaci\u00f3n Rodriguez Fabres\"  width=\"500\" height=\"333\"><\/span><\/span><\/a><\/div><div class=\"content-inner\"><div class=\"sc-heading\"><h2 class=\"heading__primary\"><a class=\"icon-box-link\" href=\"https:\/\/prodistele.com\/fabres\/quienes-somos-es\/historia-es\/\" target=\"_blank\" rel=\"nofollow\">Historia<\/a><\/h2><\/div><div class=\"desc-icon-box\"><div class=\"desc-content\"> Los or\u00edgenes de la Fundaci\u00f3n Vicente Rodr\u00edguez Fabr\u00e9s. \n<br>\n- Art\u00edculos de opini\u00f3n\n<br>\n- Libros\n<br>\n- Tesis<\/div><a class=\"smicon-read sc-btn\" href=\"https:\/\/prodistele.com\/fabres\/quienes-somos-es\/historia-es\/\" target=\"_blank\" rel=\"nofollow\">Leer m\u00e1s <i class=\"fa fa-chevron-right\"><\/i><\/a><\/div><\/div><\/div><\/div><\/div>\t\t<\/div>\n\t\t\t\t<\/div>\n\t\t\t\t<div class=\"elementor-element elementor-element-f961949 iconbox-text-left elementor-widget elementor-widget-thim-icon-box\" data-id=\"f961949\" data-element_type=\"widget\" data-widget_type=\"thim-icon-box.default\">\n\t\t\t\t<div class=\"elementor-widget-container\">\n\t\t\t<div class=\"thim-widget-icon-box\"><div class=\"wrapper-box-icon has_custom_image text-left \"><div class=\"smicon-box iconbox-left\"><div class=\"boxes-icon\"><a class=\"icon-box-link\" href=\"https:\/\/prodistele.com\/fabres\/quienes-somos-es\/constitucion-2\/\" target=\"_blank\" rel=\"nofollow\"><span class=\"inner-icon\"><span class=\"icon icon-images\"><img loading=\"lazy\" decoding=\"async\" src=\"https:\/\/prodistele.com\/fabres\/wp-content\/uploads\/2024\/04\/constitucion.jpg\" alt=\"constitucion\" title=\"constitucion\"  width=\"500\" height=\"333\"><\/span><\/span><\/a><\/div><div class=\"content-inner\"><div class=\"sc-heading\"><h2 class=\"heading__primary\"><a class=\"icon-box-link\" href=\"https:\/\/prodistele.com\/fabres\/quienes-somos-es\/constitucion-2\/\" target=\"_blank\" rel=\"nofollow\">Constituci\u00f3n y estatutos<\/a><\/h2><\/div><div class=\"desc-icon-box\"><div class=\"desc-content\">El \u00f3rgano de gobierno de la Fundaci\u00f3n es el PATRONATO:<br>\n<strong>Presidente:<\/strong> El Obispo de la Di\u00f3cesis de Salamanca.<br>\n<strong>Vicepresidente<\/strong>: El De\u00e1n de la Catedral de Salamanca.<br>\n<strong>Vocales:<\/strong>  <br>El Alcalde del Ayuntamiento de Salamanca.<br>\nEl Presidente de la Diputaci\u00f3n Provincial de Salamanca.<br>\nEl Rector de la Universidad de Salamanca.<br>\nUn Agricultor de la provincia de Salamanca.<br>\nUn representante de los Antiguos Alumnos de la Fundaci\u00f3n.<\/div><a class=\"smicon-read sc-btn\" href=\"https:\/\/prodistele.com\/fabres\/quienes-somos-es\/constitucion-2\/\" target=\"_blank\" rel=\"nofollow\">Leer m\u00e1s <i class=\"fa fa-chevron-right\"><\/i><\/a><\/div><\/div><\/div><\/div><\/div>\t\t<\/div>\n\t\t\t\t<\/div>\n\t\t\t\t<div class=\"elementor-element elementor-element-c8abd61 iconbox-text-left elementor-widget elementor-widget-thim-icon-box\" data-id=\"c8abd61\" data-element_type=\"widget\" data-widget_type=\"thim-icon-box.default\">\n\t\t\t\t<div class=\"elementor-widget-container\">\n\t\t\t<div class=\"thim-widget-icon-box\"><div class=\"wrapper-box-icon has_custom_image text-left \"><div class=\"smicon-box iconbox-left\"><div class=\"boxes-icon\"><a class=\"icon-box-link\" href=\"https:\/\/prodistele.com\/fabres\/quienes-somos-es\/centenario\/\" target=\"_blank\" rel=\"nofollow\"><span class=\"inner-icon\"><span class=\"icon icon-images\"><img loading=\"lazy\" decoding=\"async\" src=\"https:\/\/prodistele.com\/fabres\/wp-content\/uploads\/2024\/04\/vrf-historia.jpg\" alt=\"vrf-historia\" title=\"vrf-historia\"  width=\"500\" height=\"333\"><\/span><\/span><\/a><\/div><div class=\"content-inner\"><div class=\"sc-heading\"><h2 class=\"heading__primary\"><a class=\"icon-box-link\" href=\"https:\/\/prodistele.com\/fabres\/quienes-somos-es\/centenario\/\" target=\"_blank\" rel=\"nofollow\">Centenario<\/a><\/h2><\/div><div class=\"desc-icon-box\"><div class=\"desc-content\">El Patronato quiso conmemorar el Primer Centenario de la Fundaci\u00f3n \"Vicente Rodr\u00edguez Fabr\u00e9s\" mediante el desarrollo de este programa de actos para recordar la figura del fundador, fomentar el conocimiento de la Fundaci\u00f3n y as\u00ed contribuir a la promoci\u00f3n de su obra en todos sus fines.<\/div><a class=\"smicon-read sc-btn\" href=\"https:\/\/prodistele.com\/fabres\/quienes-somos-es\/centenario\/\" target=\"_blank\" rel=\"nofollow\">Leer m\u00e1s <i class=\"fa fa-chevron-right\"><\/i><\/a><\/div><\/div><\/div><\/div><\/div>\t\t<\/div>\n\t\t\t\t<\/div>\n\t\t\t\t<\/div>\n\t\t<div class=\"elementor-element elementor-element-96625a2 e-con-full e-con\" data-id=\"96625a2\" data-element_type=\"container\" data-settings=\"{&quot;content_width&quot;:&quot;full&quot;}\">\n\t\t\t\t<div class=\"elementor-element elementor-element-e3ce8c4 elementor-widget elementor-widget-thim-ekits-header-info\" data-id=\"e3ce8c4\" data-element_type=\"widget\" data-widget_type=\"thim-ekits-header-info.default\">\n\t\t\t\t<div class=\"elementor-widget-container\">\n\t\t\t\t\t<div class=\"header-info-swapper\">\n\t\t\t<ul class=\"thim-header-info\">\n\t\t\t\t\t\t\t\t\t\t<li>\n\t\t\t\t\t\t\t\t\t\t\t\t\t\t\t<a href=\"https:\/\/prodistele.com\/fabres\/quienes-somos-es\/\">\n\t\t\t\t\t\t\t\t\t\t\t\t\t\t\t\t\t\t\t\t\t\t\t\t\tQuienes somos?\t\t\t\t\t\t\t\t\t\t\t\t\t\t\t<\/a>\n\t\t\t\t\t\t\t\t\t\t\t\t\t<\/li>\n\t\t\t\t\t\t\t\t\t\t\t\t<li>\n\t\t\t\t\t\t\t\t\t\t\t\t\t\t\t<a href=\"https:\/\/prodistele.com\/fabres\/quienes-somos-es\/historia-es\/\">\n\t\t\t\t\t\t\t\t\t\t\t\t\t\t\t\t\t\t\t\t\t\t\t\t\tHistoria\t\t\t\t\t\t\t\t\t\t\t\t\t\t\t<\/a>\n\t\t\t\t\t\t\t\t\t\t\t\t\t<\/li>\n\t\t\t\t\t\t\t\t\t\t\t\t<li>\n\t\t\t\t\t\t\t\t\t\t\t\t\t\t\t<a href=\"https:\/\/prodistele.com\/fabres\/quienes-somos-es\/constitucion-2\/\">\n\t\t\t\t\t\t\t\t\t\t\t\t\t\t\t\t\t\t\t\t\t\t\t\t\tConstituci\u00f3n y estatutos\t\t\t\t\t\t\t\t\t\t\t\t\t\t\t<\/a>\n\t\t\t\t\t\t\t\t\t\t\t\t\t<\/li>\n\t\t\t\t\t\t\t\t\t\t\t\t<li>\n\t\t\t\t\t\t\t\t\t\t\t\t\t\t\t<a href=\"https:\/\/prodistele.com\/fabres\/quienes-somos-es\/centenario\/\">\n\t\t\t\t\t\t\t\t\t\t\t\t\t\t\t\t\t\t\t\t\t\t\t\t\tCentenario\t\t\t\t\t\t\t\t\t\t\t\t\t\t\t<\/a>\n\t\t\t\t\t\t\t\t\t\t\t\t\t<\/li>\n\t\t\t\t\t\t\t\t\t<\/ul>\n\t\t<\/div>\n\t\t\t\t<\/div>\n\t\t\t\t<\/div>\n\t\t\t\t<\/div>\n\t\t\t\t\t<\/div>\n\t\t\t\t<\/div>\n\t\t\t\t\t\t\t<\/div>\n\t\t","protected":false},"excerpt":{"rendered":"<p>La Fundaci\u00f3n Vicente Rodr\u00edguez Fabr\u00e9s es una instituci\u00f3n ben\u00e9fica sin \u00e1nimo de lucro constituida en 1914 que tiene entre sus fines la concesi\u00f3n de becas de residencia para cursar Educaci\u00f3n Secundaria Obligatoria, Formaci\u00f3n Profesional B\u00e1sica, Ciclos formativos de Grado Medio &hellip; <\/p>\n","protected":false},"author":1,"featured_media":0,"parent":0,"menu_order":0,"comment_status":"closed","ping_status":"closed","template":"","meta":{"inline_featured_image":false,"footnotes":""},"class_list":["post-15673","page","type-page","status-publish","hentry"],"_links":{"self":[{"href":"https:\/\/prodistele.com\/fabres\/wp-json\/wp\/v2\/pages\/15673","targetHints":{"allow":["GET"]}}],"collection":[{"href":"https:\/\/prodistele.com\/fabres\/wp-json\/wp\/v2\/pages"}],"about":[{"href":"https:\/\/prodistele.com\/fabres\/wp-json\/wp\/v2\/types\/page"}],"author":[{"embeddable":true,"href":"https:\/\/prodistele.com\/fabres\/wp-json\/wp\/v2\/users\/1"}],"replies":[{"embeddable":true,"href":"https:\/\/prodistele.com\/fabres\/wp-json\/wp\/v2\/comments?post=15673"}],"version-history":[{"count":45,"href":"https:\/\/prodistele.com\/fabres\/wp-json\/wp\/v2\/pages\/15673\/revisions"}],"predecessor-version":[{"id":17259,"href":"https:\/\/prodistele.com\/fabres\/wp-json\/wp\/v2\/pages\/15673\/revisions\/17259"}],"wp:attachment":[{"href":"https:\/\/prodistele.com\/fabres\/wp-json\/wp\/v2\/media?parent=15673"}],"curies":[{"name":"wp","href":"https:\/\/api.w.org\/{rel}","templated":true}]}}